{"id":929,"date":"2022-11-29T00:36:34","date_gmt":"2022-11-28T23:36:34","guid":{"rendered":"https:\/\/www.pizza-mongelli.com\/franchise\/?page_id=929"},"modified":"2022-11-29T00:36:34","modified_gmt":"2022-11-28T23:36:34","slug":"franchise-pizza-roubaix","status":"publish","type":"page","link":"https:\/\/www.pizza-mongelli.com\/franchise\/developpement\/franchise-pizza-roubaix\/","title":{"rendered":"Franchise Pizza Roubaix"},"content":{"rendered":"<p>[vc_row full_width=\u00a0\u00bbstretch_row\u00a0\u00bb el_class=\u00a0\u00bbintroPage\u00a0\u00bb css=\u00a0\u00bb.vc_custom_1616423406003{background-image: url(https:\/\/www.pizza-mongelli.com\/franchise\/wp-content\/uploads\/2021\/03\/Tournefeuille.png?id=210) !important;background-position: center !important;background-repeat: no-repeat !important;background-size: cover !important;}\u00a0\u00bb][vc_column][vc_column_text]<\/p>\n<h1 style=\"text-align: center;\">Franchise Pizza Roubaix &#8211; Pizza Mongelli<\/h1>\n<p>[\/vc_column_text][vc_empty_space][vc_column_text el_class=\u00a0\u00bbbreadcrumbs\u00a0\u00bb]<span><span><a href=\"https:\/\/www.pizza-mongelli.com\/franchise\/\">Accueil<\/a><\/span>[\/vc_column_text][\/vc_column][\/vc_row][vc_row full_width=\u00a0\u00bbstretch_row_content_no_spaces\u00a0\u00bb equal_height=\u00a0\u00bbyes\u00a0\u00bb content_placement=\u00a0\u00bbmiddle\u00a0\u00bb][vc_column css=\u00a0\u00bb.vc_custom_1620145062564{padding-right: 200px !important;padding-left: 200px !important;}\u00a0\u00bb el_class=\u00a0\u00bbreducePadding\u00a0\u00bb][vc_empty_space height=\u00a0\u00bb50px\u00a0\u00bb el_class=\u00a0\u00bbespace-vide-responsive\u00a0\u00bb]    <div class=\"mongelli-title dark-title center\">\n       \n            <div class=\"sousTitle\">Devenir Franchis\u00e9 - Pizzeria Mongelli <\/div>\n            <h2>\n                Ouvrir une pizz\u00e9ria Mongelli en Franchise \u00e0 Roubaix                <br\/>\n                            <\/h2>\n    <\/div>\n    [vc_empty_space height=\u00a0\u00bb50px\u00a0\u00bb el_class=\u00a0\u00bbespace-vide-responsive\u00a0\u00bb][vc_row_inner][vc_column_inner width=\u00a0\u00bb1\/12&Prime;][\/vc_column_inner][vc_column_inner width=\u00a0\u00bb1\/2&Prime;][vc_column_text]Pizza Mongelli travaille avec un r\u00e9seau de professionnels passionn\u00e9s par le travail bien fait et l&rsquo;univers de la pizza. La formule Mongelli vous propose de <strong>monter un restaurant avec un concept unique<\/strong> ayant d\u00e9j\u00e0 fait ses preuves et v\u00e9hiculant des valeurs fortes comme la qualit\u00e9 des produits, le travail d&rsquo;\u00e9quipe ou encore la mutualisation des forces dans un objectif commun de r\u00e9ussite.<\/p>\n<p>Grace \u00e0 une excellente formation sur le terrain et un suivi sur mesure et personnalis\u00e9 durant toute votre carri\u00e8re, Pizza Mongelli vous garanti un restaurant qui marche et p\u00e9renne dans le temps. Pr\u00eat \u00e0 rejoindre l&rsquo;aventure et \u00e0 <strong>ouvrir notre prochaine pizzeria \u00e0 Roubaix<\/strong> ? Contactez-nous ![\/vc_column_text][\/vc_column_inner][vc_column_inner width=\u00a0\u00bb5\/12&Prime;][vc_column_text]<\/p>\n<ul>\n<li>Ceux qui ont une belle personnalit\u00e9 et qui aiment les pizzas de qualit\u00e9 sont les franchis\u00e9s que nous cherchons.<\/li>\n<li>Nous sommes l\u00e0 pour nos r\u00e9cents franchis\u00e9s, de m\u00eame que pour ceux qui font conna\u00eetre notre famille depuis longtemps.<\/li>\n<\/ul>\n<p>[\/vc_column_text][\/vc_column_inner][\/vc_row_inner][vc_empty_space height=\u00a0\u00bb50px\u00a0\u00bb el_class=\u00a0\u00bbespace-vide-responsive\u00a0\u00bb][vc_row_inner][vc_column_inner width=\u00a0\u00bb1\/6&Prime;][\/vc_column_inner][vc_column_inner width=\u00a0\u00bb2\/3&Prime;][vc_column_text]<\/p>\n<h3 style=\"text-align: center;\">Notre objectif premier est de vous voir r\u00e9ussir votre franchise Pizza \u00e0 Roubaix !<\/h3>\n<p>[\/vc_column_text][\/vc_column_inner][vc_column_inner width=\u00a0\u00bb1\/6&Prime;][\/vc_column_inner][\/vc_row_inner][vc_empty_space height=\u00a0\u00bb50px\u00a0\u00bb el_class=\u00a0\u00bbespace-vide-responsive\u00a0\u00bb][vc_cta h2=\u00a0\u00bb\u00a0\u00bb h4=\u00a0\u00bbNotre franchise en quelques chiffres\u00a0\u00bb txt_align=\u00a0\u00bbcenter\u00a0\u00bb style=\u00a0\u00bbcustom\u00a0\u00bb add_button=\u00a0\u00bbbottom\u00a0\u00bb btn_title=\u00a0\u00bbEn savoir +\u00a0\u00bb btn_color=\u00a0\u00bbdefault\u00a0\u00bb btn_size=\u00a0\u00bbsm\u00a0\u00bb btn_align=\u00a0\u00bbcenter\u00a0\u00bb btn_link=\u00a0\u00bburl:https%3A%2F%2Fwww.pizza-mongelli.com%2Ffranchise%2Fdeveloppement%2F|title:En%20savoir%20plus\u00a0\u00bb custom_background=\u00a0\u00bb#51524a\u00a0\u00bb custom_text=\u00a0\u00bb#ffffff\u00a0\u00bb]<\/p>\n<p style=\"text-align: center; color: #fff;\">droits d\u2019entr\u00e9e, apport, personnel, investissement global, CA possible, retour sur investissements&#8230;<\/p>\n<p>[\/vc_cta][vc_empty_space el_class=\u00a0\u00bbespace-vide-responsive\u00a0\u00bb][\/vc_column][\/vc_row][vc_row full_width=\u00a0\u00bbstretch_row_content_no_spaces\u00a0\u00bb equal_height=\u00a0\u00bbyes\u00a0\u00bb content_placement=\u00a0\u00bbmiddle\u00a0\u00bb][vc_column width=\u00a0\u00bb1\/2&Prime; css=\u00a0\u00bb.vc_custom_1632988056096{padding-right: 150px !important;padding-left: 150px !important;background-color: #51524a !important;}\u00a0\u00bb el_class=\u00a0\u00bbreducePadding\u00a0\u00bb][vc_empty_space height=\u00a0\u00bb180px\u00a0\u00bb el_class=\u00a0\u00bbespace-vide-responsive\u00a0\u00bb]    <div class=\"mongelli-title  center\">\n       \n            <div class=\"sousTitle\"> <\/div>\n            <h2>\n                Ouverture d\u2019une franchise de pizza Mongelli \u00e0 Roubaix                <br\/>\n                            <\/h2>\n    <\/div>\n    [vc_empty_space el_class=\u00a0\u00bbespace-vide-responsive\u00a0\u00bb][vc_column_text el_class=\u00a0\u00bbtext-white\u00a0\u00bb]Pizza Mongelli vous offre l&rsquo;opportunit\u00e9 d&rsquo;int\u00e9grer son r\u00e9seau de franchise et d&rsquo;\u00eatre \u00e0 la t\u00eate de fa\u00e7on totalement ind\u00e9pendante de votre propre restaurant tout en b\u00e9n\u00e9ficiant des avantages de la franchise : concept cl\u00e9 en main, exp\u00e9rience des autres restaurants franchis\u00e9s, retour sur investissement rapide, conseils et aide d&rsquo;experts, formation compl\u00e8te\u2026<\/p>\n<p><strong>Pour ouvrir la premi\u00e8re pizzeria Mongeli \u00e0 Roubaix dans les Hauts-de-France, prenez contact avec nous !\u00a0<\/strong>[\/vc_column_text][vc_empty_space height=\u00a0\u00bb180px\u00a0\u00bb el_class=\u00a0\u00bbespace-vide-responsive\u00a0\u00bb][\/vc_column][vc_column width=\u00a0\u00bb1\/2&Prime; css=\u00a0\u00bb.vc_custom_1616424004643{background-image: url(https:\/\/www.pizza-mongelli.com\/franchise\/wp-content\/uploads\/2021\/03\/DSC_9943.png?id=224) !important;background-position: center !important;background-repeat: no-repeat !important;background-size: cover !important;}\u00a0\u00bb][vc_empty_space height=\u00a0\u00bb350px\u00a0\u00bb][\/vc_column][\/vc_row][vc_row full_width=\u00a0\u00bbstretch_row_content_no_spaces\u00a0\u00bb equal_height=\u00a0\u00bbyes\u00a0\u00bb rtl_reverse=\u00a0\u00bbyes\u00a0\u00bb content_placement=\u00a0\u00bbmiddle\u00a0\u00bb el_class=\u00a0\u00bbreverseMob\u00a0\u00bb][vc_column width=\u00a0\u00bb1\/2&Prime; css=\u00a0\u00bb.vc_custom_1627510817978{background-image: url(https:\/\/www.pizza-mongelli.com\/franchise\/wp-content\/uploads\/2021\/04\/pizza_divers.jpg?id=562) !important;background-position: center !important;background-repeat: no-repeat !important;background-size: cover !important;}\u00a0\u00bb][vc_empty_space height=\u00a0\u00bb350px\u00a0\u00bb][\/vc_column][vc_column width=\u00a0\u00bb1\/2&Prime; css=\u00a0\u00bb.vc_custom_1632988048189{padding-right: 150px !important;padding-left: 150px !important;background-position: center !important;background-repeat: no-repeat !important;background-size: cover !important;}\u00a0\u00bb el_class=\u00a0\u00bbreducePadding\u00a0\u00bb][vc_empty_space height=\u00a0\u00bb180px\u00a0\u00bb el_class=\u00a0\u00bbespace-vide-responsive\u00a0\u00bb]    <div class=\"mongelli-title dark-title center\">\n       \n            <div class=\"sousTitle\"> <\/div>\n            <h2>\n                Une \u00e9quipe soud\u00e9e pour vous aider \u00e0 ouvrir une franchise pizza \u00e0 Roubaix                <br\/>\n                            <\/h2>\n    <\/div>\n    [vc_empty_space el_class=\u00a0\u00bbespace-vide-responsive\u00a0\u00bb][vc_column_text]Lorsque vous vous lancez dans l&rsquo;<strong>ouverture d&rsquo;un restaurant pizzeria en franchise<\/strong>, vous ne serez pas seul puisque notre \u00e9quipe se mobilise aupr\u00e8s de vous afin de vous accompagner dans votre r\u00e9ussite professionnelle :<\/p>\n<ul>\n<li>Pinin-Guiseppe et Eva Mongelli ; fondateurs et g\u00e9rants<\/li>\n<li>L\u2019\u00e9quipe de la franchise Pizza Mongelli :\n<ul>\n<li>Carlotta Mongelli ; Responsable du r\u00e9seau franchis\u00e9<\/li>\n<li>Camilla Mongelli ; responsable marketing et produits<\/li>\n<li>Les formateurs en points de vente Mongelli<\/li>\n<\/ul>\n<\/li>\n<\/ul>\n<p><span style=\"text-decoration: underline;\"><strong>Le petit + de la franchise Pizza Mongelli :<\/strong> <\/span><\/p>\n<ul>\n<li>Une formation de 3 mois sur site et sur le terrain vous sera dispensez pour maitrise tous les aspects de chaque fonction de la pizzeria Mongelli et la gestion d&rsquo;un \u00e9tablissement.<\/li>\n<li>Notre leader de d\u00e9veloppement du r\u00e9seau de franchise vous conseillera pour d\u00e9nicher un solide emplacement et un local adapt\u00e9 \u00e0 vos besoins.<\/li>\n<li>Vous participerez a des conventions annuelles qui sont une bonne occasion de nous retrouver pour partager nos exp\u00e9riences, parfaire notre savoir unique et \u00e9changer sur des id\u00e9es nouvelles. Ensembles, nous sommes les ambassadeurs de la franchise pizza Mongelli !<\/li>\n<\/ul>\n<p>[\/vc_column_text][vc_empty_space el_class=\u00a0\u00bbespace-vide-responsive\u00a0\u00bb][vc_column_text]<\/p>\n<h3 style=\"text-align: center; margin: 0;\">Notre franchise vous s\u00e9duit\u00a0?<\/h3>\n<h3 style=\"text-align: center; margin: 0;\">Contactez-nous\u00a0!<\/h3>\n<p>[\/vc_column_text][vc_empty_space height=\u00a0\u00bb180px\u00a0\u00bb el_class=\u00a0\u00bbespace-vide-responsive\u00a0\u00bb][\/vc_column][\/vc_row][vc_row full_width=\u00a0\u00bbstretch_row\u00a0\u00bb content_placement=\u00a0\u00bbmiddle\u00a0\u00bb css=\u00a0\u00bb.vc_custom_1627512329962{padding-top: 100px !important;padding-bottom: 80px !important;background-color: #d99484 !important;}\u00a0\u00bb][vc_column][vc_column_text el_class=\u00a0\u00bbtext-white\u00a0\u00bb]<\/p>\n<h2 style=\"text-align: center;\">Ouvrez la prochaine pizz\u00e9ria Mongelli en franchise \u00e0 Roubaix<\/h2>\n<h3 style=\"text-align: center;\">Lancez-vous\u00a0!<\/h3>\n<p>[\/vc_column_text][vc_empty_space height=\u00a0\u00bb50px\u00a0\u00bb el_class=\u00a0\u00bbespace-vide-responsive\u00a0\u00bb]    <div class=\"mongelli-button-rounded center\">\n        <a class=\" btn-mongelli-rounded-marron\" href=\"ps:\/\/www.pizza-mongelli.com\/franchise\/je-deviens-franchise\/\" title=\"Je me renseigne\" >Je me renseigne<\/a>    <\/div>\n    [\/vc_column][\/vc_row]<\/p>\n","protected":false},"excerpt":{"rendered":"<p>[vc_row full_width=\u00a0\u00bbstretch_row\u00a0\u00bb el_class=\u00a0\u00bbintroPage\u00a0\u00bb css=\u00a0\u00bb.vc_custom_1616423406003{background-image: url(https:\/\/www.pizza-mongelli.com\/franchise\/wp-content\/uploads\/2021\/03\/Tournefeuille.png?id=210) !important;background-position: center !important;background-repeat: no-repeat !important;background-size: cover !important;}\u00a0\u00bb][vc_column][vc_column_text] Franchise Pizza Roubaix &#8211; Pizza Mongelli [\/vc_column_text][vc_empty_space][vc_column_text el_class=\u00a0\u00bbbreadcrumbs\u00a0\u00bb][\/vc_column_text][\/vc_column][\/vc_row][vc_row&#8230;<\/p>\n","protected":false},"author":4,"featured_media":562,"parent":494,"menu_order":0,"comment_status":"closed","ping_status":"closed","template":"","meta":{"_monsterinsights_skip_tracking":false,"_monsterinsights_sitenote_active":false,"_monsterinsights_sitenote_note":"","_monsterinsights_sitenote_category":0,"footnotes":""},"tags":[],"class_list":["post-929","page","type-page","status-publish","has-post-thumbnail","hentry"],"yoast_head":"<!-- This site is optimized with the Yoast SEO plugin v16.4 - https:\/\/yoast.com\/wordpress\/plugins\/seo\/ -->\n<title>Franchise Pizza \u00e0 Roubaix - Ouvrez votre pizzeria Mongelli \u00e0 Roubaix<\/title>\n<meta name=\"description\" content=\"Ouvrez votre franchise de pizza \u00e0 Roubaix et int\u00e9grez Pizza Mongelli. \u00c0 nos c\u00f4t\u00e9s, cr\u00e9ez une franchise pizzeria \u00e0 Roubaix.\" \/>\n<meta name=\"robots\" content=\"index, follow, max-snippet:-1, max-image-preview:large, max-video-preview:-1\" \/>\n<link rel=\"canonical\" href=\"https:\/\/www.pizza-mongelli.com\/franchise\/developpement\/franchise-pizza-roubaix\/\" \/>\n<meta property=\"og:locale\" content=\"fr_FR\" \/>\n<meta property=\"og:type\" content=\"article\" \/>\n<meta property=\"og:title\" content=\"Franchise Pizza \u00e0 Roubaix - Ouvrez votre pizzeria Mongelli \u00e0 Roubaix\" \/>\n<meta property=\"og:description\" content=\"Ouvrez votre franchise de pizza \u00e0 Roubaix et int\u00e9grez Pizza Mongelli. \u00c0 nos c\u00f4t\u00e9s, cr\u00e9ez une franchise pizzeria \u00e0 Roubaix.\" \/>\n<meta property=\"og:url\" content=\"https:\/\/www.pizza-mongelli.com\/franchise\/developpement\/franchise-pizza-roubaix\/\" \/>\n<meta property=\"og:site_name\" content=\"Pizza Mongelli\" \/>\n<meta property=\"og:image\" content=\"https:\/\/www.pizza-mongelli.com\/franchise\/wp-content\/uploads\/2021\/04\/pizza_divers.jpg\" \/>\n\t<meta property=\"og:image:width\" content=\"453\" \/>\n\t<meta property=\"og:image:height\" content=\"662\" \/>\n<meta name=\"twitter:card\" content=\"summary_large_image\" \/>\n<meta name=\"twitter:label1\" content=\"Dur\u00e9e de lecture est.\" \/>\n\t<meta name=\"twitter:data1\" content=\"3 minutes\" \/>\n<script type=\"application\/ld+json\" class=\"yoast-schema-graph\">{\"@context\":\"https:\/\/schema.org\",\"@graph\":[{\"@type\":\"WebSite\",\"@id\":\"https:\/\/www.pizza-mongelli.com\/franchise\/#website\",\"url\":\"https:\/\/www.pizza-mongelli.com\/franchise\/\",\"name\":\"Pizza Mongelli\",\"description\":\"\",\"potentialAction\":[{\"@type\":\"SearchAction\",\"target\":\"https:\/\/www.pizza-mongelli.com\/franchise\/?s={search_term_string}\",\"query-input\":\"required name=search_term_string\"}],\"inLanguage\":\"fr-FR\"},{\"@type\":\"ImageObject\",\"@id\":\"https:\/\/www.pizza-mongelli.com\/franchise\/developpement\/franchise-pizza-roubaix\/#primaryimage\",\"inLanguage\":\"fr-FR\",\"url\":\"https:\/\/www.pizza-mongelli.com\/franchise\/wp-content\/uploads\/2021\/04\/pizza_divers.jpg\",\"contentUrl\":\"https:\/\/www.pizza-mongelli.com\/franchise\/wp-content\/uploads\/2021\/04\/pizza_divers.jpg\",\"width\":453,\"height\":662},{\"@type\":\"WebPage\",\"@id\":\"https:\/\/www.pizza-mongelli.com\/franchise\/developpement\/franchise-pizza-roubaix\/#webpage\",\"url\":\"https:\/\/www.pizza-mongelli.com\/franchise\/developpement\/franchise-pizza-roubaix\/\",\"name\":\"Franchise Pizza \\u00e0 Roubaix - Ouvrez votre pizzeria Mongelli \\u00e0 Roubaix\",\"isPartOf\":{\"@id\":\"https:\/\/www.pizza-mongelli.com\/franchise\/#website\"},\"primaryImageOfPage\":{\"@id\":\"https:\/\/www.pizza-mongelli.com\/franchise\/developpement\/franchise-pizza-roubaix\/#primaryimage\"},\"datePublished\":\"2022-11-28T23:36:34+00:00\",\"dateModified\":\"2022-11-28T23:36:34+00:00\",\"description\":\"Ouvrez votre franchise de pizza \\u00e0 Roubaix et int\\u00e9grez Pizza Mongelli. \\u00c0 nos c\\u00f4t\\u00e9s, cr\\u00e9ez une franchise pizzeria \\u00e0 Roubaix.\",\"breadcrumb\":{\"@id\":\"https:\/\/www.pizza-mongelli.com\/franchise\/developpement\/franchise-pizza-roubaix\/#breadcrumb\"},\"inLanguage\":\"fr-FR\",\"potentialAction\":[{\"@type\":\"ReadAction\",\"target\":[\"https:\/\/www.pizza-mongelli.com\/franchise\/developpement\/franchise-pizza-roubaix\/\"]}]},{\"@type\":\"BreadcrumbList\",\"@id\":\"https:\/\/www.pizza-mongelli.com\/franchise\/developpement\/franchise-pizza-roubaix\/#breadcrumb\",\"itemListElement\":[{\"@type\":\"ListItem\",\"position\":1,\"item\":{\"@type\":\"WebPage\",\"@id\":\"https:\/\/www.pizza-mongelli.com\/franchise\/\",\"url\":\"https:\/\/www.pizza-mongelli.com\/franchise\/\",\"name\":\"Accueil\"}},{\"@type\":\"ListItem\",\"position\":2,\"item\":{\"@type\":\"WebPage\",\"@id\":\"https:\/\/www.pizza-mongelli.com\/franchise\/developpement\/\",\"url\":\"https:\/\/www.pizza-mongelli.com\/franchise\/developpement\/\",\"name\":\"D\\u00e9veloppement\"}},{\"@type\":\"ListItem\",\"position\":3,\"item\":{\"@id\":\"https:\/\/www.pizza-mongelli.com\/franchise\/developpement\/franchise-pizza-roubaix\/#webpage\"}}]}]}<\/script>\n<!-- \/ Yoast SEO plugin. -->","_links":{"self":[{"href":"https:\/\/www.pizza-mongelli.com\/franchise\/wp-json\/wp\/v2\/pages\/929","targetHints":{"allow":["GET"]}}],"collection":[{"href":"https:\/\/www.pizza-mongelli.com\/franchise\/wp-json\/wp\/v2\/pages"}],"about":[{"href":"https:\/\/www.pizza-mongelli.com\/franchise\/wp-json\/wp\/v2\/types\/page"}],"author":[{"embeddable":true,"href":"https:\/\/www.pizza-mongelli.com\/franchise\/wp-json\/wp\/v2\/users\/4"}],"replies":[{"embeddable":true,"href":"https:\/\/www.pizza-mongelli.com\/franchise\/wp-json\/wp\/v2\/comments?post=929"}],"version-history":[{"count":1,"href":"https:\/\/www.pizza-mongelli.com\/franchise\/wp-json\/wp\/v2\/pages\/929\/revisions"}],"predecessor-version":[{"id":935,"href":"https:\/\/www.pizza-mongelli.com\/franchise\/wp-json\/wp\/v2\/pages\/929\/revisions\/935"}],"up":[{"embeddable":true,"href":"https:\/\/www.pizza-mongelli.com\/franchise\/wp-json\/wp\/v2\/pages\/494"}],"wp:featuredmedia":[{"embeddable":true,"href":"https:\/\/www.pizza-mongelli.com\/franchise\/wp-json\/wp\/v2\/media\/562"}],"wp:attachment":[{"href":"https:\/\/www.pizza-mongelli.com\/franchise\/wp-json\/wp\/v2\/media?parent=929"}],"wp:term":[{"taxonomy":"post_tag","embeddable":true,"href":"https:\/\/www.pizza-mongelli.com\/franchise\/wp-json\/wp\/v2\/tags?post=929"}],"curies":[{"name":"wp","href":"https:\/\/api.w.org\/{rel}","templated":true}]}}