{"id":928,"date":"2022-11-29T00:55:46","date_gmt":"2022-11-28T23:55:46","guid":{"rendered":"https:\/\/www.pizza-mongelli.com\/franchise\/?page_id=928"},"modified":"2022-11-29T00:55:46","modified_gmt":"2022-11-28T23:55:46","slug":"franchise-pizza-narbonne","status":"publish","type":"page","link":"https:\/\/www.pizza-mongelli.com\/franchise\/developpement\/franchise-pizza-narbonne\/","title":{"rendered":"Franchise Pizza Narbonne"},"content":{"rendered":"<p>[vc_row full_width=\u00a0\u00bbstretch_row\u00a0\u00bb el_class=\u00a0\u00bbintroPage\u00a0\u00bb css=\u00a0\u00bb.vc_custom_1616423406003{background-image: url(https:\/\/www.pizza-mongelli.com\/franchise\/wp-content\/uploads\/2021\/03\/Tournefeuille.png?id=210) !important;background-position: center !important;background-repeat: no-repeat !important;background-size: cover !important;}\u00a0\u00bb][vc_column][vc_column_text]<\/p>\n<h1 style=\"text-align: center;\">Franchise Pizza Narbonne &#8211; Pizza Mongelli<\/h1>\n<p>[\/vc_column_text][vc_empty_space][vc_column_text el_class=\u00a0\u00bbbreadcrumbs\u00a0\u00bb]<span><span><a href=\"https:\/\/www.pizza-mongelli.com\/franchise\/\">Accueil<\/a><\/span>[\/vc_column_text][\/vc_column][\/vc_row][vc_row full_width=\u00a0\u00bbstretch_row_content_no_spaces\u00a0\u00bb equal_height=\u00a0\u00bbyes\u00a0\u00bb content_placement=\u00a0\u00bbmiddle\u00a0\u00bb][vc_column css=\u00a0\u00bb.vc_custom_1620145062564{padding-right: 200px !important;padding-left: 200px !important;}\u00a0\u00bb el_class=\u00a0\u00bbreducePadding\u00a0\u00bb][vc_empty_space height=\u00a0\u00bb50px\u00a0\u00bb el_class=\u00a0\u00bbespace-vide-responsive\u00a0\u00bb]    <div class=\"mongelli-title dark-title center\">\n       \n            <div class=\"sousTitle\">Devenir Franchis\u00e9 - Pizzeria Mongelli <\/div>\n            <h2>\n                Ouvrir une franchise de pizza \u00e0 Narbonne avec Mongelli                <br\/>\n                            <\/h2>\n    <\/div>\n    [vc_empty_space height=\u00a0\u00bb50px\u00a0\u00bb el_class=\u00a0\u00bbespace-vide-responsive\u00a0\u00bb][vc_row_inner][vc_column_inner width=\u00a0\u00bb1\/12&Prime;][\/vc_column_inner][vc_column_inner width=\u00a0\u00bb1\/2&Prime;][vc_column_text]<strong>\u00catre franchis\u00e9 de la Pizza Mongelli<\/strong> c&rsquo;est \u00eatre chef d\u2019entreprise d\u2019une enseigne reconnue et travailler avec un r\u00e9seau de professionnels qui \u00e9prouvent la m\u00eame ardeur pour le travail bien fait, la qualit\u00e9 des produits et des restaurants ainsi que la mutualisation des comp\u00e9tences pour un objectif commun de r\u00e9ussite et du d\u00e9veloppement de l&rsquo;enseigne Mongelli sur le territoire Fran\u00e7ais et dans le d\u00e9partement de l&rsquo;Aude.[\/vc_column_text][\/vc_column_inner][vc_column_inner width=\u00a0\u00bb5\/12&Prime;][vc_column_text]<\/p>\n<ul>\n<li>Nous travaillons avec de belles valeurs d&rsquo;implication et d&rsquo;exigence.<\/li>\n<li>Que vous soyez nouveau franchis\u00e9 ou que vous repr\u00e9sentiez notre marque depuis des lustres, nous sommes en permanence accessibles pour vous.<\/li>\n<\/ul>\n<p>[\/vc_column_text][\/vc_column_inner][\/vc_row_inner][vc_empty_space height=\u00a0\u00bb50px\u00a0\u00bb el_class=\u00a0\u00bbespace-vide-responsive\u00a0\u00bb][vc_row_inner][vc_column_inner width=\u00a0\u00bb1\/6&Prime;][\/vc_column_inner][vc_column_inner width=\u00a0\u00bb2\/3&Prime;][vc_column_text]<\/p>\n<h3 style=\"text-align: center;\">Notre mission principale est de d\u00e9velopper avec vous une franchise \u00e0 Narbonne dans le respect de nos vertus<\/h3>\n<p>[\/vc_column_text][\/vc_column_inner][vc_column_inner width=\u00a0\u00bb1\/6&Prime;][\/vc_column_inner][\/vc_row_inner][vc_empty_space height=\u00a0\u00bb50px\u00a0\u00bb el_class=\u00a0\u00bbespace-vide-responsive\u00a0\u00bb][vc_cta h2=\u00a0\u00bb\u00a0\u00bb h4=\u00a0\u00bbNotre franchise en quelques chiffres\u00a0\u00bb txt_align=\u00a0\u00bbcenter\u00a0\u00bb style=\u00a0\u00bbcustom\u00a0\u00bb add_button=\u00a0\u00bbbottom\u00a0\u00bb btn_title=\u00a0\u00bbEn savoir +\u00a0\u00bb btn_color=\u00a0\u00bbdefault\u00a0\u00bb btn_size=\u00a0\u00bbsm\u00a0\u00bb btn_align=\u00a0\u00bbcenter\u00a0\u00bb btn_link=\u00a0\u00bburl:https%3A%2F%2Fwww.pizza-mongelli.com%2Ffranchise%2Fdeveloppement%2F|title:En%20savoir%20plus\u00a0\u00bb custom_background=\u00a0\u00bb#51524a\u00a0\u00bb custom_text=\u00a0\u00bb#ffffff\u00a0\u00bb]<\/p>\n<p style=\"text-align: center; color: #fff;\">droits d\u2019entr\u00e9e, apport, personnel, investissement global, CA possible, retour sur investissements&#8230;<\/p>\n<p>[\/vc_cta][vc_empty_space el_class=\u00a0\u00bbespace-vide-responsive\u00a0\u00bb][\/vc_column][\/vc_row][vc_row full_width=\u00a0\u00bbstretch_row_content_no_spaces\u00a0\u00bb equal_height=\u00a0\u00bbyes\u00a0\u00bb content_placement=\u00a0\u00bbmiddle\u00a0\u00bb][vc_column width=\u00a0\u00bb1\/2&Prime; css=\u00a0\u00bb.vc_custom_1632988056096{padding-right: 150px !important;padding-left: 150px !important;background-color: #51524a !important;}\u00a0\u00bb el_class=\u00a0\u00bbreducePadding\u00a0\u00bb][vc_empty_space height=\u00a0\u00bb180px\u00a0\u00bb el_class=\u00a0\u00bbespace-vide-responsive\u00a0\u00bb]    <div class=\"mongelli-title  center\">\n       \n            <div class=\"sousTitle\"> <\/div>\n            <h2>\n                Ouverture d\u2019une pizzeria Mongelli en franchise \u00e0 Narbonne                <br\/>\n                            <\/h2>\n    <\/div>\n    [vc_empty_space el_class=\u00a0\u00bbespace-vide-responsive\u00a0\u00bb][vc_column_text el_class=\u00a0\u00bbtext-white\u00a0\u00bb]Avec plus de 50 000 habitants \u00e0 l&rsquo;ann\u00e9e et sa haute fr\u00e9quentation en p\u00e9riode de vacances, Narbonne ville et Narbonne plage sont les lieux parfaits pour ouvrir une pizzeria Mongelli.<\/p>\n<p><strong>D\u00e9velopper l&rsquo;enseigne Mongelli dans le d\u00e9partement du 11<\/strong>, c&rsquo;est faire le choix d&rsquo;int\u00e9grer une \u00e9quipe de franchis\u00e9s qui s&rsquo;appuie sur une technique \u00e9prouv\u00e9e, et qui revendique une ma\u00eetrise traditionnelle pour servir une client\u00e8le exigeante. Qualit\u00e9 des produits et des \u00e9quipements, solidarit\u00e9 et esprit d&rsquo;\u00e9quipe, autonomie et ind\u00e9pendance\u2026 vous souhaitez <strong>ouvrir une franchise de pizza \u00e0 Narbonne<\/strong> ? Contactez notre \u00e9quipe ![\/vc_column_text][vc_empty_space height=\u00a0\u00bb180px\u00a0\u00bb el_class=\u00a0\u00bbespace-vide-responsive\u00a0\u00bb][\/vc_column][vc_column width=\u00a0\u00bb1\/2&Prime; css=\u00a0\u00bb.vc_custom_1616424004643{background-image: url(https:\/\/www.pizza-mongelli.com\/franchise\/wp-content\/uploads\/2021\/03\/DSC_9943.png?id=224) !important;background-position: center !important;background-repeat: no-repeat !important;background-size: cover !important;}\u00a0\u00bb][vc_empty_space height=\u00a0\u00bb350px\u00a0\u00bb][\/vc_column][\/vc_row][vc_row full_width=\u00a0\u00bbstretch_row_content_no_spaces\u00a0\u00bb equal_height=\u00a0\u00bbyes\u00a0\u00bb rtl_reverse=\u00a0\u00bbyes\u00a0\u00bb content_placement=\u00a0\u00bbmiddle\u00a0\u00bb el_class=\u00a0\u00bbreverseMob\u00a0\u00bb][vc_column width=\u00a0\u00bb1\/2&Prime; css=\u00a0\u00bb.vc_custom_1627510817978{background-image: url(https:\/\/www.pizza-mongelli.com\/franchise\/wp-content\/uploads\/2021\/04\/pizza_divers.jpg?id=562) !important;background-position: center !important;background-repeat: no-repeat !important;background-size: cover !important;}\u00a0\u00bb][vc_empty_space height=\u00a0\u00bb350px\u00a0\u00bb][\/vc_column][vc_column width=\u00a0\u00bb1\/2&Prime; css=\u00a0\u00bb.vc_custom_1632988048189{padding-right: 150px !important;padding-left: 150px !important;background-position: center !important;background-repeat: no-repeat !important;background-size: cover !important;}\u00a0\u00bb el_class=\u00a0\u00bbreducePadding\u00a0\u00bb][vc_empty_space height=\u00a0\u00bb180px\u00a0\u00bb el_class=\u00a0\u00bbespace-vide-responsive\u00a0\u00bb]    <div class=\"mongelli-title dark-title center\">\n       \n            <div class=\"sousTitle\"> <\/div>\n            <h2>\n                Un accompagnement sur mesure pour le lancement de votre franchise de pizza \u00e0 Narbonne                <br\/>\n                            <\/h2>\n    <\/div>\n    [vc_empty_space el_class=\u00a0\u00bbespace-vide-responsive\u00a0\u00bb][vc_column_text]Indispensable \u00e0 la r\u00e9ussite de votre franchise pizza, notre \u00e9quipe vous soutient tout au long de votre contrat\u00a0:<\/p>\n<ul>\n<li>Pinin-Guiseppe et Eva Mongelli ; pionniers, g\u00e9rants et infiniment gourmands !<\/li>\n<li>L\u2019\u00e9quipe de la franchise Pizza Mongelli :\n<ul>\n<li>Carlotta Mongelli ; Responsable du r\u00e9seau franchis\u00e9<\/li>\n<li>Camilla Mongelli ; charg\u00e9e du marketing<\/li>\n<li>Animateurs r\u00e9seau et technique<\/li>\n<\/ul>\n<\/li>\n<\/ul>\n<p><span style=\"text-decoration: underline;\"><strong>Pour toute ouverture d&rsquo;une franchise de pizzeria Mongelli \u00e0 Narbonne b\u00e9n\u00e9ficiez :\u00a0<\/strong><\/span><\/p>\n<ul>\n<li>Longue formation de 3 mois sur site pour <strong>les nouveaux franchis\u00e9s Pizza Mongelli<\/strong><\/li>\n<li>Aide et assistance pour le choix et l\u2019am\u00e9nagement de votre local commercial par notre responsable du d\u00e9veloppement de notre r\u00e9seau de franchis\u00e9s. Obteniez \u00e9galement des conseils sur l&rsquo;am\u00e9nagement et la d\u00e9coration de votre local.<\/li>\n<li>Accompagnement sur place lors de l\u2019ouverture de votre pizzeria<\/li>\n<li>Soutien et \u00e9changes tout au long de l\u2019ann\u00e9e avec votre animateur de r\u00e9seau.<\/li>\n<li>Conventions annuelles, retours d\u2019exp\u00e9riences et formation continue.<\/li>\n<\/ul>\n<p>[\/vc_column_text][vc_empty_space el_class=\u00a0\u00bbespace-vide-responsive\u00a0\u00bb][vc_column_text]<\/p>\n<h3 style=\"text-align: center; margin: 0;\">Notre franchise vous s\u00e9duit\u00a0?<\/h3>\n<h3 style=\"text-align: center; margin: 0;\">Contactez-nous\u00a0!<\/h3>\n<p>[\/vc_column_text][vc_empty_space height=\u00a0\u00bb180px\u00a0\u00bb el_class=\u00a0\u00bbespace-vide-responsive\u00a0\u00bb][\/vc_column][\/vc_row][vc_row full_width=\u00a0\u00bbstretch_row\u00a0\u00bb content_placement=\u00a0\u00bbmiddle\u00a0\u00bb css=\u00a0\u00bb.vc_custom_1627512329962{padding-top: 100px !important;padding-bottom: 80px !important;background-color: #d99484 !important;}\u00a0\u00bb][vc_column][vc_column_text el_class=\u00a0\u00bbtext-white\u00a0\u00bb]<\/p>\n<h2 style=\"text-align: center;\">G\u00e9rez votre propre pizzeria franchis\u00e9 Mongelli \u00e0 Narbonne (11)<\/h2>\n<h3 style=\"text-align: center;\">Choisissez la famille Mongelli pour votre franchise pizza !<\/h3>\n<p>[\/vc_column_text][vc_empty_space height=\u00a0\u00bb50px\u00a0\u00bb el_class=\u00a0\u00bbespace-vide-responsive\u00a0\u00bb]    <div class=\"mongelli-button-rounded center\">\n        <a class=\" btn-mongelli-rounded-marron\" href=\"ps:\/\/www.pizza-mongelli.com\/franchise\/je-deviens-franchise\/\" title=\"Je me renseigne\" >Je me renseigne<\/a>    <\/div>\n    [\/vc_column][\/vc_row]<\/p>\n","protected":false},"excerpt":{"rendered":"<p>[vc_row full_width=\u00a0\u00bbstretch_row\u00a0\u00bb el_class=\u00a0\u00bbintroPage\u00a0\u00bb css=\u00a0\u00bb.vc_custom_1616423406003{background-image: url(https:\/\/www.pizza-mongelli.com\/franchise\/wp-content\/uploads\/2021\/03\/Tournefeuille.png?id=210) !important;background-position: center !important;background-repeat: no-repeat !important;background-size: cover !important;}\u00a0\u00bb][vc_column][vc_column_text] Franchise Pizza Narbonne &#8211; Pizza Mongelli [\/vc_column_text][vc_empty_space][vc_column_text el_class=\u00a0\u00bbbreadcrumbs\u00a0\u00bb][\/vc_column_text][\/vc_column][\/vc_row][vc_row&#8230;<\/p>\n","protected":false},"author":4,"featured_media":562,"parent":494,"menu_order":0,"comment_status":"closed","ping_status":"closed","template":"","meta":{"_monsterinsights_skip_tracking":false,"_monsterinsights_sitenote_active":false,"_monsterinsights_sitenote_note":"","_monsterinsights_sitenote_category":0,"footnotes":""},"tags":[],"class_list":["post-928","page","type-page","status-publish","has-post-thumbnail","hentry"],"yoast_head":"<!-- This site is optimized with the Yoast SEO plugin v16.4 - https:\/\/yoast.com\/wordpress\/plugins\/seo\/ -->\n<title>Franchise Pizza \u00e0 Narbonne - Ouvrez votre pizzeria Mongelli \u00e0 Narbonne<\/title>\n<meta name=\"description\" content=\"Ouvrez votre franchise de pizza \u00e0 Narbonne (11) et int\u00e9grez Pizza Mongelli. \u00c0 nos c\u00f4t\u00e9s, cr\u00e9ez une franchise pizzeria \u00e0 dans l&#039;Aude.\" \/>\n<meta name=\"robots\" content=\"index, follow, max-snippet:-1, max-image-preview:large, max-video-preview:-1\" \/>\n<link rel=\"canonical\" href=\"https:\/\/www.pizza-mongelli.com\/franchise\/developpement\/franchise-pizza-narbonne\/\" \/>\n<meta property=\"og:locale\" content=\"fr_FR\" \/>\n<meta property=\"og:type\" content=\"article\" \/>\n<meta property=\"og:title\" content=\"Franchise Pizza \u00e0 Narbonne - Ouvrez votre pizzeria Mongelli \u00e0 Narbonne\" \/>\n<meta property=\"og:description\" content=\"Ouvrez votre franchise de pizza \u00e0 Narbonne (11) et int\u00e9grez Pizza Mongelli. \u00c0 nos c\u00f4t\u00e9s, cr\u00e9ez une franchise pizzeria \u00e0 dans l&#039;Aude.\" \/>\n<meta property=\"og:url\" content=\"https:\/\/www.pizza-mongelli.com\/franchise\/developpement\/franchise-pizza-narbonne\/\" \/>\n<meta property=\"og:site_name\" content=\"Pizza Mongelli\" \/>\n<meta property=\"og:image\" content=\"https:\/\/www.pizza-mongelli.com\/franchise\/wp-content\/uploads\/2021\/04\/pizza_divers.jpg\" \/>\n\t<meta property=\"og:image:width\" content=\"453\" \/>\n\t<meta property=\"og:image:height\" content=\"662\" \/>\n<meta name=\"twitter:card\" content=\"summary_large_image\" \/>\n<meta name=\"twitter:label1\" content=\"Dur\u00e9e de lecture est.\" \/>\n\t<meta name=\"twitter:data1\" content=\"3 minutes\" \/>\n<script type=\"application\/ld+json\" class=\"yoast-schema-graph\">{\"@context\":\"https:\/\/schema.org\",\"@graph\":[{\"@type\":\"WebSite\",\"@id\":\"https:\/\/www.pizza-mongelli.com\/franchise\/#website\",\"url\":\"https:\/\/www.pizza-mongelli.com\/franchise\/\",\"name\":\"Pizza Mongelli\",\"description\":\"\",\"potentialAction\":[{\"@type\":\"SearchAction\",\"target\":\"https:\/\/www.pizza-mongelli.com\/franchise\/?s={search_term_string}\",\"query-input\":\"required name=search_term_string\"}],\"inLanguage\":\"fr-FR\"},{\"@type\":\"ImageObject\",\"@id\":\"https:\/\/www.pizza-mongelli.com\/franchise\/developpement\/franchise-pizza-narbonne\/#primaryimage\",\"inLanguage\":\"fr-FR\",\"url\":\"https:\/\/www.pizza-mongelli.com\/franchise\/wp-content\/uploads\/2021\/04\/pizza_divers.jpg\",\"contentUrl\":\"https:\/\/www.pizza-mongelli.com\/franchise\/wp-content\/uploads\/2021\/04\/pizza_divers.jpg\",\"width\":453,\"height\":662},{\"@type\":\"WebPage\",\"@id\":\"https:\/\/www.pizza-mongelli.com\/franchise\/developpement\/franchise-pizza-narbonne\/#webpage\",\"url\":\"https:\/\/www.pizza-mongelli.com\/franchise\/developpement\/franchise-pizza-narbonne\/\",\"name\":\"Franchise Pizza \\u00e0 Narbonne - Ouvrez votre pizzeria Mongelli \\u00e0 Narbonne\",\"isPartOf\":{\"@id\":\"https:\/\/www.pizza-mongelli.com\/franchise\/#website\"},\"primaryImageOfPage\":{\"@id\":\"https:\/\/www.pizza-mongelli.com\/franchise\/developpement\/franchise-pizza-narbonne\/#primaryimage\"},\"datePublished\":\"2022-11-28T23:55:46+00:00\",\"dateModified\":\"2022-11-28T23:55:46+00:00\",\"description\":\"Ouvrez votre franchise de pizza \\u00e0 Narbonne (11) et int\\u00e9grez Pizza Mongelli. \\u00c0 nos c\\u00f4t\\u00e9s, cr\\u00e9ez une franchise pizzeria \\u00e0 dans l'Aude.\",\"breadcrumb\":{\"@id\":\"https:\/\/www.pizza-mongelli.com\/franchise\/developpement\/franchise-pizza-narbonne\/#breadcrumb\"},\"inLanguage\":\"fr-FR\",\"potentialAction\":[{\"@type\":\"ReadAction\",\"target\":[\"https:\/\/www.pizza-mongelli.com\/franchise\/developpement\/franchise-pizza-narbonne\/\"]}]},{\"@type\":\"BreadcrumbList\",\"@id\":\"https:\/\/www.pizza-mongelli.com\/franchise\/developpement\/franchise-pizza-narbonne\/#breadcrumb\",\"itemListElement\":[{\"@type\":\"ListItem\",\"position\":1,\"item\":{\"@type\":\"WebPage\",\"@id\":\"https:\/\/www.pizza-mongelli.com\/franchise\/\",\"url\":\"https:\/\/www.pizza-mongelli.com\/franchise\/\",\"name\":\"Accueil\"}},{\"@type\":\"ListItem\",\"position\":2,\"item\":{\"@type\":\"WebPage\",\"@id\":\"https:\/\/www.pizza-mongelli.com\/franchise\/developpement\/\",\"url\":\"https:\/\/www.pizza-mongelli.com\/franchise\/developpement\/\",\"name\":\"D\\u00e9veloppement\"}},{\"@type\":\"ListItem\",\"position\":3,\"item\":{\"@id\":\"https:\/\/www.pizza-mongelli.com\/franchise\/developpement\/franchise-pizza-narbonne\/#webpage\"}}]}]}<\/script>\n<!-- \/ Yoast SEO plugin. -->","_links":{"self":[{"href":"https:\/\/www.pizza-mongelli.com\/franchise\/wp-json\/wp\/v2\/pages\/928","targetHints":{"allow":["GET"]}}],"collection":[{"href":"https:\/\/www.pizza-mongelli.com\/franchise\/wp-json\/wp\/v2\/pages"}],"about":[{"href":"https:\/\/www.pizza-mongelli.com\/franchise\/wp-json\/wp\/v2\/types\/page"}],"author":[{"embeddable":true,"href":"https:\/\/www.pizza-mongelli.com\/franchise\/wp-json\/wp\/v2\/users\/4"}],"replies":[{"embeddable":true,"href":"https:\/\/www.pizza-mongelli.com\/franchise\/wp-json\/wp\/v2\/comments?post=928"}],"version-history":[{"count":1,"href":"https:\/\/www.pizza-mongelli.com\/franchise\/wp-json\/wp\/v2\/pages\/928\/revisions"}],"predecessor-version":[{"id":936,"href":"https:\/\/www.pizza-mongelli.com\/franchise\/wp-json\/wp\/v2\/pages\/928\/revisions\/936"}],"up":[{"embeddable":true,"href":"https:\/\/www.pizza-mongelli.com\/franchise\/wp-json\/wp\/v2\/pages\/494"}],"wp:featuredmedia":[{"embeddable":true,"href":"https:\/\/www.pizza-mongelli.com\/franchise\/wp-json\/wp\/v2\/media\/562"}],"wp:attachment":[{"href":"https:\/\/www.pizza-mongelli.com\/franchise\/wp-json\/wp\/v2\/media?parent=928"}],"wp:term":[{"taxonomy":"post_tag","embeddable":true,"href":"https:\/\/www.pizza-mongelli.com\/franchise\/wp-json\/wp\/v2\/tags?post=928"}],"curies":[{"name":"wp","href":"https:\/\/api.w.org\/{rel}","templated":true}]}}