{"id":919,"date":"2022-11-28T19:53:38","date_gmt":"2022-11-28T18:53:38","guid":{"rendered":"https:\/\/www.pizza-mongelli.com\/franchise\/?page_id=919"},"modified":"2022-11-28T19:53:38","modified_gmt":"2022-11-28T18:53:38","slug":"franchise-pizza-metz","status":"publish","type":"page","link":"https:\/\/www.pizza-mongelli.com\/franchise\/developpement\/franchise-pizza-metz\/","title":{"rendered":"Franchise Pizza Metz"},"content":{"rendered":"<p>[vc_row full_width=\u00a0\u00bbstretch_row\u00a0\u00bb el_class=\u00a0\u00bbintroPage\u00a0\u00bb css=\u00a0\u00bb.vc_custom_1616423406003{background-image: url(https:\/\/www.pizza-mongelli.com\/franchise\/wp-content\/uploads\/2021\/03\/Tournefeuille.png?id=210) !important;background-position: center !important;background-repeat: no-repeat !important;background-size: cover !important;}\u00a0\u00bb][vc_column][vc_column_text]<\/p>\n<h1 style=\"text-align: center;\">Franchise Pizza Metz &#8211; Pizza Mongelli<\/h1>\n<p>[\/vc_column_text][vc_empty_space][vc_column_text el_class=\u00a0\u00bbbreadcrumbs\u00a0\u00bb]<span><span><a href=\"https:\/\/www.pizza-mongelli.com\/franchise\/\">Accueil<\/a><\/span>[\/vc_column_text][\/vc_column][\/vc_row][vc_row full_width=\u00a0\u00bbstretch_row_content_no_spaces\u00a0\u00bb equal_height=\u00a0\u00bbyes\u00a0\u00bb content_placement=\u00a0\u00bbmiddle\u00a0\u00bb][vc_column css=\u00a0\u00bb.vc_custom_1620145062564{padding-right: 200px !important;padding-left: 200px !important;}\u00a0\u00bb el_class=\u00a0\u00bbreducePadding\u00a0\u00bb][vc_empty_space height=\u00a0\u00bb50px\u00a0\u00bb el_class=\u00a0\u00bbespace-vide-responsive\u00a0\u00bb]    <div class=\"mongelli-title dark-title center\">\n       \n            <div class=\"sousTitle\">Devenir Franchis\u00e9 - Pizzeria Mongelli <\/div>\n            <h2>\n                Ouvrir une pizzeria Mongelli en Franchise \u00e0 Metz                <br\/>\n                            <\/h2>\n    <\/div>\n    [vc_empty_space height=\u00a0\u00bb50px\u00a0\u00bb el_class=\u00a0\u00bbespace-vide-responsive\u00a0\u00bb][vc_row_inner][vc_column_inner width=\u00a0\u00bb1\/12&Prime;][\/vc_column_inner][vc_column_inner width=\u00a0\u00bb1\/2&Prime;][vc_column_text]<strong>Avoir une franchise de pizza Mongelli \u00e0 Metz<\/strong>, c&rsquo;est <strong>ouvrir un restaurant de pizza<\/strong> authentique qui travaille uniquement avec des produits de qualit\u00e9 au service d&rsquo;une client\u00e8le exigeante.<\/p>\n<p><strong>Devenir franchis\u00e9<\/strong> Pizza Mongelli, c&rsquo;est vivre une exp\u00e9rience enrichissante aux c\u00f4t\u00e9s d&rsquo;un r\u00e9seau de professionnels qui \u00e9prouvent la m\u00eame ferveur pour un travail de qualit\u00e9, l&rsquo;amour du contact, du partage et de la bonne cuisine ainsi que l&rsquo;envie de d\u00e9velopper le concept unique de Mongelli dans le Grand Est.[\/vc_column_text][\/vc_column_inner][vc_column_inner width=\u00a0\u00bb5\/12&Prime;][vc_column_text]<\/p>\n<ul>\n<li>Nous appr\u00e9cions les postulants avec une \u00e2me d&rsquo;entrepreneurs, volontaires et qui sont amateurs de pizzas authentiques.<\/li>\n<li>Une \u00e9quipe d&rsquo;experts de la restauration sont pr\u00e9sents pour tous nos franchis\u00e9s, nouveaux comme anciens, afin de fournir tous les \u00e9l\u00e9ments techniques et le savoir-faire de Mongelli pour devenir rapidement autonomes et apprendre \u00e0 g\u00e9rer un restaurant de fa\u00e7on p\u00e9renne.<\/li>\n<\/ul>\n<p>[\/vc_column_text][\/vc_column_inner][\/vc_row_inner][vc_empty_space height=\u00a0\u00bb50px\u00a0\u00bb el_class=\u00a0\u00bbespace-vide-responsive\u00a0\u00bb][vc_row_inner][vc_column_inner width=\u00a0\u00bb1\/6&Prime;][\/vc_column_inner][vc_column_inner width=\u00a0\u00bb2\/3&Prime;][vc_column_text]<\/p>\n<h3>Faire de votre franchise de pizza \u00e0 Metz un succ\u00e8s extraordinaire !<\/h3>\n<p>[\/vc_column_text][\/vc_column_inner][vc_column_inner width=\u00a0\u00bb1\/6&Prime;][\/vc_column_inner][\/vc_row_inner][vc_empty_space height=\u00a0\u00bb50px\u00a0\u00bb el_class=\u00a0\u00bbespace-vide-responsive\u00a0\u00bb][vc_cta h2=\u00a0\u00bb\u00a0\u00bb h4=\u00a0\u00bbNotre franchise en quelques chiffres\u00a0\u00bb txt_align=\u00a0\u00bbcenter\u00a0\u00bb style=\u00a0\u00bbcustom\u00a0\u00bb add_button=\u00a0\u00bbbottom\u00a0\u00bb btn_title=\u00a0\u00bbEn savoir +\u00a0\u00bb btn_color=\u00a0\u00bbdefault\u00a0\u00bb btn_size=\u00a0\u00bbsm\u00a0\u00bb btn_align=\u00a0\u00bbcenter\u00a0\u00bb btn_link=\u00a0\u00bburl:https%3A%2F%2Fwww.pizza-mongelli.com%2Ffranchise%2Fdeveloppement%2F|title:En%20savoir%20plus\u00a0\u00bb custom_background=\u00a0\u00bb#51524a\u00a0\u00bb custom_text=\u00a0\u00bb#ffffff\u00a0\u00bb]<\/p>\n<p style=\"text-align: center; color: #fff;\">droits d\u2019entr\u00e9e, apport, personnel, investissement global, CA possible, retour sur investissements&#8230;<\/p>\n<p>[\/vc_cta][vc_empty_space el_class=\u00a0\u00bbespace-vide-responsive\u00a0\u00bb][\/vc_column][\/vc_row][vc_row full_width=\u00a0\u00bbstretch_row_content_no_spaces\u00a0\u00bb equal_height=\u00a0\u00bbyes\u00a0\u00bb content_placement=\u00a0\u00bbmiddle\u00a0\u00bb][vc_column width=\u00a0\u00bb1\/2&Prime; css=\u00a0\u00bb.vc_custom_1632988056096{padding-right: 150px !important;padding-left: 150px !important;background-color: #51524a !important;}\u00a0\u00bb el_class=\u00a0\u00bbreducePadding\u00a0\u00bb][vc_empty_space height=\u00a0\u00bb180px\u00a0\u00bb el_class=\u00a0\u00bbespace-vide-responsive\u00a0\u00bb]    <div class=\"mongelli-title  center\">\n       \n            <div class=\"sousTitle\"> <\/div>\n            <h2>\n                Ouvrir une franchise de pizza Mongelli \u00e0 Metz                 <br\/>\n                            <\/h2>\n    <\/div>\n    [vc_empty_space el_class=\u00a0\u00bbespace-vide-responsive\u00a0\u00bb][vc_column_text el_class=\u00a0\u00bbtext-white\u00a0\u00bb]Pizza Mongelli est \u00e0 la recherche de nouveaux talents pour agrandir notre famille et d\u00e9velopper notre concept \u00e0 succ\u00e8s sur le territoire Fran\u00e7ais. Avec un peu de moins de 200 000 habitants, Metz repr\u00e9sente une opportunit\u00e9 formidable d&rsquo;<strong>implanter un nouveau restaurant Mongelli dans le d\u00e9partement de la Moselle<\/strong>.<\/p>\n<p style=\"text-align: left;\">Rejoindre notre <strong>r\u00e9seau de franchise de pizza<\/strong>, c&rsquo;est appartenir \u00e0 une grande famille qui partage les m\u00eames valeurs de travail, qui appr\u00e9cient le contact client, cuisiner des pizzas de qualit\u00e9 faites \u00e0 partir des meilleures farines et ingr\u00e9dients frais, sans OGM.<\/p>\n<p style=\"text-align: center;\">Une franchise pizza Mongelli va s\u2019ouvrir prochainement \u00e0 Metz et soyez notre premier chef d&rsquo;entreprise de la r\u00e9gion Lorraine ! Le concept de franchise pizza Mongelli vous int\u00e9resse ? Lancez vous et prenez contact avec nous !<\/p>\n<p>[\/vc_column_text][vc_empty_space height=\u00a0\u00bb180px\u00a0\u00bb el_class=\u00a0\u00bbespace-vide-responsive\u00a0\u00bb][\/vc_column][vc_column width=\u00a0\u00bb1\/2&Prime; css=\u00a0\u00bb.vc_custom_1616424004643{background-image: url(https:\/\/www.pizza-mongelli.com\/franchise\/wp-content\/uploads\/2021\/03\/DSC_9943.png?id=224) !important;background-position: center !important;background-repeat: no-repeat !important;background-size: cover !important;}\u00a0\u00bb][vc_empty_space height=\u00a0\u00bb350px\u00a0\u00bb][\/vc_column][\/vc_row][vc_row full_width=\u00a0\u00bbstretch_row_content_no_spaces\u00a0\u00bb equal_height=\u00a0\u00bbyes\u00a0\u00bb rtl_reverse=\u00a0\u00bbyes\u00a0\u00bb content_placement=\u00a0\u00bbmiddle\u00a0\u00bb el_class=\u00a0\u00bbreverseMob\u00a0\u00bb][vc_column width=\u00a0\u00bb1\/2&Prime; css=\u00a0\u00bb.vc_custom_1627510817978{background-image: url(https:\/\/www.pizza-mongelli.com\/franchise\/wp-content\/uploads\/2021\/04\/pizza_divers.jpg?id=562) !important;background-position: center !important;background-repeat: no-repeat !important;background-size: cover !important;}\u00a0\u00bb][vc_empty_space height=\u00a0\u00bb350px\u00a0\u00bb][\/vc_column][vc_column width=\u00a0\u00bb1\/2&Prime; css=\u00a0\u00bb.vc_custom_1632988048189{padding-right: 150px !important;padding-left: 150px !important;background-position: center !important;background-repeat: no-repeat !important;background-size: cover !important;}\u00a0\u00bb el_class=\u00a0\u00bbreducePadding\u00a0\u00bb][vc_empty_space height=\u00a0\u00bb180px\u00a0\u00bb el_class=\u00a0\u00bbespace-vide-responsive\u00a0\u00bb]    <div class=\"mongelli-title dark-title center\">\n       \n            <div class=\"sousTitle\"> <\/div>\n            <h2>\n                Comment se passe l'accompagnement et le suivi de nos franchises pizza \u00e0 Metz ?                <br\/>\n                            <\/h2>\n    <\/div>\n    [vc_empty_space el_class=\u00a0\u00bbespace-vide-responsive\u00a0\u00bb][vc_column_text]Chez Pizza Mongelli nous vous garantissons le succ\u00e8s de votre \u00e9tablissement gr\u00e2ce \u00e0 notre suivi et accompagnement\u00a0privil\u00e9gi\u00e9 tout au long de votre parcours au sein de notre entreprise. Une v\u00e9ritable \u00e9quipe se mobilise aupr\u00e8s de vous :<\/p>\n<ul>\n<li>Pinin-Guiseppe et Eva Mongelli ; les fondateurs &amp; g\u00e9rants de la marque Mongelli<\/li>\n<li>L\u2019\u00e9quipe de la\u00a0<strong>franchise pizza Mongelli<\/strong>\u00a0:\n<ul>\n<li>Carlotta Mongelli ; Responsable du r\u00e9seau franchis\u00e9<\/li>\n<li>Camilla Mongelli ; charg\u00e9e du marketing<\/li>\n<li>L\u2019\u00e9quipe de formateurs en points de vente, unie pour vous.<\/li>\n<\/ul>\n<\/li>\n<\/ul>\n<p>Ouvrir une franchise de pizza \u00e0 Metz vous donne droit \u00e0 :<\/p>\n<ul>\n<li>Une formation de 3 mois sur le terrain afin de vous faire connaitre tous les aspects du travail dans une pizzeria Mongelli et la gestion d&rsquo;un restaurant.<\/li>\n<li>Un accompagnement dans la recherche de votre futur local. En effet, notre sp\u00e9cialiste en d\u00e9veloppement des franchises pizza Mongelli peut vous aider \u00e0 choisir l&#8217;emplacement et votre futur commerce.<\/li>\n<li>Lors de l&rsquo;ouverture du restaurant, toute notre \u00e9quipe sera pr\u00e9sente afin de vous fournir de pr\u00e9cieux conseils pour la suite de votre aventure aupr\u00e8s de Mongelli.<\/li>\n<li>Au lancement de votre restaurant et tout au long de l\u2019ann\u00e9e vous \u00eates bien s\u00fbr suivis par notre animateur de r\u00e9seau.<\/li>\n<\/ul>\n<p>[\/vc_column_text][vc_empty_space el_class=\u00a0\u00bbespace-vide-responsive\u00a0\u00bb][vc_column_text]<\/p>\n<h3 style=\"text-align: center; margin: 0;\">Notre franchise vous s\u00e9duit\u00a0?<\/h3>\n<h3 style=\"text-align: center; margin: 0;\">Contactez-nous\u00a0!<\/h3>\n<p>[\/vc_column_text][vc_empty_space height=\u00a0\u00bb180px\u00a0\u00bb el_class=\u00a0\u00bbespace-vide-responsive\u00a0\u00bb][\/vc_column][\/vc_row][vc_row full_width=\u00a0\u00bbstretch_row\u00a0\u00bb content_placement=\u00a0\u00bbmiddle\u00a0\u00bb css=\u00a0\u00bb.vc_custom_1627512329962{padding-top: 100px !important;padding-bottom: 80px !important;background-color: #d99484 !important;}\u00a0\u00bb][vc_column][vc_column_text el_class=\u00a0\u00bbtext-white\u00a0\u00bb]<\/p>\n<h2 style=\"text-align: center;\">Ouvrez votre future pizzeria Mongelli \u00e0 Metz<\/h2>\n<h3 style=\"text-align: center;\">Vous aussi, faites le choix de la franchise Pizza Mongelli !<\/h3>\n<p>[\/vc_column_text][vc_empty_space height=\u00a0\u00bb50px\u00a0\u00bb el_class=\u00a0\u00bbespace-vide-responsive\u00a0\u00bb]    <div class=\"mongelli-button-rounded center\">\n        <a class=\" btn-mongelli-rounded-marron\" href=\"ps:\/\/www.pizza-mongelli.com\/franchise\/je-deviens-franchise\/\" title=\"Je me renseigne\" >Je me renseigne<\/a>    <\/div>\n    [\/vc_column][\/vc_row]<\/p>\n","protected":false},"excerpt":{"rendered":"<p>[vc_row full_width=\u00a0\u00bbstretch_row\u00a0\u00bb el_class=\u00a0\u00bbintroPage\u00a0\u00bb css=\u00a0\u00bb.vc_custom_1616423406003{background-image: url(https:\/\/www.pizza-mongelli.com\/franchise\/wp-content\/uploads\/2021\/03\/Tournefeuille.png?id=210) !important;background-position: center !important;background-repeat: no-repeat !important;background-size: cover !important;}\u00a0\u00bb][vc_column][vc_column_text] Franchise Pizza Metz &#8211; Pizza Mongelli [\/vc_column_text][vc_empty_space][vc_column_text el_class=\u00a0\u00bbbreadcrumbs\u00a0\u00bb][\/vc_column_text][\/vc_column][\/vc_row][vc_row&#8230;<\/p>\n","protected":false},"author":4,"featured_media":562,"parent":494,"menu_order":0,"comment_status":"closed","ping_status":"closed","template":"","meta":{"_monsterinsights_skip_tracking":false,"_monsterinsights_sitenote_active":false,"_monsterinsights_sitenote_note":"","_monsterinsights_sitenote_category":0,"footnotes":""},"tags":[],"class_list":["post-919","page","type-page","status-publish","has-post-thumbnail","hentry"],"yoast_head":"<!-- This site is optimized with the Yoast SEO plugin v16.4 - https:\/\/yoast.com\/wordpress\/plugins\/seo\/ -->\n<title>Franchise Pizza \u00e0 Metz - Ouvrez votre pizzeria Mongelli \u00e0 Metz<\/title>\n<meta name=\"description\" content=\"Ouvrez votre franchise de pizza \u00e0 Metz et int\u00e9grez Pizza Mongelli. \u00c0 nos c\u00f4t\u00e9s, cr\u00e9ez une franchise pizzeria \u00e0 Metz.\" \/>\n<meta name=\"robots\" content=\"index, follow, max-snippet:-1, max-image-preview:large, max-video-preview:-1\" \/>\n<link rel=\"canonical\" href=\"https:\/\/www.pizza-mongelli.com\/franchise\/developpement\/franchise-pizza-metz\/\" \/>\n<meta property=\"og:locale\" content=\"fr_FR\" \/>\n<meta property=\"og:type\" content=\"article\" \/>\n<meta property=\"og:title\" content=\"Franchise Pizza \u00e0 Metz - Ouvrez votre pizzeria Mongelli \u00e0 Metz\" \/>\n<meta property=\"og:description\" content=\"Ouvrez votre franchise de pizza \u00e0 Metz et int\u00e9grez Pizza Mongelli. \u00c0 nos c\u00f4t\u00e9s, cr\u00e9ez une franchise pizzeria \u00e0 Metz.\" \/>\n<meta property=\"og:url\" content=\"https:\/\/www.pizza-mongelli.com\/franchise\/developpement\/franchise-pizza-metz\/\" \/>\n<meta property=\"og:site_name\" content=\"Pizza Mongelli\" \/>\n<meta property=\"og:image\" content=\"https:\/\/www.pizza-mongelli.com\/franchise\/wp-content\/uploads\/2021\/04\/pizza_divers.jpg\" \/>\n\t<meta property=\"og:image:width\" content=\"453\" \/>\n\t<meta property=\"og:image:height\" content=\"662\" \/>\n<meta name=\"twitter:card\" content=\"summary_large_image\" \/>\n<meta name=\"twitter:label1\" content=\"Dur\u00e9e de lecture est.\" \/>\n\t<meta name=\"twitter:data1\" content=\"3 minutes\" \/>\n<script type=\"application\/ld+json\" class=\"yoast-schema-graph\">{\"@context\":\"https:\/\/schema.org\",\"@graph\":[{\"@type\":\"WebSite\",\"@id\":\"https:\/\/www.pizza-mongelli.com\/franchise\/#website\",\"url\":\"https:\/\/www.pizza-mongelli.com\/franchise\/\",\"name\":\"Pizza Mongelli\",\"description\":\"\",\"potentialAction\":[{\"@type\":\"SearchAction\",\"target\":\"https:\/\/www.pizza-mongelli.com\/franchise\/?s={search_term_string}\",\"query-input\":\"required name=search_term_string\"}],\"inLanguage\":\"fr-FR\"},{\"@type\":\"ImageObject\",\"@id\":\"https:\/\/www.pizza-mongelli.com\/franchise\/developpement\/franchise-pizza-metz\/#primaryimage\",\"inLanguage\":\"fr-FR\",\"url\":\"https:\/\/www.pizza-mongelli.com\/franchise\/wp-content\/uploads\/2021\/04\/pizza_divers.jpg\",\"contentUrl\":\"https:\/\/www.pizza-mongelli.com\/franchise\/wp-content\/uploads\/2021\/04\/pizza_divers.jpg\",\"width\":453,\"height\":662},{\"@type\":\"WebPage\",\"@id\":\"https:\/\/www.pizza-mongelli.com\/franchise\/developpement\/franchise-pizza-metz\/#webpage\",\"url\":\"https:\/\/www.pizza-mongelli.com\/franchise\/developpement\/franchise-pizza-metz\/\",\"name\":\"Franchise Pizza \\u00e0 Metz - Ouvrez votre pizzeria Mongelli \\u00e0 Metz\",\"isPartOf\":{\"@id\":\"https:\/\/www.pizza-mongelli.com\/franchise\/#website\"},\"primaryImageOfPage\":{\"@id\":\"https:\/\/www.pizza-mongelli.com\/franchise\/developpement\/franchise-pizza-metz\/#primaryimage\"},\"datePublished\":\"2022-11-28T18:53:38+00:00\",\"dateModified\":\"2022-11-28T18:53:38+00:00\",\"description\":\"Ouvrez votre franchise de pizza \\u00e0 Metz et int\\u00e9grez Pizza Mongelli. \\u00c0 nos c\\u00f4t\\u00e9s, cr\\u00e9ez une franchise pizzeria \\u00e0 Metz.\",\"breadcrumb\":{\"@id\":\"https:\/\/www.pizza-mongelli.com\/franchise\/developpement\/franchise-pizza-metz\/#breadcrumb\"},\"inLanguage\":\"fr-FR\",\"potentialAction\":[{\"@type\":\"ReadAction\",\"target\":[\"https:\/\/www.pizza-mongelli.com\/franchise\/developpement\/franchise-pizza-metz\/\"]}]},{\"@type\":\"BreadcrumbList\",\"@id\":\"https:\/\/www.pizza-mongelli.com\/franchise\/developpement\/franchise-pizza-metz\/#breadcrumb\",\"itemListElement\":[{\"@type\":\"ListItem\",\"position\":1,\"item\":{\"@type\":\"WebPage\",\"@id\":\"https:\/\/www.pizza-mongelli.com\/franchise\/\",\"url\":\"https:\/\/www.pizza-mongelli.com\/franchise\/\",\"name\":\"Accueil\"}},{\"@type\":\"ListItem\",\"position\":2,\"item\":{\"@type\":\"WebPage\",\"@id\":\"https:\/\/www.pizza-mongelli.com\/franchise\/developpement\/\",\"url\":\"https:\/\/www.pizza-mongelli.com\/franchise\/developpement\/\",\"name\":\"D\\u00e9veloppement\"}},{\"@type\":\"ListItem\",\"position\":3,\"item\":{\"@id\":\"https:\/\/www.pizza-mongelli.com\/franchise\/developpement\/franchise-pizza-metz\/#webpage\"}}]}]}<\/script>\n<!-- \/ Yoast SEO plugin. -->","_links":{"self":[{"href":"https:\/\/www.pizza-mongelli.com\/franchise\/wp-json\/wp\/v2\/pages\/919","targetHints":{"allow":["GET"]}}],"collection":[{"href":"https:\/\/www.pizza-mongelli.com\/franchise\/wp-json\/wp\/v2\/pages"}],"about":[{"href":"https:\/\/www.pizza-mongelli.com\/franchise\/wp-json\/wp\/v2\/types\/page"}],"author":[{"embeddable":true,"href":"https:\/\/www.pizza-mongelli.com\/franchise\/wp-json\/wp\/v2\/users\/4"}],"replies":[{"embeddable":true,"href":"https:\/\/www.pizza-mongelli.com\/franchise\/wp-json\/wp\/v2\/comments?post=919"}],"version-history":[{"count":1,"href":"https:\/\/www.pizza-mongelli.com\/franchise\/wp-json\/wp\/v2\/pages\/919\/revisions"}],"predecessor-version":[{"id":920,"href":"https:\/\/www.pizza-mongelli.com\/franchise\/wp-json\/wp\/v2\/pages\/919\/revisions\/920"}],"up":[{"embeddable":true,"href":"https:\/\/www.pizza-mongelli.com\/franchise\/wp-json\/wp\/v2\/pages\/494"}],"wp:featuredmedia":[{"embeddable":true,"href":"https:\/\/www.pizza-mongelli.com\/franchise\/wp-json\/wp\/v2\/media\/562"}],"wp:attachment":[{"href":"https:\/\/www.pizza-mongelli.com\/franchise\/wp-json\/wp\/v2\/media?parent=919"}],"wp:term":[{"taxonomy":"post_tag","embeddable":true,"href":"https:\/\/www.pizza-mongelli.com\/franchise\/wp-json\/wp\/v2\/tags?post=919"}],"curies":[{"name":"wp","href":"https:\/\/api.w.org\/{rel}","templated":true}]}}