{"id":898,"date":"2022-11-28T14:17:39","date_gmt":"2022-11-28T13:17:39","guid":{"rendered":"https:\/\/www.pizza-mongelli.com\/franchise\/?page_id=898"},"modified":"2022-11-28T14:17:47","modified_gmt":"2022-11-28T13:17:47","slug":"franchise-pizza-le-havre","status":"publish","type":"page","link":"https:\/\/www.pizza-mongelli.com\/franchise\/developpement\/franchise-pizza-le-havre\/","title":{"rendered":"Franchise Pizza Le Havre"},"content":{"rendered":"<p>[vc_row full_width=\u00a0\u00bbstretch_row\u00a0\u00bb el_class=\u00a0\u00bbintroPage\u00a0\u00bb css=\u00a0\u00bb.vc_custom_1616423406003{background-image: url(https:\/\/www.pizza-mongelli.com\/franchise\/wp-content\/uploads\/2021\/03\/Tournefeuille.png?id=210) !important;background-position: center !important;background-repeat: no-repeat !important;background-size: cover !important;}\u00a0\u00bb][vc_column][vc_column_text]<\/p>\n<h1 style=\"text-align: center;\">Franchise Pizza Le Havre &#8211; Pizza Mongelli<\/h1>\n<p>[\/vc_column_text][vc_empty_space][vc_column_text el_class=\u00a0\u00bbbreadcrumbs\u00a0\u00bb]<span><span><a href=\"https:\/\/www.pizza-mongelli.com\/franchise\/\">Accueil<\/a><\/span>[\/vc_column_text][\/vc_column][\/vc_row][vc_row full_width=\u00a0\u00bbstretch_row_content_no_spaces\u00a0\u00bb equal_height=\u00a0\u00bbyes\u00a0\u00bb content_placement=\u00a0\u00bbmiddle\u00a0\u00bb][vc_column css=\u00a0\u00bb.vc_custom_1620145062564{padding-right: 200px !important;padding-left: 200px !important;}\u00a0\u00bb el_class=\u00a0\u00bbreducePadding\u00a0\u00bb][vc_empty_space height=\u00a0\u00bb50px\u00a0\u00bb el_class=\u00a0\u00bbespace-vide-responsive\u00a0\u00bb]    <div class=\"mongelli-title dark-title center\">\n       \n            <div class=\"sousTitle\">Devenir Franchis\u00e9 - Pizzeria Mongelli <\/div>\n            <h2>\n                Ouvrir une pizz\u00e9ria Mongelli en Franchise au Havre                <br\/>\n                            <\/h2>\n    <\/div>\n    [vc_empty_space height=\u00a0\u00bb50px\u00a0\u00bb el_class=\u00a0\u00bbespace-vide-responsive\u00a0\u00bb][vc_row_inner][vc_column_inner width=\u00a0\u00bb1\/12&Prime;][\/vc_column_inner][vc_column_inner width=\u00a0\u00bb1\/2&Prime;][vc_column_text]<strong>Ouvrir une pizzeria Mongelli en franchise dans le nord-ouest de la France<\/strong> est une exp\u00e9rience passionnante ! Rejoignez une \u00e9quipe soud\u00e9e et une grande famille d&rsquo;entrepreneurs motiv\u00e9s qui \u00e9prouvent le m\u00eame int\u00e9r\u00eat pour la cuisine et la pizza, les produits frais et de qualit\u00e9, le concept de Mongelli et l&rsquo;envie de r\u00e9ussir.[\/vc_column_text][\/vc_column_inner][vc_column_inner width=\u00a0\u00bb5\/12&Prime;][vc_column_text]<\/p>\n<ul>\n<li>Chez Mongelli, nous promouvons le travail, l&rsquo;implication et l&rsquo;exigence et ce sont des qualit\u00e9s que nous recherchons aupr\u00e8s de nos<strong> futurs franchis\u00e9s<\/strong>.<\/li>\n<li>Pour vous accompagner dans votre r\u00e9ussite, nous apportons en permanence notre aide aux jeunes et aux anciens franchis\u00e9s qui repr\u00e9sentent notre entreprise.<\/li>\n<\/ul>\n<p>[\/vc_column_text][\/vc_column_inner][\/vc_row_inner][vc_empty_space height=\u00a0\u00bb50px\u00a0\u00bb el_class=\u00a0\u00bbespace-vide-responsive\u00a0\u00bb][vc_row_inner][vc_column_inner width=\u00a0\u00bb1\/6&Prime;][\/vc_column_inner][vc_column_inner width=\u00a0\u00bb2\/3&Prime;][vc_column_text]<\/p>\n<h3 style=\"text-align: center;\">Partageons notre savoir-faire culinaire et notre envie de r\u00e9ussir !<\/h3>\n<p>[\/vc_column_text][\/vc_column_inner][vc_column_inner width=\u00a0\u00bb1\/6&Prime;][\/vc_column_inner][\/vc_row_inner][vc_empty_space height=\u00a0\u00bb50px\u00a0\u00bb el_class=\u00a0\u00bbespace-vide-responsive\u00a0\u00bb][vc_cta h2=\u00a0\u00bb\u00a0\u00bb h4=\u00a0\u00bbNotre franchise en quelques chiffres\u00a0\u00bb txt_align=\u00a0\u00bbcenter\u00a0\u00bb style=\u00a0\u00bbcustom\u00a0\u00bb add_button=\u00a0\u00bbbottom\u00a0\u00bb btn_title=\u00a0\u00bbEn savoir +\u00a0\u00bb btn_color=\u00a0\u00bbdefault\u00a0\u00bb btn_size=\u00a0\u00bbsm\u00a0\u00bb btn_align=\u00a0\u00bbcenter\u00a0\u00bb btn_link=\u00a0\u00bburl:https%3A%2F%2Fwww.pizza-mongelli.com%2Ffranchise%2Fdeveloppement%2F|title:En%20savoir%20plus\u00a0\u00bb custom_background=\u00a0\u00bb#51524a\u00a0\u00bb custom_text=\u00a0\u00bb#ffffff\u00a0\u00bb]<\/p>\n<p style=\"text-align: center; color: #fff;\">droits d\u2019entr\u00e9e, apport, personnel, investissement global, CA possible, retour sur investissements&#8230;<\/p>\n<p>[\/vc_cta][vc_empty_space el_class=\u00a0\u00bbespace-vide-responsive\u00a0\u00bb][\/vc_column][\/vc_row][vc_row full_width=\u00a0\u00bbstretch_row_content_no_spaces\u00a0\u00bb equal_height=\u00a0\u00bbyes\u00a0\u00bb content_placement=\u00a0\u00bbmiddle\u00a0\u00bb][vc_column width=\u00a0\u00bb1\/2&Prime; css=\u00a0\u00bb.vc_custom_1632988056096{padding-right: 150px !important;padding-left: 150px !important;background-color: #51524a !important;}\u00a0\u00bb el_class=\u00a0\u00bbreducePadding\u00a0\u00bb][vc_empty_space height=\u00a0\u00bb180px\u00a0\u00bb el_class=\u00a0\u00bbespace-vide-responsive\u00a0\u00bb]    <div class=\"mongelli-title  center\">\n       \n            <div class=\"sousTitle\"> <\/div>\n            <h2>\n                Ouverture d'une pizzeria Mongelli en franchise au Havre                <br\/>\n                            <\/h2>\n    <\/div>\n    [vc_empty_space el_class=\u00a0\u00bbespace-vide-responsive\u00a0\u00bb][vc_column_text el_class=\u00a0\u00bbtext-white\u00a0\u00bb]Pizza Mongelli souhaite agrandir sa famille de franchis\u00e9 au Havre en Normandie.<\/p>\n<p>Ouvrir une pizzeria Mongelli, c&rsquo;est int\u00e9grer une \u00e9quipe dynamique et soud\u00e9e, d\u00e9velopper un restaurant s&rsquo;appuyant sur un savoir faire traditionnel et un concept performant, cuisiner des produits frais et locaux et \u00eatre au service d&rsquo;une client\u00e8le avertie et exigeante dans le but de favoriser la p\u00e9rennit\u00e9 de votre entreprise.<\/p>\n<p style=\"text-align: left;\"><strong>Ouvrez votre franchise pizza au Havre<\/strong>, une ville dynamique qui compte pr\u00e8s de 173 143habitants !<\/p>\n<p style=\"text-align: center;\">Vous avez envie de vous lancer\u00a0?<br \/>\n<strong>Ouvrez votre franchise pizza avec la famille Mongelli<\/strong> !<\/p>\n<p>[\/vc_column_text][vc_empty_space height=\u00a0\u00bb180px\u00a0\u00bb el_class=\u00a0\u00bbespace-vide-responsive\u00a0\u00bb][\/vc_column][vc_column width=\u00a0\u00bb1\/2&Prime; css=\u00a0\u00bb.vc_custom_1616424004643{background-image: url(https:\/\/www.pizza-mongelli.com\/franchise\/wp-content\/uploads\/2021\/03\/DSC_9943.png?id=224) !important;background-position: center !important;background-repeat: no-repeat !important;background-size: cover !important;}\u00a0\u00bb][vc_empty_space height=\u00a0\u00bb350px\u00a0\u00bb][\/vc_column][\/vc_row][vc_row full_width=\u00a0\u00bbstretch_row_content_no_spaces\u00a0\u00bb equal_height=\u00a0\u00bbyes\u00a0\u00bb rtl_reverse=\u00a0\u00bbyes\u00a0\u00bb content_placement=\u00a0\u00bbmiddle\u00a0\u00bb el_class=\u00a0\u00bbreverseMob\u00a0\u00bb][vc_column width=\u00a0\u00bb1\/2&Prime; css=\u00a0\u00bb.vc_custom_1627510817978{background-image: url(https:\/\/www.pizza-mongelli.com\/franchise\/wp-content\/uploads\/2021\/04\/pizza_divers.jpg?id=562) !important;background-position: center !important;background-repeat: no-repeat !important;background-size: cover !important;}\u00a0\u00bb][vc_empty_space height=\u00a0\u00bb350px\u00a0\u00bb][\/vc_column][vc_column width=\u00a0\u00bb1\/2&Prime; css=\u00a0\u00bb.vc_custom_1632988048189{padding-right: 150px !important;padding-left: 150px !important;background-position: center !important;background-repeat: no-repeat !important;background-size: cover !important;}\u00a0\u00bb el_class=\u00a0\u00bbreducePadding\u00a0\u00bb][vc_empty_space height=\u00a0\u00bb180px\u00a0\u00bb el_class=\u00a0\u00bbespace-vide-responsive\u00a0\u00bb]    <div class=\"mongelli-title dark-title center\">\n       \n            <div class=\"sousTitle\"> <\/div>\n            <h2>\n                Une \u00e9quipe pour vous aider \u00e0 ouvrir une franchise pizza au Havre                <br\/>\n                            <\/h2>\n    <\/div>\n    [vc_empty_space el_class=\u00a0\u00bbespace-vide-responsive\u00a0\u00bb][vc_column_text]<strong>Pour r\u00e9ussir le lancement de votre franchise de pizza Mongelli au Havre<\/strong> notre \u00e9quipe se mobilise aupr\u00e8s de vous :<\/p>\n<ul>\n<li>Pinin-Giuseppe et Eva Mongelli ; les fondateurs et cr\u00e9ateurs de la franchise pizza<\/li>\n<li>L\u2019\u00e9quipe de la\u00a0<strong>franchise pizza Mongelli<\/strong>\u00a0:\n<ul>\n<li>Carlotta Mongelli ; leader du d\u00e9veloppement du r\u00e9seau<\/li>\n<li>Camilla Mongelli ; charg\u00e9e du marketing<\/li>\n<li>Les responsables de formation et l\u2019\u00e9quipe d\u2019ouverture<\/li>\n<\/ul>\n<\/li>\n<\/ul>\n<p>Afin de mettre toutes les chances de votre c\u00f4t\u00e9, nous dispensons nos nouveaux franchis\u00e9s d&rsquo;une formation d\u00e9taill\u00e9e et compl\u00e8te de 3 mois afin d&rsquo;<strong>apprendre la gestion et le savoir-faire technique de Mongelli et ses pizza<\/strong>s.\u00a0 Notre leader de d\u00e9veloppement du r\u00e9seau de franchise vous aidera \u00e0 d\u00e9nicher un bon emplacement pour votre futur restaurant. Les conventions annuelles sont une occasion de nous retrouver pour partager nos exp\u00e9riences, parfaire notre savoir unique et \u00e9changer sur des id\u00e9es nouvelles. Rejoignez notre \u00e9quipe et devenez ambassadeurs de la franchise pizza Mongelli ![\/vc_column_text][vc_empty_space el_class=\u00a0\u00bbespace-vide-responsive\u00a0\u00bb][vc_column_text]<\/p>\n<h3 style=\"text-align: center; margin: 0;\">Notre franchise vous s\u00e9duit\u00a0?<\/h3>\n<h3 style=\"text-align: center; margin: 0;\">Contactez-nous\u00a0!<\/h3>\n<p>[\/vc_column_text][vc_empty_space height=\u00a0\u00bb180px\u00a0\u00bb el_class=\u00a0\u00bbespace-vide-responsive\u00a0\u00bb][\/vc_column][\/vc_row][vc_row full_width=\u00a0\u00bbstretch_row\u00a0\u00bb content_placement=\u00a0\u00bbmiddle\u00a0\u00bb css=\u00a0\u00bb.vc_custom_1627512329962{padding-top: 100px !important;padding-bottom: 80px !important;background-color: #d99484 !important;}\u00a0\u00bb][vc_column][vc_column_text el_class=\u00a0\u00bbtext-white\u00a0\u00bb]<\/p>\n<h2 style=\"text-align: center;\">Ouvrez une pizz\u00e9ria Mongelli en franchise au Havre<\/h2>\n<h3 style=\"text-align: center;\">Vous aussi, faites le choix de la franchise Pizza Mongelli !<\/h3>\n<p>[\/vc_column_text][vc_empty_space height=\u00a0\u00bb50px\u00a0\u00bb el_class=\u00a0\u00bbespace-vide-responsive\u00a0\u00bb]    <div class=\"mongelli-button-rounded center\">\n        <a class=\" btn-mongelli-rounded-marron\" href=\"ps:\/\/www.pizza-mongelli.com\/franchise\/je-deviens-franchise\/\" title=\"Je me renseigne\" >Je me renseigne<\/a>    <\/div>\n    [\/vc_column][\/vc_row]<\/p>\n","protected":false},"excerpt":{"rendered":"<p>[vc_row full_width=\u00a0\u00bbstretch_row\u00a0\u00bb el_class=\u00a0\u00bbintroPage\u00a0\u00bb css=\u00a0\u00bb.vc_custom_1616423406003{background-image: url(https:\/\/www.pizza-mongelli.com\/franchise\/wp-content\/uploads\/2021\/03\/Tournefeuille.png?id=210) !important;background-position: center !important;background-repeat: no-repeat !important;background-size: cover !important;}\u00a0\u00bb][vc_column][vc_column_text] Franchise Pizza Le Havre &#8211; Pizza Mongelli [\/vc_column_text][vc_empty_space][vc_column_text&#8230;<\/p>\n","protected":false},"author":4,"featured_media":562,"parent":494,"menu_order":0,"comment_status":"closed","ping_status":"closed","template":"","meta":{"_monsterinsights_skip_tracking":false,"_monsterinsights_sitenote_active":false,"_monsterinsights_sitenote_note":"","_monsterinsights_sitenote_category":0,"footnotes":""},"tags":[],"class_list":["post-898","page","type-page","status-publish","has-post-thumbnail","hentry"],"yoast_head":"<!-- This site is optimized with the Yoast SEO plugin v16.4 - https:\/\/yoast.com\/wordpress\/plugins\/seo\/ -->\n<title>Franchise Pizza Le Havre - Ouvrez votre pizzeria Mongelli au Havre<\/title>\n<meta name=\"description\" content=\"Ouvrez votre franchise de pizza au Havre et int\u00e9grez Pizza Mongelli. \u00c0 nos c\u00f4t\u00e9s, cr\u00e9er une franchise pizzeria au Havre.\" \/>\n<meta name=\"robots\" content=\"index, follow, max-snippet:-1, max-image-preview:large, max-video-preview:-1\" \/>\n<link rel=\"canonical\" href=\"https:\/\/www.pizza-mongelli.com\/franchise\/developpement\/franchise-pizza-le-havre\/\" \/>\n<meta property=\"og:locale\" content=\"fr_FR\" \/>\n<meta property=\"og:type\" content=\"article\" \/>\n<meta property=\"og:title\" content=\"Franchise Pizza Le Havre - Ouvrez votre pizzeria Mongelli au Havre\" \/>\n<meta property=\"og:description\" content=\"Ouvrez votre franchise de pizza au Havre et int\u00e9grez Pizza Mongelli. \u00c0 nos c\u00f4t\u00e9s, cr\u00e9er une franchise pizzeria au Havre.\" \/>\n<meta property=\"og:url\" content=\"https:\/\/www.pizza-mongelli.com\/franchise\/developpement\/franchise-pizza-le-havre\/\" \/>\n<meta property=\"og:site_name\" content=\"Pizza Mongelli\" \/>\n<meta property=\"article:modified_time\" content=\"2022-11-28T13:17:47+00:00\" \/>\n<meta property=\"og:image\" content=\"https:\/\/www.pizza-mongelli.com\/franchise\/wp-content\/uploads\/2021\/04\/pizza_divers.jpg\" \/>\n\t<meta property=\"og:image:width\" content=\"453\" \/>\n\t<meta property=\"og:image:height\" content=\"662\" \/>\n<meta name=\"twitter:card\" content=\"summary_large_image\" \/>\n<meta name=\"twitter:label1\" content=\"Dur\u00e9e de lecture est.\" \/>\n\t<meta name=\"twitter:data1\" content=\"3 minutes\" \/>\n<script type=\"application\/ld+json\" class=\"yoast-schema-graph\">{\"@context\":\"https:\/\/schema.org\",\"@graph\":[{\"@type\":\"WebSite\",\"@id\":\"https:\/\/www.pizza-mongelli.com\/franchise\/#website\",\"url\":\"https:\/\/www.pizza-mongelli.com\/franchise\/\",\"name\":\"Pizza Mongelli\",\"description\":\"\",\"potentialAction\":[{\"@type\":\"SearchAction\",\"target\":\"https:\/\/www.pizza-mongelli.com\/franchise\/?s={search_term_string}\",\"query-input\":\"required name=search_term_string\"}],\"inLanguage\":\"fr-FR\"},{\"@type\":\"ImageObject\",\"@id\":\"https:\/\/www.pizza-mongelli.com\/franchise\/developpement\/franchise-pizza-le-havre\/#primaryimage\",\"inLanguage\":\"fr-FR\",\"url\":\"https:\/\/www.pizza-mongelli.com\/franchise\/wp-content\/uploads\/2021\/04\/pizza_divers.jpg\",\"contentUrl\":\"https:\/\/www.pizza-mongelli.com\/franchise\/wp-content\/uploads\/2021\/04\/pizza_divers.jpg\",\"width\":453,\"height\":662},{\"@type\":\"WebPage\",\"@id\":\"https:\/\/www.pizza-mongelli.com\/franchise\/developpement\/franchise-pizza-le-havre\/#webpage\",\"url\":\"https:\/\/www.pizza-mongelli.com\/franchise\/developpement\/franchise-pizza-le-havre\/\",\"name\":\"Franchise Pizza Le Havre - Ouvrez votre pizzeria Mongelli au Havre\",\"isPartOf\":{\"@id\":\"https:\/\/www.pizza-mongelli.com\/franchise\/#website\"},\"primaryImageOfPage\":{\"@id\":\"https:\/\/www.pizza-mongelli.com\/franchise\/developpement\/franchise-pizza-le-havre\/#primaryimage\"},\"datePublished\":\"2022-11-28T13:17:39+00:00\",\"dateModified\":\"2022-11-28T13:17:47+00:00\",\"description\":\"Ouvrez votre franchise de pizza au Havre et int\\u00e9grez Pizza Mongelli. \\u00c0 nos c\\u00f4t\\u00e9s, cr\\u00e9er une franchise pizzeria au Havre.\",\"breadcrumb\":{\"@id\":\"https:\/\/www.pizza-mongelli.com\/franchise\/developpement\/franchise-pizza-le-havre\/#breadcrumb\"},\"inLanguage\":\"fr-FR\",\"potentialAction\":[{\"@type\":\"ReadAction\",\"target\":[\"https:\/\/www.pizza-mongelli.com\/franchise\/developpement\/franchise-pizza-le-havre\/\"]}]},{\"@type\":\"BreadcrumbList\",\"@id\":\"https:\/\/www.pizza-mongelli.com\/franchise\/developpement\/franchise-pizza-le-havre\/#breadcrumb\",\"itemListElement\":[{\"@type\":\"ListItem\",\"position\":1,\"item\":{\"@type\":\"WebPage\",\"@id\":\"https:\/\/www.pizza-mongelli.com\/franchise\/\",\"url\":\"https:\/\/www.pizza-mongelli.com\/franchise\/\",\"name\":\"Accueil\"}},{\"@type\":\"ListItem\",\"position\":2,\"item\":{\"@type\":\"WebPage\",\"@id\":\"https:\/\/www.pizza-mongelli.com\/franchise\/developpement\/\",\"url\":\"https:\/\/www.pizza-mongelli.com\/franchise\/developpement\/\",\"name\":\"D\\u00e9veloppement\"}},{\"@type\":\"ListItem\",\"position\":3,\"item\":{\"@id\":\"https:\/\/www.pizza-mongelli.com\/franchise\/developpement\/franchise-pizza-le-havre\/#webpage\"}}]}]}<\/script>\n<!-- \/ Yoast SEO plugin. -->","_links":{"self":[{"href":"https:\/\/www.pizza-mongelli.com\/franchise\/wp-json\/wp\/v2\/pages\/898","targetHints":{"allow":["GET"]}}],"collection":[{"href":"https:\/\/www.pizza-mongelli.com\/franchise\/wp-json\/wp\/v2\/pages"}],"about":[{"href":"https:\/\/www.pizza-mongelli.com\/franchise\/wp-json\/wp\/v2\/types\/page"}],"author":[{"embeddable":true,"href":"https:\/\/www.pizza-mongelli.com\/franchise\/wp-json\/wp\/v2\/users\/4"}],"replies":[{"embeddable":true,"href":"https:\/\/www.pizza-mongelli.com\/franchise\/wp-json\/wp\/v2\/comments?post=898"}],"version-history":[{"count":2,"href":"https:\/\/www.pizza-mongelli.com\/franchise\/wp-json\/wp\/v2\/pages\/898\/revisions"}],"predecessor-version":[{"id":900,"href":"https:\/\/www.pizza-mongelli.com\/franchise\/wp-json\/wp\/v2\/pages\/898\/revisions\/900"}],"up":[{"embeddable":true,"href":"https:\/\/www.pizza-mongelli.com\/franchise\/wp-json\/wp\/v2\/pages\/494"}],"wp:featuredmedia":[{"embeddable":true,"href":"https:\/\/www.pizza-mongelli.com\/franchise\/wp-json\/wp\/v2\/media\/562"}],"wp:attachment":[{"href":"https:\/\/www.pizza-mongelli.com\/franchise\/wp-json\/wp\/v2\/media?parent=898"}],"wp:term":[{"taxonomy":"post_tag","embeddable":true,"href":"https:\/\/www.pizza-mongelli.com\/franchise\/wp-json\/wp\/v2\/tags?post=898"}],"curies":[{"name":"wp","href":"https:\/\/api.w.org\/{rel}","templated":true}]}}