{"id":845,"date":"2022-07-26T15:57:43","date_gmt":"2022-07-26T13:57:43","guid":{"rendered":"https:\/\/www.pizza-mongelli.com\/franchise\/?page_id=845"},"modified":"2022-07-26T15:57:43","modified_gmt":"2022-07-26T13:57:43","slug":"franchise-pizza-caen","status":"publish","type":"page","link":"https:\/\/www.pizza-mongelli.com\/franchise\/developpement\/franchise-pizza-caen\/","title":{"rendered":"Franchise Pizza Caen"},"content":{"rendered":"<p>[vc_row full_width=\u00a0\u00bbstretch_row\u00a0\u00bb el_class=\u00a0\u00bbintroPage\u00a0\u00bb css=\u00a0\u00bb.vc_custom_1616423406003{background-image: url(https:\/\/www.pizza-mongelli.com\/franchise\/wp-content\/uploads\/2021\/03\/Tournefeuille.png?id=210) !important;background-position: center !important;background-repeat: no-repeat !important;background-size: cover !important;}\u00a0\u00bb][vc_column][vc_column_text]<\/p>\n<h1 style=\"text-align: center;\">Franchise Pizza Caen &#8211; Pizza Mongelli<\/h1>\n<p>[\/vc_column_text][vc_empty_space][vc_column_text el_class=\u00a0\u00bbbreadcrumbs\u00a0\u00bb]<span><span><a href=\"https:\/\/www.pizza-mongelli.com\/franchise\/\">Accueil<\/a><\/span>[\/vc_column_text][\/vc_column][\/vc_row][vc_row full_width=\u00a0\u00bbstretch_row_content_no_spaces\u00a0\u00bb equal_height=\u00a0\u00bbyes\u00a0\u00bb content_placement=\u00a0\u00bbmiddle\u00a0\u00bb][vc_column css=\u00a0\u00bb.vc_custom_1620145062564{padding-right: 200px !important;padding-left: 200px !important;}\u00a0\u00bb el_class=\u00a0\u00bbreducePadding\u00a0\u00bb][vc_empty_space height=\u00a0\u00bb50px\u00a0\u00bb el_class=\u00a0\u00bbespace-vide-responsive\u00a0\u00bb]    <div class=\"mongelli-title dark-title center\">\n       \n            <div class=\"sousTitle\">Devenir Franchis\u00e9 - Pizzeria Mongelli <\/div>\n            <h2>\n                Ouvrir une pizz\u00e9ria Mongelli en Franchise \u00e0 Caen                <br\/>\n                            <\/h2>\n    <\/div>\n    [vc_empty_space height=\u00a0\u00bb50px\u00a0\u00bb el_class=\u00a0\u00bbespace-vide-responsive\u00a0\u00bb][vc_row_inner][vc_column_inner width=\u00a0\u00bb1\/12&Prime;][\/vc_column_inner][vc_column_inner width=\u00a0\u00bb1\/2&Prime;][vc_column_text]Vous souhaitez \u00e9tablir <strong>votre pizz\u00e9ria en franchise<\/strong> et le concept de la franchise Mongelli vous s\u00e9duit par son s\u00e9rieux ? Nous vous proposons de devenir notre prochain partenaire\u00a0![\/vc_column_text][\/vc_column_inner][vc_column_inner width=\u00a0\u00bb5\/12&Prime;][vc_column_text]<\/p>\n<ul>\n<li>Vous souhaitez vous installer \u00e0 votre compte et ouvrir une pizz\u00e9ria.<\/li>\n<li>Vous pr\u00e9f\u00e9rez \u00eatre accompagn\u00e9 afin de vous donner plus de chance de r\u00e9ussir.<\/li>\n<li>Vous envisagez une <strong>franchise pizza familiale unique \u00e0 taille humaine<\/strong>.<\/li>\n<li>Vous aspirez \u00e0 proposer des pizzas de qualit\u00e9 et sans OGM \u00e0 votre client\u00e8le.<\/li>\n<\/ul>\n<p>[\/vc_column_text][\/vc_column_inner][\/vc_row_inner][vc_empty_space height=\u00a0\u00bb50px\u00a0\u00bb el_class=\u00a0\u00bbespace-vide-responsive\u00a0\u00bb][vc_row_inner][vc_column_inner width=\u00a0\u00bb1\/6&Prime;][\/vc_column_inner][vc_column_inner width=\u00a0\u00bb2\/3&Prime;][vc_column_text]<\/p>\n<h3 style=\"text-align: center;\">Le succ\u00e8s de votre franchise est notre souhait le plus fort<\/h3>\n<p>[\/vc_column_text][\/vc_column_inner][vc_column_inner width=\u00a0\u00bb1\/6&Prime;][\/vc_column_inner][\/vc_row_inner][vc_empty_space height=\u00a0\u00bb50px\u00a0\u00bb el_class=\u00a0\u00bbespace-vide-responsive\u00a0\u00bb][vc_cta h2=\u00a0\u00bb\u00a0\u00bb h4=\u00a0\u00bbNotre franchise en quelques chiffres\u00a0\u00bb txt_align=\u00a0\u00bbcenter\u00a0\u00bb style=\u00a0\u00bbcustom\u00a0\u00bb add_button=\u00a0\u00bbbottom\u00a0\u00bb btn_title=\u00a0\u00bbEn savoir +\u00a0\u00bb btn_color=\u00a0\u00bbdefault\u00a0\u00bb btn_size=\u00a0\u00bbsm\u00a0\u00bb btn_align=\u00a0\u00bbcenter\u00a0\u00bb btn_link=\u00a0\u00bburl:https%3A%2F%2Fwww.pizza-mongelli.com%2Ffranchise%2Fdeveloppement%2F|title:En%20savoir%20plus\u00a0\u00bb custom_background=\u00a0\u00bb#51524a\u00a0\u00bb custom_text=\u00a0\u00bb#ffffff\u00a0\u00bb]<\/p>\n<p style=\"text-align: center; color: #fff;\">droits d\u2019entr\u00e9e, apport, personnel, investissement global, CA possible, retour sur investissements&#8230;<\/p>\n<p>[\/vc_cta][vc_empty_space el_class=\u00a0\u00bbespace-vide-responsive\u00a0\u00bb][\/vc_column][\/vc_row][vc_row full_width=\u00a0\u00bbstretch_row_content_no_spaces\u00a0\u00bb equal_height=\u00a0\u00bbyes\u00a0\u00bb content_placement=\u00a0\u00bbmiddle\u00a0\u00bb][vc_column width=\u00a0\u00bb1\/2&Prime; css=\u00a0\u00bb.vc_custom_1632988056096{padding-right: 150px !important;padding-left: 150px !important;background-color: #51524a !important;}\u00a0\u00bb el_class=\u00a0\u00bbreducePadding\u00a0\u00bb][vc_empty_space height=\u00a0\u00bb180px\u00a0\u00bb el_class=\u00a0\u00bbespace-vide-responsive\u00a0\u00bb]    <div class=\"mongelli-title  center\">\n       \n            <div class=\"sousTitle\"> <\/div>\n            <h2>\n                Ouverture d\u2019une pizz\u00e9ria mongelli en franchise \u00e0 Caen                <br\/>\n                            <\/h2>\n    <\/div>\n    [vc_empty_space el_class=\u00a0\u00bbespace-vide-responsive\u00a0\u00bb][vc_column_text el_class=\u00a0\u00bbtext-white\u00a0\u00bb]<\/p>\n<p style=\"text-align: center;\"><strong>La franchise pizza Mongelli<\/strong>\u00a0est un r\u00e9seau qui unie des professionnels qui d\u00e9fendent les valeurs d\u2019excellence, d\u2019implication, et de travail, mais qui n\u2019oublient pas que la joie et la bonne humeur sont indispensables pour partager des moments uniques avec la client\u00e8le.<\/p>\n<p style=\"text-align: center;\">La famille Mongelli offre un savoir-faire et une m\u00e9thodologie aux nouveaux franchis\u00e9s qui leur permet d\u2019\u00eatre rapidement autonomes sur leur point de vente.<\/p>\n<p style=\"text-align: center;\">\u00c0 Caen, l\u2019agglom\u00e9ration d\u00e9nombre plus de 200 000 habitants pr\u00eats \u00e0 venir d\u00e9couvrir vos <strong>pizzas Mongelli<\/strong>&#8230; alors si le projet vous int\u00e9resse, contactez-nous rapidement !<\/p>\n<p>[\/vc_column_text][vc_empty_space height=\u00a0\u00bb180px\u00a0\u00bb el_class=\u00a0\u00bbespace-vide-responsive\u00a0\u00bb][\/vc_column][vc_column width=\u00a0\u00bb1\/2&Prime; css=\u00a0\u00bb.vc_custom_1616424004643{background-image: url(https:\/\/www.pizza-mongelli.com\/franchise\/wp-content\/uploads\/2021\/03\/DSC_9943.png?id=224) !important;background-position: center !important;background-repeat: no-repeat !important;background-size: cover !important;}\u00a0\u00bb][vc_empty_space height=\u00a0\u00bb350px\u00a0\u00bb][\/vc_column][\/vc_row][vc_row full_width=\u00a0\u00bbstretch_row_content_no_spaces\u00a0\u00bb equal_height=\u00a0\u00bbyes\u00a0\u00bb rtl_reverse=\u00a0\u00bbyes\u00a0\u00bb content_placement=\u00a0\u00bbmiddle\u00a0\u00bb el_class=\u00a0\u00bbreverseMob\u00a0\u00bb][vc_column width=\u00a0\u00bb1\/2&Prime; css=\u00a0\u00bb.vc_custom_1627510817978{background-image: url(https:\/\/www.pizza-mongelli.com\/franchise\/wp-content\/uploads\/2021\/04\/pizza_divers.jpg?id=562) !important;background-position: center !important;background-repeat: no-repeat !important;background-size: cover !important;}\u00a0\u00bb][vc_empty_space height=\u00a0\u00bb350px\u00a0\u00bb][\/vc_column][vc_column width=\u00a0\u00bb1\/2&Prime; css=\u00a0\u00bb.vc_custom_1632988048189{padding-right: 150px !important;padding-left: 150px !important;background-position: center !important;background-repeat: no-repeat !important;background-size: cover !important;}\u00a0\u00bb el_class=\u00a0\u00bbreducePadding\u00a0\u00bb][vc_empty_space height=\u00a0\u00bb180px\u00a0\u00bb el_class=\u00a0\u00bbespace-vide-responsive\u00a0\u00bb]    <div class=\"mongelli-title dark-title center\">\n       \n            <div class=\"sousTitle\"> <\/div>\n            <h2>\n                Une \u00e9quipe soud\u00e9e pour vous aider \u00e0 ouvrir une franchise pizza \u00e0 Caen                <br\/>\n                            <\/h2>\n    <\/div>\n    [vc_empty_space el_class=\u00a0\u00bbespace-vide-responsive\u00a0\u00bb][vc_column_text]Accompagnateurs et formateurs \u00e0 votre disposition :<\/p>\n<ul>\n<li>Pinin-Guiseppe et Eva Mongelli ; fondateurs et visionnaires.<\/li>\n<li><strong>L\u2019\u00e9quipe de la franchise Pizza Mongelli<\/strong> :\n<ul>\n<li>Carlotta Mongelli\u00a0; responsable de l\u2019extension du r\u00e9seau des franchis\u00e9s<\/li>\n<li>Camilla Mongelli\u00a0; responsable du d\u00e9veloppement marketing<\/li>\n<li>L\u2019ensemble des \u00e9quipes de terrain proche de vous<\/li>\n<\/ul>\n<\/li>\n<\/ul>\n<p>L\u2019apprentissage de votre nouvelle activit\u00e9 va s\u2019effectuer sur une p\u00e9riode de 3 mois. Vous allez d\u00e9couvrir chaque poste du m\u00e9tier afin d\u2019\u00eatre autonome et en parall\u00e8le, votre responsable de r\u00e9seau vous aidera \u00e0 choisir le meilleur emplacement pour votre futur point de vente.<\/p>\n<p>Ensuite, l\u2019\u00e9quipe vous accompagne lors des premiers jours de l\u2019ouverture puis c\u2019est au tour de l\u2019animateur r\u00e9seau d\u2019assurer la continuit\u00e9 de votre mont\u00e9e en comp\u00e9tences.[\/vc_column_text][vc_empty_space el_class=\u00a0\u00bbespace-vide-responsive\u00a0\u00bb][vc_column_text]<\/p>\n<h3 style=\"text-align: center; margin: 0;\">Notre franchise vous s\u00e9duit\u00a0?<\/h3>\n<h3 style=\"text-align: center; margin: 0;\">Contactez-nous\u00a0!<\/h3>\n<p>[\/vc_column_text][vc_empty_space height=\u00a0\u00bb180px\u00a0\u00bb el_class=\u00a0\u00bbespace-vide-responsive\u00a0\u00bb][\/vc_column][\/vc_row][vc_row full_width=\u00a0\u00bbstretch_row\u00a0\u00bb content_placement=\u00a0\u00bbmiddle\u00a0\u00bb css=\u00a0\u00bb.vc_custom_1627512329962{padding-top: 100px !important;padding-bottom: 80px !important;background-color: #d99484 !important;}\u00a0\u00bb][vc_column][vc_column_text el_class=\u00a0\u00bbtext-white\u00a0\u00bb]<\/p>\n<h2 style=\"text-align: center;\">Ouvrir une pizz\u00e9ria Mongelli en franchise \u00e0 Caen<\/h2>\n<h3 style=\"text-align: center;\">Choisissez la famille Mongelli pour votre franchise pizza !<\/h3>\n<p>[\/vc_column_text][vc_empty_space height=\u00a0\u00bb50px\u00a0\u00bb el_class=\u00a0\u00bbespace-vide-responsive\u00a0\u00bb]    <div class=\"mongelli-button-rounded center\">\n        <a class=\" btn-mongelli-rounded-marron\" href=\"ps:\/\/www.pizza-mongelli.com\/franchise\/je-deviens-franchise\/\" title=\"Je me renseigne\" >Je me renseigne<\/a>    <\/div>\n    [\/vc_column][\/vc_row]<\/p>\n","protected":false},"excerpt":{"rendered":"<p>[vc_row full_width=\u00a0\u00bbstretch_row\u00a0\u00bb el_class=\u00a0\u00bbintroPage\u00a0\u00bb css=\u00a0\u00bb.vc_custom_1616423406003{background-image: url(https:\/\/www.pizza-mongelli.com\/franchise\/wp-content\/uploads\/2021\/03\/Tournefeuille.png?id=210) !important;background-position: center !important;background-repeat: no-repeat !important;background-size: cover !important;}\u00a0\u00bb][vc_column][vc_column_text] Franchise Pizza Caen &#8211; Pizza Mongelli [\/vc_column_text][vc_empty_space][vc_column_text el_class=\u00a0\u00bbbreadcrumbs\u00a0\u00bb][\/vc_column_text][\/vc_column][\/vc_row][vc_row&#8230;<\/p>\n","protected":false},"author":4,"featured_media":562,"parent":494,"menu_order":0,"comment_status":"closed","ping_status":"closed","template":"","meta":{"_monsterinsights_skip_tracking":false,"_monsterinsights_sitenote_active":false,"_monsterinsights_sitenote_note":"","_monsterinsights_sitenote_category":0,"footnotes":""},"tags":[],"class_list":["post-845","page","type-page","status-publish","has-post-thumbnail","hentry"],"yoast_head":"<!-- This site is optimized with the Yoast SEO plugin v16.4 - https:\/\/yoast.com\/wordpress\/plugins\/seo\/ -->\n<title>Franchise Pizza \u00e0 Caen - Ouvrez votre pizzeria Mongelli \u00e0 Caen<\/title>\n<meta name=\"description\" content=\"Ouvrez votre franchise de pizza \u00e0 Caen et int\u00e9grez Pizza Mongelli. \u00c0 nos c\u00f4t\u00e9s, cr\u00e9er une franchise pizzeria \u00e0 Caen.\" \/>\n<meta name=\"robots\" content=\"index, follow, max-snippet:-1, max-image-preview:large, max-video-preview:-1\" \/>\n<link rel=\"canonical\" href=\"https:\/\/www.pizza-mongelli.com\/franchise\/developpement\/franchise-pizza-caen\/\" \/>\n<meta property=\"og:locale\" content=\"fr_FR\" \/>\n<meta property=\"og:type\" content=\"article\" \/>\n<meta property=\"og:title\" content=\"Franchise Pizza \u00e0 Caen - Ouvrez votre pizzeria Mongelli \u00e0 Caen\" \/>\n<meta property=\"og:description\" content=\"Ouvrez votre franchise de pizza \u00e0 Caen et int\u00e9grez Pizza Mongelli. \u00c0 nos c\u00f4t\u00e9s, cr\u00e9er une franchise pizzeria \u00e0 Caen.\" \/>\n<meta property=\"og:url\" content=\"https:\/\/www.pizza-mongelli.com\/franchise\/developpement\/franchise-pizza-caen\/\" \/>\n<meta property=\"og:site_name\" content=\"Pizza Mongelli\" \/>\n<meta property=\"og:image\" content=\"https:\/\/www.pizza-mongelli.com\/franchise\/wp-content\/uploads\/2021\/04\/pizza_divers.jpg\" \/>\n\t<meta property=\"og:image:width\" content=\"453\" \/>\n\t<meta property=\"og:image:height\" content=\"662\" \/>\n<meta name=\"twitter:card\" content=\"summary_large_image\" \/>\n<meta name=\"twitter:label1\" content=\"Dur\u00e9e de lecture est.\" \/>\n\t<meta name=\"twitter:data1\" content=\"3 minutes\" \/>\n<script type=\"application\/ld+json\" class=\"yoast-schema-graph\">{\"@context\":\"https:\/\/schema.org\",\"@graph\":[{\"@type\":\"WebSite\",\"@id\":\"https:\/\/www.pizza-mongelli.com\/franchise\/#website\",\"url\":\"https:\/\/www.pizza-mongelli.com\/franchise\/\",\"name\":\"Pizza Mongelli\",\"description\":\"\",\"potentialAction\":[{\"@type\":\"SearchAction\",\"target\":\"https:\/\/www.pizza-mongelli.com\/franchise\/?s={search_term_string}\",\"query-input\":\"required name=search_term_string\"}],\"inLanguage\":\"fr-FR\"},{\"@type\":\"ImageObject\",\"@id\":\"https:\/\/www.pizza-mongelli.com\/franchise\/developpement\/franchise-pizza-caen\/#primaryimage\",\"inLanguage\":\"fr-FR\",\"url\":\"https:\/\/www.pizza-mongelli.com\/franchise\/wp-content\/uploads\/2021\/04\/pizza_divers.jpg\",\"contentUrl\":\"https:\/\/www.pizza-mongelli.com\/franchise\/wp-content\/uploads\/2021\/04\/pizza_divers.jpg\",\"width\":453,\"height\":662},{\"@type\":\"WebPage\",\"@id\":\"https:\/\/www.pizza-mongelli.com\/franchise\/developpement\/franchise-pizza-caen\/#webpage\",\"url\":\"https:\/\/www.pizza-mongelli.com\/franchise\/developpement\/franchise-pizza-caen\/\",\"name\":\"Franchise Pizza \\u00e0 Caen - Ouvrez votre pizzeria Mongelli \\u00e0 Caen\",\"isPartOf\":{\"@id\":\"https:\/\/www.pizza-mongelli.com\/franchise\/#website\"},\"primaryImageOfPage\":{\"@id\":\"https:\/\/www.pizza-mongelli.com\/franchise\/developpement\/franchise-pizza-caen\/#primaryimage\"},\"datePublished\":\"2022-07-26T13:57:43+00:00\",\"dateModified\":\"2022-07-26T13:57:43+00:00\",\"description\":\"Ouvrez votre franchise de pizza \\u00e0 Caen et int\\u00e9grez Pizza Mongelli. \\u00c0 nos c\\u00f4t\\u00e9s, cr\\u00e9er une franchise pizzeria \\u00e0 Caen.\",\"breadcrumb\":{\"@id\":\"https:\/\/www.pizza-mongelli.com\/franchise\/developpement\/franchise-pizza-caen\/#breadcrumb\"},\"inLanguage\":\"fr-FR\",\"potentialAction\":[{\"@type\":\"ReadAction\",\"target\":[\"https:\/\/www.pizza-mongelli.com\/franchise\/developpement\/franchise-pizza-caen\/\"]}]},{\"@type\":\"BreadcrumbList\",\"@id\":\"https:\/\/www.pizza-mongelli.com\/franchise\/developpement\/franchise-pizza-caen\/#breadcrumb\",\"itemListElement\":[{\"@type\":\"ListItem\",\"position\":1,\"item\":{\"@type\":\"WebPage\",\"@id\":\"https:\/\/www.pizza-mongelli.com\/franchise\/\",\"url\":\"https:\/\/www.pizza-mongelli.com\/franchise\/\",\"name\":\"Accueil\"}},{\"@type\":\"ListItem\",\"position\":2,\"item\":{\"@type\":\"WebPage\",\"@id\":\"https:\/\/www.pizza-mongelli.com\/franchise\/developpement\/\",\"url\":\"https:\/\/www.pizza-mongelli.com\/franchise\/developpement\/\",\"name\":\"D\\u00e9veloppement\"}},{\"@type\":\"ListItem\",\"position\":3,\"item\":{\"@id\":\"https:\/\/www.pizza-mongelli.com\/franchise\/developpement\/franchise-pizza-caen\/#webpage\"}}]}]}<\/script>\n<!-- \/ Yoast SEO plugin. -->","_links":{"self":[{"href":"https:\/\/www.pizza-mongelli.com\/franchise\/wp-json\/wp\/v2\/pages\/845","targetHints":{"allow":["GET"]}}],"collection":[{"href":"https:\/\/www.pizza-mongelli.com\/franchise\/wp-json\/wp\/v2\/pages"}],"about":[{"href":"https:\/\/www.pizza-mongelli.com\/franchise\/wp-json\/wp\/v2\/types\/page"}],"author":[{"embeddable":true,"href":"https:\/\/www.pizza-mongelli.com\/franchise\/wp-json\/wp\/v2\/users\/4"}],"replies":[{"embeddable":true,"href":"https:\/\/www.pizza-mongelli.com\/franchise\/wp-json\/wp\/v2\/comments?post=845"}],"version-history":[{"count":2,"href":"https:\/\/www.pizza-mongelli.com\/franchise\/wp-json\/wp\/v2\/pages\/845\/revisions"}],"predecessor-version":[{"id":847,"href":"https:\/\/www.pizza-mongelli.com\/franchise\/wp-json\/wp\/v2\/pages\/845\/revisions\/847"}],"up":[{"embeddable":true,"href":"https:\/\/www.pizza-mongelli.com\/franchise\/wp-json\/wp\/v2\/pages\/494"}],"wp:featuredmedia":[{"embeddable":true,"href":"https:\/\/www.pizza-mongelli.com\/franchise\/wp-json\/wp\/v2\/media\/562"}],"wp:attachment":[{"href":"https:\/\/www.pizza-mongelli.com\/franchise\/wp-json\/wp\/v2\/media?parent=845"}],"wp:term":[{"taxonomy":"post_tag","embeddable":true,"href":"https:\/\/www.pizza-mongelli.com\/franchise\/wp-json\/wp\/v2\/tags?post=845"}],"curies":[{"name":"wp","href":"https:\/\/api.w.org\/{rel}","templated":true}]}}