{"id":703,"date":"2021-08-24T17:55:34","date_gmt":"2021-08-24T15:55:34","guid":{"rendered":"https:\/\/www.pizza-mongelli.com\/franchise\/?page_id=703"},"modified":"2022-02-08T15:53:46","modified_gmt":"2022-02-08T14:53:46","slug":"franchise-pizza-biarritz","status":"publish","type":"page","link":"https:\/\/www.pizza-mongelli.com\/franchise\/developpement\/franchise-pizza-biarritz\/","title":{"rendered":"Franchise Pizza Biarritz"},"content":{"rendered":"<p>[vc_row full_width=\u00a0\u00bbstretch_row\u00a0\u00bb el_class=\u00a0\u00bbintroPage\u00a0\u00bb css=\u00a0\u00bb.vc_custom_1616423406003{background-image: url(https:\/\/www.pizza-mongelli.com\/franchise\/wp-content\/uploads\/2021\/03\/Tournefeuille.png?id=210) !important;background-position: center !important;background-repeat: no-repeat !important;background-size: cover !important;}\u00a0\u00bb][vc_column][vc_column_text]<\/p>\n<h1 style=\"text-align: center;\">Franchise Pizza Biarritz &#8211; pizza Mongelli<\/h1>\n<p>[\/vc_column_text][vc_empty_space el_class=\u00a0\u00bbespace-vide-responsive\u00a0\u00bb][vc_column_text el_class=\u00a0\u00bbbreadcrumbs\u00a0\u00bb]<span><span><a href=\"https:\/\/www.pizza-mongelli.com\/franchise\/\">Accueil<\/a><\/span>[\/vc_column_text][\/vc_column][\/vc_row][vc_row full_width=\u00a0\u00bbstretch_row_content_no_spaces\u00a0\u00bb equal_height=\u00a0\u00bbyes\u00a0\u00bb content_placement=\u00a0\u00bbmiddle\u00a0\u00bb][vc_column css=\u00a0\u00bb.vc_custom_1620145062564{padding-right: 200px !important;padding-left: 200px !important;}\u00a0\u00bb el_class=\u00a0\u00bbreducePadding\u00a0\u00bb][vc_empty_space height=\u00a0\u00bb50px\u00a0\u00bb el_class=\u00a0\u00bbespace-vide-responsive\u00a0\u00bb]    <div class=\"mongelli-title dark-title center\">\n       \n            <div class=\"sousTitle\">Vous \u00eates professionnel, commer\u00e7ant et naturellement avenant\u2026 <\/div>\n            <h2>\n                Cr\u00e9ez votre pizzeria Mongelli \u00e0 Biarritz en franchise !                <br\/>\n                            <\/h2>\n    <\/div>\n    [vc_empty_space height=\u00a0\u00bb50px\u00a0\u00bb el_class=\u00a0\u00bbespace-vide-responsive\u00a0\u00bb][vc_row_inner][vc_column_inner width=\u00a0\u00bb1\/12&Prime;][\/vc_column_inner][vc_column_inner width=\u00a0\u00bb1\/3&Prime;][vc_column_text]<strong>Ouvrez votre franchise \u00e0 Biarritz<\/strong> et cr\u00e9ez un restaurant pizzeria Mongelli qui vous ressemble dans l\u2019une des plus belles villes de France. D\u00e9couvrez ce m\u00e9tier \u00e0 nos c\u00f4t\u00e9s et r\u00e9alisez votre r\u00eave d\u2019\u00eatre le patron de votre propre franchise dans la pizzeria.[\/vc_column_text][\/vc_column_inner][vc_column_inner width=\u00a0\u00bb7\/12&Prime;][vc_column_text]<\/p>\n<ul>\n<li style=\"text-align: left;\">Nous vous accompagnons pas \u00e0 pas dans la r\u00e9ussite de votre projet.<\/li>\n<li style=\"text-align: left;\">Nous vous transmettons nos valeurs de travail et d\u2019exigences.<\/li>\n<li style=\"text-align: left;\">Nous vous apprenons notre savoir-faire pour la r\u00e9alisation de pizzas authentiques de grande qualit\u00e9.<\/li>\n<\/ul>\n<p>[\/vc_column_text][\/vc_column_inner][\/vc_row_inner][vc_empty_space height=\u00a0\u00bb50px\u00a0\u00bb el_class=\u00a0\u00bbespace-vide-responsive\u00a0\u00bb][vc_row_inner][vc_column_inner width=\u00a0\u00bb1\/6&Prime;][\/vc_column_inner][vc_column_inner width=\u00a0\u00bb2\/3&Prime;][vc_column_text]<\/p>\n<h3 style=\"text-align: center;\">Notre envie est de b\u00e2tir une franchise solide et exemplaire \u00e0 taille humaine.<\/h3>\n<p>[\/vc_column_text][\/vc_column_inner][vc_column_inner width=\u00a0\u00bb1\/6&Prime;][\/vc_column_inner][\/vc_row_inner][vc_empty_space height=\u00a0\u00bb50px\u00a0\u00bb el_class=\u00a0\u00bbespace-vide-responsive\u00a0\u00bb][vc_cta h2=\u00a0\u00bb\u00a0\u00bb h4=\u00a0\u00bbNotre franchise en quelques chiffres\u00a0\u00bb txt_align=\u00a0\u00bbcenter\u00a0\u00bb style=\u00a0\u00bbcustom\u00a0\u00bb add_button=\u00a0\u00bbbottom\u00a0\u00bb btn_title=\u00a0\u00bbEn savoir +\u00a0\u00bb btn_color=\u00a0\u00bbdefault\u00a0\u00bb btn_size=\u00a0\u00bbsm\u00a0\u00bb btn_align=\u00a0\u00bbcenter\u00a0\u00bb btn_link=\u00a0\u00bburl:https%3A%2F%2Fwww.pizza-mongelli.com%2Ffranchise%2Fdeveloppement%2F|title:En%20savoir%20plus\u00a0\u00bb custom_background=\u00a0\u00bb#51524a\u00a0\u00bb custom_text=\u00a0\u00bb#ffffff\u00a0\u00bb]<\/p>\n<p style=\"text-align: center; color: #fff;\">droits d\u2019entr\u00e9e, apport, CA possible<\/p>\n<p>[\/vc_cta][vc_empty_space el_class=\u00a0\u00bbespace-vide-responsive\u00a0\u00bb][\/vc_column][\/vc_row][vc_row full_width=\u00a0\u00bbstretch_row_content_no_spaces\u00a0\u00bb equal_height=\u00a0\u00bbyes\u00a0\u00bb content_placement=\u00a0\u00bbmiddle\u00a0\u00bb][vc_column width=\u00a0\u00bb1\/2&Prime; css=\u00a0\u00bb.vc_custom_1627511669506{padding-right: 180px !important;padding-left: 180px !important;background-color: #51524a !important;}\u00a0\u00bb el_class=\u00a0\u00bbreducePadding\u00a0\u00bb][vc_empty_space height=\u00a0\u00bb180px\u00a0\u00bb el_class=\u00a0\u00bbespace-vide-responsive\u00a0\u00bb]    <div class=\"mongelli-title  center\">\n       \n            <div class=\"sousTitle\"> <\/div>\n            <h2>\n                Pourquoi ouvrir une pizzeria Mongelli en Franchise \u00e0 Biarritz ?                <br\/>\n                            <\/h2>\n    <\/div>\n    [vc_empty_space el_class=\u00a0\u00bbespace-vide-responsive\u00a0\u00bb][vc_column_text el_class=\u00a0\u00bbtext-white\u00a0\u00bb]<\/p>\n<p style=\"text-align: center;\">Vous songez depuis quelque temps \u00e0 vous reconvertir dans la restauration. L\u2019univers de la pizzeria vous s\u00e9duit depuis toujours, mais vous souhaitez \u00eatre accompagn\u00e9 pour vous donner toutes les chances de r\u00e9ussir. Implanter votre <strong>restaurant en franchise \u00e0 Biarritz<\/strong> vous plairait, car vous aimez cette ville authentique au charme inou\u00ef et vous avez tr\u00e8s envie de r\u00e9ussir. <strong>Fonder une franchise Pizza Mongelli \u00e0 Biarritz<\/strong>, c\u2019est s\u2019associer \u00e0 un solide r\u00e9seau de partenaires franchis\u00e9s et \u00eatre le garant d\u2019une marque qui encourage le service et la qualit\u00e9 aupr\u00e8s d\u2019une client\u00e8le exigeante.<\/p>\n<p>[\/vc_column_text][vc_empty_space height=\u00a0\u00bb180px\u00a0\u00bb el_class=\u00a0\u00bbespace-vide-responsive\u00a0\u00bb][\/vc_column][vc_column width=\u00a0\u00bb1\/2&Prime; css=\u00a0\u00bb.vc_custom_1616424004643{background-image: url(https:\/\/www.pizza-mongelli.com\/franchise\/wp-content\/uploads\/2021\/03\/DSC_9943.png?id=224) !important;background-position: center !important;background-repeat: no-repeat !important;background-size: cover !important;}\u00a0\u00bb][vc_empty_space height=\u00a0\u00bb350px\u00a0\u00bb][\/vc_column][\/vc_row][vc_row full_width=\u00a0\u00bbstretch_row_content_no_spaces\u00a0\u00bb equal_height=\u00a0\u00bbyes\u00a0\u00bb rtl_reverse=\u00a0\u00bbyes\u00a0\u00bb content_placement=\u00a0\u00bbmiddle\u00a0\u00bb el_class=\u00a0\u00bbreverseMob\u00a0\u00bb][vc_column width=\u00a0\u00bb1\/2&Prime; css=\u00a0\u00bb.vc_custom_1627510817978{background-image: url(https:\/\/www.pizza-mongelli.com\/franchise\/wp-content\/uploads\/2021\/04\/pizza_divers.jpg?id=562) !important;background-position: center !important;background-repeat: no-repeat !important;background-size: cover !important;}\u00a0\u00bb][vc_empty_space height=\u00a0\u00bb350px\u00a0\u00bb][\/vc_column][vc_column width=\u00a0\u00bb1\/2&Prime; css=\u00a0\u00bb.vc_custom_1627510982350{padding-right: 180px !important;padding-left: 180px !important;background-position: center !important;background-repeat: no-repeat !important;background-size: cover !important;}\u00a0\u00bb el_class=\u00a0\u00bbreducePadding\u00a0\u00bb][vc_empty_space height=\u00a0\u00bb180px\u00a0\u00bb el_class=\u00a0\u00bbespace-vide-responsive\u00a0\u00bb]    <div class=\"mongelli-title dark-title center\">\n       \n            <div class=\"sousTitle\"> <\/div>\n            <h2>\n                D\u2019o\u00f9 proviennent nos ingr\u00e9dients ?                <br\/>\n                            <\/h2>\n    <\/div>\n    [vc_empty_space el_class=\u00a0\u00bbespace-vide-responsive\u00a0\u00bb][vc_column_text]<\/p>\n<p style=\"text-align: center;\">D\u2019Italie pour 50% de nos ingr\u00e9dients qui sont essentiels (farine, sauce tomate et mozzarella). La farine est issue d\u2019une collaboration avec des meuniers italiens dont nous vous r\u00e9v\u00e8lerons les secrets. Uniques, les ingr\u00e9dients sont d\u2019une qualit\u00e9 exceptionnelle. Les petits producteurs locaux situ\u00e9s \u00e0 proximit\u00e9 de nos pizzerias nous approvisionnent tous les jours en l\u00e9gumes pour compl\u00e9ter la composition de nos recettes gourmandes.<\/p>\n<p>[\/vc_column_text][vc_empty_space el_class=\u00a0\u00bbespace-vide-responsive\u00a0\u00bb][vc_column_text css=\u00a0\u00bb.vc_custom_1629820017438{margin-bottom: 30px !important;}\u00a0\u00bb]<\/p>\n<h3 style=\"text-align: center;\">Contactez-nous !<\/h3>\n<p>[\/vc_column_text][vc_cta h2=\u00a0\u00bb\u00a0\u00bb h4=\u00a0\u00bbAdoptez nos valeurs simples pour r\u00e9ussir\u00a0\u00bb txt_align=\u00a0\u00bbcenter\u00a0\u00bb style=\u00a0\u00bbcustom\u00a0\u00bb el_width=\u00a0\u00bbxl\u00a0\u00bb add_button=\u00a0\u00bbbottom\u00a0\u00bb btn_title=\u00a0\u00bbEn savoir +\u00a0\u00bb btn_color=\u00a0\u00bbdefault\u00a0\u00bb btn_size=\u00a0\u00bbsm\u00a0\u00bb btn_align=\u00a0\u00bbcenter\u00a0\u00bb btn_link=\u00a0\u00bburl:https%3A%2F%2Fwww.pizza-mongelli.com%2Ffranchise%2Fle-projet%2F|title:En%20savoir%20plus\u00a0\u00bb custom_background=\u00a0\u00bb#51524a\u00a0\u00bb custom_text=\u00a0\u00bb#ffffff\u00a0\u00bb]<\/p>\n<p style=\"text-align: center; color: #fff;\">Convivialit\u00e9, Proximit\u00e9, Loyaut\u00e9<\/p>\n<p>[\/vc_cta][vc_empty_space height=\u00a0\u00bb180px\u00a0\u00bb el_class=\u00a0\u00bbespace-vide-responsive\u00a0\u00bb][\/vc_column][\/vc_row][vc_row full_width=\u00a0\u00bbstretch_row_content_no_spaces\u00a0\u00bb equal_height=\u00a0\u00bbyes\u00a0\u00bb content_placement=\u00a0\u00bbmiddle\u00a0\u00bb][vc_column width=\u00a0\u00bb1\/2&Prime; css=\u00a0\u00bb.vc_custom_1627511200834{padding-right: 180px !important;padding-left: 180px !important;background-color: #d99484 !important;}\u00a0\u00bb el_class=\u00a0\u00bbreducePadding\u00a0\u00bb][vc_empty_space height=\u00a0\u00bb180px\u00a0\u00bb el_class=\u00a0\u00bbespace-vide-responsive\u00a0\u00bb]    <div class=\"mongelli-title  center\">\n       \n            <div class=\"sousTitle\"> <\/div>\n            <h2>\n                Ouvrir une franchise \u00e0 Biarritz\u2026                <br\/>\n                voici quelques donn\u00e9es d\u00e9mographiques et \u00e9conomiques            <\/h2>\n    <\/div>\n    [vc_empty_space height=\u00a0\u00bb50px\u00a0\u00bb el_class=\u00a0\u00bbespace-vide-responsive\u00a0\u00bb][vc_column_text el_class=\u00a0\u00bbtext-white\u00a0\u00bb]<\/p>\n<p style=\"text-align: center;\">Biarritz est une ville baln\u00e9aire \u00e9l\u00e9gante de la c\u00f4te basque au patrimoine historique et culturel riche, de 25\u00a0000 habitants. Proche de Bayonne et de l\u2019Espagne, c\u2019est une destination attirante pour les amateurs de sports avec les grandes plages, les nombreuses \u00e9coles de surf, les golfs et les sports de montagne (randonn\u00e9es, cyclisme, vol \u00e0 voile&#8230;). L\u2019essentiel de l\u2019activit\u00e9 \u00e9conomique est assur\u00e9 par des entreprises du secteur tertiaire, le tourisme d\u2019affaires et le tourisme de masse qui peut atteindre 150\u00a0000 personnes par jour au mois d\u2019ao\u00fbt.<\/p>\n<p>[\/vc_column_text][vc_empty_space height=\u00a0\u00bb100px\u00a0\u00bb el_class=\u00a0\u00bbespace-vide-responsive\u00a0\u00bb]    <div class=\"mongelli-title  center\">\n       \n            <div class=\"sousTitle\"> <\/div>\n            <h2>\n                Comment ouvrir une pizzeria Mongelli en Franchise \u00e0 Biarritz ?                <br\/>\n                            <\/h2>\n    <\/div>\n    [vc_empty_space height=\u00a0\u00bb50px\u00a0\u00bb el_class=\u00a0\u00bbespace-vide-responsive\u00a0\u00bb][vc_column_text el_class=\u00a0\u00bbtext-white\u00a0\u00bb]<\/p>\n<p style=\"text-align: center;\">Nous analysons toutes les candidatures puis nous s\u00e9lectionnons les candidats dont nous pensons qu\u2019ils ont toutes les chances de r\u00e9ussir ce projet. Les candidats \u00e0 la franchise Mongelli sont s\u00e9lectionn\u00e9s sur des qualit\u00e9s humaines et d\u2019engagement que nous revendiquons. Nous les accompagnons de mani\u00e8re personnalis\u00e9 afin de r\u00e9pondre \u00e0 toutes leurs sollicitations. Apr\u00e8s une p\u00e9riode de formation dans nos locaux, nous coachons notre nouveau franchis\u00e9 sur le site d\u2019exploitation afin de l\u2019aider \u00e0 lancer son activit\u00e9 puis l\u2019animateur de r\u00e9seau prend le relais.<\/p>\n<p>[\/vc_column_text][vc_empty_space height=\u00a0\u00bb180px\u00a0\u00bb el_class=\u00a0\u00bbespace-vide-responsive\u00a0\u00bb][\/vc_column][vc_column width=\u00a0\u00bb1\/2&Prime; css=\u00a0\u00bb.vc_custom_1627510898055{padding-right: 200px !important;padding-left: 200px !important;background-image: url(https:\/\/www.pizza-mongelli.com\/franchise\/wp-content\/uploads\/2021\/03\/fil_ariane_ambitions.jpg?id=124) !important;background-position: center !important;background-repeat: no-repeat !important;background-size: cover !important;}\u00a0\u00bb][vc_empty_space height=\u00a0\u00bb350px\u00a0\u00bb][\/vc_column][\/vc_row][vc_row full_width=\u00a0\u00bbstretch_row_content_no_spaces\u00a0\u00bb equal_height=\u00a0\u00bbyes\u00a0\u00bb content_placement=\u00a0\u00bbmiddle\u00a0\u00bb el_class=\u00a0\u00bbreducePadding reverseMob\u00a0\u00bb][vc_column width=\u00a0\u00bb1\/2&Prime; css=\u00a0\u00bb.vc_custom_1616425969821{background-image: url(https:\/\/www.pizza-mongelli.com\/franchise\/wp-content\/uploads\/2021\/03\/franchise_mongelli.png?id=249) !important;background-position: center !important;background-repeat: no-repeat !important;background-size: cover !important;}\u00a0\u00bb][vc_empty_space height=\u00a0\u00bb350px\u00a0\u00bb][\/vc_column][vc_column width=\u00a0\u00bb1\/2&Prime; css=\u00a0\u00bb.vc_custom_1627511283604{padding-right: 180px !important;padding-left: 180px !important;background-position: center !important;background-repeat: no-repeat !important;background-size: cover !important;}\u00a0\u00bb el_class=\u00a0\u00bbreverseMob\u00a0\u00bb][vc_empty_space height=\u00a0\u00bb180px\u00a0\u00bb el_class=\u00a0\u00bbespace-vide-responsive\u00a0\u00bb]    <div class=\"mongelli-title dark-title center\">\n       \n            <div class=\"sousTitle\"> <\/div>\n            <h2>\n                Nouveau franchis\u00e9 Pizza Mongelli, notre \u00e9quipe vous apporte tout son soutien                <br\/>\n                            <\/h2>\n    <\/div>\n    [vc_empty_space el_class=\u00a0\u00bbespace-vide-responsive\u00a0\u00bb][vc_column_text]<\/p>\n<ul>\n<li>Formation de 3 mois sur le site de la maison m\u00e8re. Passage \u00e0 tous les postes cl\u00e9s du restaurant pizzeria (l\u2019accueil, la prise de commandes, le nettoyage du mat\u00e9riel et des locaux, la confection de la farine, la r\u00e9alisation de la p\u00e2te \u00e0 pizzas, la garniture des pizzas et la cuisson des pizzas).<\/li>\n<li>Aide \u00e0 l\u2019agencement de votre local commercial.<\/li>\n<li>Formation sur site avant ouverture puis lors des 2 semaines de d\u00e9marrage.<\/li>\n<li>Point r\u00e9gulier avec l\u2019animateur de franchise pour d\u00e9velopper l\u2019affaire.<\/li>\n<li>\u00c9changes et partages d\u2019exp\u00e9riences avec tous les franchis\u00e9s de la marque Mongelli.<\/li>\n<li>Conventions annuelles et formation continue.<\/li>\n<\/ul>\n<p>[\/vc_column_text][vc_empty_space el_class=\u00a0\u00bbespace-vide-responsive\u00a0\u00bb][vc_column_text css=\u00a0\u00bb.vc_custom_1629820192803{margin-bottom: 30px !important;}\u00a0\u00bb]<\/p>\n<h3 style=\"text-align: center; margin: 0;\">Vous \u00eates s\u00e9duit\u2026<\/h3>\n<h3 style=\"text-align: center; margin: 0;\">Renseignez-vous aupr\u00e8s de nous !<\/h3>\n<p>[\/vc_column_text][vc_cta h2=\u00a0\u00bb\u00a0\u00bb h4=\u00a0\u00bbAccompagner et soutenir nos franchis\u00e9s, une d\u00e9marche positive pour r\u00e9ussir\u00a0\u00bb txt_align=\u00a0\u00bbcenter\u00a0\u00bb style=\u00a0\u00bbcustom\u00a0\u00bb el_width=\u00a0\u00bbxl\u00a0\u00bb add_button=\u00a0\u00bbbottom\u00a0\u00bb btn_title=\u00a0\u00bbEn savoir +\u00a0\u00bb btn_color=\u00a0\u00bbdefault\u00a0\u00bb btn_size=\u00a0\u00bbsm\u00a0\u00bb btn_align=\u00a0\u00bbcenter\u00a0\u00bb btn_link=\u00a0\u00bburl:https%3A%2F%2Fyoutu.be%2FZ-ZiQ5FaoLE|title:En%20savoir%20plus|target:_blank\u00a0\u00bb custom_background=\u00a0\u00bb#51524a\u00a0\u00bb custom_text=\u00a0\u00bb#ffffff\u00a0\u00bb]<\/p>\n<p style=\"text-align: center; color: #fff;\">Une \u00e9quipe \u00e0 vos c\u00f4t\u00e9s<\/p>\n<p>[\/vc_cta][vc_empty_space height=\u00a0\u00bb50px\u00a0\u00bb el_class=\u00a0\u00bbespace-vide-responsive\u00a0\u00bb][vc_empty_space height=\u00a0\u00bb180px\u00a0\u00bb el_class=\u00a0\u00bbespace-vide-responsive\u00a0\u00bb][\/vc_column][\/vc_row][vc_row full_width=\u00a0\u00bbstretch_row_content_no_spaces\u00a0\u00bb equal_height=\u00a0\u00bbyes\u00a0\u00bb content_placement=\u00a0\u00bbmiddle\u00a0\u00bb][vc_column width=\u00a0\u00bb1\/2&Prime; css=\u00a0\u00bb.vc_custom_1627511676795{padding-right: 180px !important;padding-left: 180px !important;background-color: #51524a !important;}\u00a0\u00bb el_class=\u00a0\u00bbreducePadding\u00a0\u00bb][vc_empty_space height=\u00a0\u00bb180px\u00a0\u00bb el_class=\u00a0\u00bbespace-vide-responsive\u00a0\u00bb]    <div class=\"mongelli-title  center\">\n       \n            <div class=\"sousTitle\"> <\/div>\n            <h2>\n                Une \u00e9quipe de professionnel aux c\u00f4t\u00e9s des franchis\u00e9s pizza Mongelli                <br\/>\n                            <\/h2>\n    <\/div>\n    [vc_empty_space height=\u00a0\u00bb50px\u00a0\u00bb el_class=\u00a0\u00bbespace-vide-responsive\u00a0\u00bb][vc_column_text el_class=\u00a0\u00bbtext-white\u00a0\u00bb]<\/p>\n<ul>\n<li>Les fondateurs Pinin et Eva Mongelli vous enseignent leur savoir-faire sans \u00e9gal.<\/li>\n<li>La Responsable du d\u00e9veloppement de r\u00e9seau\u00a0Carlotta Mongelli vous accompagne pour choisir votre local commercial et am\u00e9nager son int\u00e9rieur.<\/li>\n<li>La Responsable marketing et produits Camilla Mongelli vous appuie pour d\u00e9velopper votre strat\u00e9gie commerciale.<\/li>\n<li>Les Responsables de formation et l\u2019\u00e9quipe d\u2019ouverture vous accompagnent et vous soutiennent tout au long de la cr\u00e9ation de votre franchise.<\/li>\n<li>L\u2019animateur de r\u00e9seau et l\u2019animateur technique sont l\u00e0 tout au long de votre contrat de franchis\u00e9 pour vous aider.<\/li>\n<\/ul>\n<p>[\/vc_column_text][vc_empty_space el_class=\u00a0\u00bbespace-vide-responsive\u00a0\u00bb][vc_column_text css=\u00a0\u00bb.vc_custom_1629820466044{margin-bottom: 30px !important;}\u00a0\u00bb]<\/p>\n<h3 style=\"text-align: center; margin: 0; color: #fff;\">Prenez conseil aupr\u00e8s de nous\u00a0!<\/h3>\n<p>[\/vc_column_text][vc_cta h2=\u00a0\u00bb\u00a0\u00bb h4=\u00a0\u00bbUne \u00e9quipe autour de vous pour votre franchise Pizza Mongelli\u00a0\u00bb txt_align=\u00a0\u00bbcenter\u00a0\u00bb style=\u00a0\u00bbcustom\u00a0\u00bb el_width=\u00a0\u00bbxl\u00a0\u00bb add_button=\u00a0\u00bbbottom\u00a0\u00bb btn_title=\u00a0\u00bbEn savoir +\u00a0\u00bb btn_color=\u00a0\u00bbdefault\u00a0\u00bb btn_size=\u00a0\u00bbsm\u00a0\u00bb btn_align=\u00a0\u00bbcenter\u00a0\u00bb btn_link=\u00a0\u00bburl:https%3A%2F%2Fwww.pizza-mongelli.com%2Ffranchise%2Faccompagnement%2F|title:En%20savoir%20plus\u00a0\u00bb custom_background=\u00a0\u00bb#d99484&Prime; custom_text=\u00a0\u00bb#ffffff\u00a0\u00bb][\/vc_cta][vc_empty_space height=\u00a0\u00bb180px\u00a0\u00bb el_class=\u00a0\u00bbespace-vide-responsive\u00a0\u00bb][\/vc_column][vc_column width=\u00a0\u00bb1\/2&Prime; css=\u00a0\u00bb.vc_custom_1627511395529{padding-right: 200px !important;padding-left: 200px !important;background-image: url(https:\/\/www.pizza-mongelli.com\/franchise\/wp-content\/uploads\/2021\/03\/candidature.jpg?id=258) !important;background-position: center !important;background-repeat: no-repeat !important;background-size: cover !important;}\u00a0\u00bb][vc_empty_space height=\u00a0\u00bb350px\u00a0\u00bb][\/vc_column][\/vc_row][vc_row full_width=\u00a0\u00bbstretch_row\u00a0\u00bb content_placement=\u00a0\u00bbmiddle\u00a0\u00bb css=\u00a0\u00bb.vc_custom_1627512329962{padding-top: 100px !important;padding-bottom: 80px !important;background-color: #d99484 !important;}\u00a0\u00bb][vc_column][vc_column_text el_class=\u00a0\u00bbtext-white\u00a0\u00bb]<\/p>\n<h2 style=\"text-align: center;\">Ouvrir une pizzeria \u00e0 Biarritz &amp; devenir franchis\u00e9 Pizza Mongelli&#8230;<\/h2>\n<h3 style=\"text-align: center;\">Faites de votre r\u00eave UNE R\u00e9alit\u00e9 !<\/h3>\n<p>[\/vc_column_text][vc_empty_space height=\u00a0\u00bb50px\u00a0\u00bb el_class=\u00a0\u00bbespace-vide-responsive\u00a0\u00bb]    <div class=\"mongelli-button-rounded center\">\n        <a class=\" btn-mongelli-rounded-marron\" href=\"ps:\/\/www.pizza-mongelli.com\/franchise\/je-deviens-franchise\/\" title=\"Je me renseigne\" >Je me renseigne<\/a>    <\/div>\n    [\/vc_column][\/vc_row]<\/p>\n","protected":false},"excerpt":{"rendered":"<p>[vc_row full_width=\u00a0\u00bbstretch_row\u00a0\u00bb el_class=\u00a0\u00bbintroPage\u00a0\u00bb css=\u00a0\u00bb.vc_custom_1616423406003{background-image: url(https:\/\/www.pizza-mongelli.com\/franchise\/wp-content\/uploads\/2021\/03\/Tournefeuille.png?id=210) !important;background-position: center !important;background-repeat: no-repeat !important;background-size: cover !important;}\u00a0\u00bb][vc_column][vc_column_text] Franchise Pizza Biarritz &#8211; pizza Mongelli [\/vc_column_text][vc_empty_space el_class=\u00a0\u00bbespace-vide-responsive\u00a0\u00bb][vc_column_text&#8230;<\/p>\n","protected":false},"author":4,"featured_media":0,"parent":494,"menu_order":0,"comment_status":"closed","ping_status":"closed","template":"","meta":{"_monsterinsights_skip_tracking":false,"_monsterinsights_sitenote_active":false,"_monsterinsights_sitenote_note":"","_monsterinsights_sitenote_category":0,"footnotes":""},"tags":[],"class_list":["post-703","page","type-page","status-publish","hentry"],"yoast_head":"<!-- This site is optimized with the Yoast SEO plugin v16.4 - https:\/\/yoast.com\/wordpress\/plugins\/seo\/ -->\n<title>Franchise Pizza Biarritz - Ouvrez votre pizzeria Mongelli \u00e0 Biarritz<\/title>\n<meta name=\"description\" content=\"Ouvrez votre franchise de pizza \u00e0 Biarritz et int\u00e9grez la marque Pizza Mongelli. \u00c0 nos c\u00f4t\u00e9s, r\u00e9ussissez votre franchise dans la pizzeria.\" \/>\n<meta name=\"robots\" content=\"index, follow, max-snippet:-1, max-image-preview:large, max-video-preview:-1\" \/>\n<link rel=\"canonical\" href=\"https:\/\/www.pizza-mongelli.com\/franchise\/developpement\/franchise-pizza-biarritz\/\" \/>\n<meta property=\"og:locale\" content=\"fr_FR\" \/>\n<meta property=\"og:type\" content=\"article\" \/>\n<meta property=\"og:title\" content=\"Franchise Pizza Biarritz - Ouvrez votre pizzeria Mongelli \u00e0 Biarritz\" \/>\n<meta property=\"og:description\" content=\"Ouvrez votre franchise de pizza \u00e0 Biarritz et int\u00e9grez la marque Pizza Mongelli. \u00c0 nos c\u00f4t\u00e9s, r\u00e9ussissez votre franchise dans la pizzeria.\" \/>\n<meta property=\"og:url\" content=\"https:\/\/www.pizza-mongelli.com\/franchise\/developpement\/franchise-pizza-biarritz\/\" \/>\n<meta property=\"og:site_name\" content=\"Pizza Mongelli\" \/>\n<meta property=\"article:modified_time\" content=\"2022-02-08T14:53:46+00:00\" \/>\n<meta name=\"twitter:card\" content=\"summary_large_image\" \/>\n<meta name=\"twitter:label1\" content=\"Dur\u00e9e de lecture est.\" \/>\n\t<meta name=\"twitter:data1\" content=\"5 minutes\" \/>\n<script type=\"application\/ld+json\" class=\"yoast-schema-graph\">{\"@context\":\"https:\/\/schema.org\",\"@graph\":[{\"@type\":\"WebSite\",\"@id\":\"https:\/\/www.pizza-mongelli.com\/franchise\/#website\",\"url\":\"https:\/\/www.pizza-mongelli.com\/franchise\/\",\"name\":\"Pizza Mongelli\",\"description\":\"\",\"potentialAction\":[{\"@type\":\"SearchAction\",\"target\":\"https:\/\/www.pizza-mongelli.com\/franchise\/?s={search_term_string}\",\"query-input\":\"required name=search_term_string\"}],\"inLanguage\":\"fr-FR\"},{\"@type\":\"WebPage\",\"@id\":\"https:\/\/www.pizza-mongelli.com\/franchise\/developpement\/franchise-pizza-biarritz\/#webpage\",\"url\":\"https:\/\/www.pizza-mongelli.com\/franchise\/developpement\/franchise-pizza-biarritz\/\",\"name\":\"Franchise Pizza Biarritz - Ouvrez votre pizzeria Mongelli \\u00e0 Biarritz\",\"isPartOf\":{\"@id\":\"https:\/\/www.pizza-mongelli.com\/franchise\/#website\"},\"datePublished\":\"2021-08-24T15:55:34+00:00\",\"dateModified\":\"2022-02-08T14:53:46+00:00\",\"description\":\"Ouvrez votre franchise de pizza \\u00e0 Biarritz et int\\u00e9grez la marque Pizza Mongelli. \\u00c0 nos c\\u00f4t\\u00e9s, r\\u00e9ussissez votre franchise dans la pizzeria.\",\"breadcrumb\":{\"@id\":\"https:\/\/www.pizza-mongelli.com\/franchise\/developpement\/franchise-pizza-biarritz\/#breadcrumb\"},\"inLanguage\":\"fr-FR\",\"potentialAction\":[{\"@type\":\"ReadAction\",\"target\":[\"https:\/\/www.pizza-mongelli.com\/franchise\/developpement\/franchise-pizza-biarritz\/\"]}]},{\"@type\":\"BreadcrumbList\",\"@id\":\"https:\/\/www.pizza-mongelli.com\/franchise\/developpement\/franchise-pizza-biarritz\/#breadcrumb\",\"itemListElement\":[{\"@type\":\"ListItem\",\"position\":1,\"item\":{\"@type\":\"WebPage\",\"@id\":\"https:\/\/www.pizza-mongelli.com\/franchise\/\",\"url\":\"https:\/\/www.pizza-mongelli.com\/franchise\/\",\"name\":\"Accueil\"}},{\"@type\":\"ListItem\",\"position\":2,\"item\":{\"@type\":\"WebPage\",\"@id\":\"https:\/\/www.pizza-mongelli.com\/franchise\/developpement\/\",\"url\":\"https:\/\/www.pizza-mongelli.com\/franchise\/developpement\/\",\"name\":\"D\\u00e9veloppement\"}},{\"@type\":\"ListItem\",\"position\":3,\"item\":{\"@id\":\"https:\/\/www.pizza-mongelli.com\/franchise\/developpement\/franchise-pizza-biarritz\/#webpage\"}}]}]}<\/script>\n<!-- \/ Yoast SEO plugin. -->","_links":{"self":[{"href":"https:\/\/www.pizza-mongelli.com\/franchise\/wp-json\/wp\/v2\/pages\/703","targetHints":{"allow":["GET"]}}],"collection":[{"href":"https:\/\/www.pizza-mongelli.com\/franchise\/wp-json\/wp\/v2\/pages"}],"about":[{"href":"https:\/\/www.pizza-mongelli.com\/franchise\/wp-json\/wp\/v2\/types\/page"}],"author":[{"embeddable":true,"href":"https:\/\/www.pizza-mongelli.com\/franchise\/wp-json\/wp\/v2\/users\/4"}],"replies":[{"embeddable":true,"href":"https:\/\/www.pizza-mongelli.com\/franchise\/wp-json\/wp\/v2\/comments?post=703"}],"version-history":[{"count":8,"href":"https:\/\/www.pizza-mongelli.com\/franchise\/wp-json\/wp\/v2\/pages\/703\/revisions"}],"predecessor-version":[{"id":783,"href":"https:\/\/www.pizza-mongelli.com\/franchise\/wp-json\/wp\/v2\/pages\/703\/revisions\/783"}],"up":[{"embeddable":true,"href":"https:\/\/www.pizza-mongelli.com\/franchise\/wp-json\/wp\/v2\/pages\/494"}],"wp:attachment":[{"href":"https:\/\/www.pizza-mongelli.com\/franchise\/wp-json\/wp\/v2\/media?parent=703"}],"wp:term":[{"taxonomy":"post_tag","embeddable":true,"href":"https:\/\/www.pizza-mongelli.com\/franchise\/wp-json\/wp\/v2\/tags?post=703"}],"curies":[{"name":"wp","href":"https:\/\/api.w.org\/{rel}","templated":true}]}}