{"id":702,"date":"2021-08-24T17:41:03","date_gmt":"2021-08-24T15:41:03","guid":{"rendered":"https:\/\/www.pizza-mongelli.com\/franchise\/?page_id=702"},"modified":"2022-02-08T15:50:19","modified_gmt":"2022-02-08T14:50:19","slug":"franchise-pizza-bayonne","status":"publish","type":"page","link":"https:\/\/www.pizza-mongelli.com\/franchise\/developpement\/franchise-pizza-bayonne\/","title":{"rendered":"Franchise Pizza Bayonne"},"content":{"rendered":"<p>[vc_row full_width=\u00a0\u00bbstretch_row\u00a0\u00bb el_class=\u00a0\u00bbintroPage\u00a0\u00bb css=\u00a0\u00bb.vc_custom_1616423406003{background-image: url(https:\/\/www.pizza-mongelli.com\/franchise\/wp-content\/uploads\/2021\/03\/Tournefeuille.png?id=210) !important;background-position: center !important;background-repeat: no-repeat !important;background-size: cover !important;}\u00a0\u00bb][vc_column][vc_column_text]<\/p>\n<h1 style=\"text-align: center;\">Franchise Pizza Bayonne &#8211; pizza Mongelli<\/h1>\n<p>[\/vc_column_text][vc_empty_space el_class=\u00a0\u00bbespace-vide-responsive\u00a0\u00bb][vc_column_text el_class=\u00a0\u00bbbreadcrumbs\u00a0\u00bb]<span><span><a href=\"https:\/\/www.pizza-mongelli.com\/franchise\/\">Accueil<\/a><\/span>[\/vc_column_text][\/vc_column][\/vc_row][vc_row full_width=\u00a0\u00bbstretch_row_content_no_spaces\u00a0\u00bb equal_height=\u00a0\u00bbyes\u00a0\u00bb content_placement=\u00a0\u00bbmiddle\u00a0\u00bb][vc_column css=\u00a0\u00bb.vc_custom_1620145062564{padding-right: 200px !important;padding-left: 200px !important;}\u00a0\u00bb el_class=\u00a0\u00bbreducePadding\u00a0\u00bb][vc_empty_space height=\u00a0\u00bb50px\u00a0\u00bb el_class=\u00a0\u00bbespace-vide-responsive\u00a0\u00bb]    <div class=\"mongelli-title dark-title center\">\n       \n            <div class=\"sousTitle\">Entrepreneur et professionnel, vous \u00eates un commer\u00e7ant restaurateur dans l\u2019\u00e2me <\/div>\n            <h2>\n                OUVREZ VOTRE PIZZERIA MONGELLI EN FRANCHISE \u00c0 BAYONNE !                <br\/>\n                            <\/h2>\n    <\/div>\n    [vc_empty_space height=\u00a0\u00bb50px\u00a0\u00bb el_class=\u00a0\u00bbespace-vide-responsive\u00a0\u00bb][vc_row_inner][vc_column_inner width=\u00a0\u00bb1\/12&Prime;][\/vc_column_inner][vc_column_inner width=\u00a0\u00bb1\/3&Prime;][vc_column_text]D\u00e9couvrez la franchise Pizza Mongelli et cr\u00e9ez votre restaurant pizzeria \u00e0 Bayonne, dans le Pays basque.<br \/>\nLa famille Mongelli est \u00e0 votre c\u00f4t\u00e9 pour ce magnifique projet alors, devenez votre patron ![\/vc_column_text][\/vc_column_inner][vc_column_inner width=\u00a0\u00bb7\/12&Prime;][vc_column_text]<\/p>\n<ul>\n<li>Nous vous accompagnons \u00e0 chaque \u00e9tape de votre projet.<\/li>\n<li>Nous vous transmettons notre savoir-faire et nos valeurs.<\/li>\n<li>Nous nous assurons de votre mont\u00e9e en comp\u00e9tences avant l\u2019ouverture de votre restaurant.<\/li>\n<\/ul>\n<p>[\/vc_column_text][\/vc_column_inner][\/vc_row_inner][vc_empty_space height=\u00a0\u00bb50px\u00a0\u00bb el_class=\u00a0\u00bbespace-vide-responsive\u00a0\u00bb][vc_row_inner][vc_column_inner width=\u00a0\u00bb1\/6&Prime;][\/vc_column_inner][vc_column_inner width=\u00a0\u00bb2\/3&Prime;][vc_column_text]<\/p>\n<h3 style=\"text-align: center;\">Notre ambition est de b\u00e2tir une franchise professionnelle qui soit \u00e0 taille humaine.<\/h3>\n<p>[\/vc_column_text][\/vc_column_inner][vc_column_inner width=\u00a0\u00bb1\/6&Prime;][\/vc_column_inner][\/vc_row_inner][vc_empty_space height=\u00a0\u00bb50px\u00a0\u00bb el_class=\u00a0\u00bbespace-vide-responsive\u00a0\u00bb][vc_cta h2=\u00a0\u00bb\u00a0\u00bb h4=\u00a0\u00bbNotre franchise en quelques chiffres\u00a0\u00bb txt_align=\u00a0\u00bbcenter\u00a0\u00bb style=\u00a0\u00bbcustom\u00a0\u00bb add_button=\u00a0\u00bbbottom\u00a0\u00bb btn_title=\u00a0\u00bbEn savoir +\u00a0\u00bb btn_color=\u00a0\u00bbdefault\u00a0\u00bb btn_size=\u00a0\u00bbsm\u00a0\u00bb btn_align=\u00a0\u00bbcenter\u00a0\u00bb btn_link=\u00a0\u00bburl:https%3A%2F%2Fwww.pizza-mongelli.com%2Ffranchise%2Fdeveloppement%2F|title:En%20savoir%20plus\u00a0\u00bb custom_background=\u00a0\u00bb#51524a\u00a0\u00bb custom_text=\u00a0\u00bb#ffffff\u00a0\u00bb]<\/p>\n<p style=\"text-align: center; color: #fff;\">droits d\u2019entr\u00e9e, apport, CA possible<\/p>\n<p>[\/vc_cta][vc_empty_space el_class=\u00a0\u00bbespace-vide-responsive\u00a0\u00bb][\/vc_column][\/vc_row][vc_row full_width=\u00a0\u00bbstretch_row_content_no_spaces\u00a0\u00bb equal_height=\u00a0\u00bbyes\u00a0\u00bb content_placement=\u00a0\u00bbmiddle\u00a0\u00bb][vc_column width=\u00a0\u00bb1\/2&Prime; css=\u00a0\u00bb.vc_custom_1627511669506{padding-right: 180px !important;padding-left: 180px !important;background-color: #51524a !important;}\u00a0\u00bb el_class=\u00a0\u00bbreducePadding\u00a0\u00bb][vc_empty_space height=\u00a0\u00bb180px\u00a0\u00bb el_class=\u00a0\u00bbespace-vide-responsive\u00a0\u00bb]    <div class=\"mongelli-title  center\">\n       \n            <div class=\"sousTitle\"> <\/div>\n            <h2>\n                Pourquoi ouvrir une pizzeria Mongelli en Franchise \u00e0 Bayonne ?                <br\/>\n                            <\/h2>\n    <\/div>\n    [vc_empty_space el_class=\u00a0\u00bbespace-vide-responsive\u00a0\u00bb][vc_column_text el_class=\u00a0\u00bbtext-white\u00a0\u00bb]<\/p>\n<p style=\"text-align: center;\">L\u2019envie de vous installer \u00e0 votre compte dans la restauration \u00e0 Bayonne et plus particuli\u00e8rement dans l\u2019univers de la pizza devient comme une \u00e9vidence, mais vous aimeriez \u00eatre accompagn\u00e9 par des professionnels qui proposent un concept s\u00e9rieux et de qualit\u00e9. Nous sommes faits pour nous rencontrer car nous recherchons un candidat pour ouvrir une <strong>franchise Pizza Mongelli \u00e0 Bayonne<\/strong>. Int\u00e9grer notre franchise, c\u2019est rejoindre un groupe dynamique qui partage la passion pour la pizza d\u2019excellence, constitu\u00e9e d\u2019ingr\u00e9dients de haute tenue et servie \u00e0 sa client\u00e8le dans la bonne humeur\u00a0; la joie et le partage.<\/p>\n<p>[\/vc_column_text][vc_empty_space height=\u00a0\u00bb180px\u00a0\u00bb el_class=\u00a0\u00bbespace-vide-responsive\u00a0\u00bb][\/vc_column][vc_column width=\u00a0\u00bb1\/2&Prime; css=\u00a0\u00bb.vc_custom_1616424004643{background-image: url(https:\/\/www.pizza-mongelli.com\/franchise\/wp-content\/uploads\/2021\/03\/DSC_9943.png?id=224) !important;background-position: center !important;background-repeat: no-repeat !important;background-size: cover !important;}\u00a0\u00bb][vc_empty_space height=\u00a0\u00bb350px\u00a0\u00bb][\/vc_column][\/vc_row][vc_row full_width=\u00a0\u00bbstretch_row_content_no_spaces\u00a0\u00bb equal_height=\u00a0\u00bbyes\u00a0\u00bb rtl_reverse=\u00a0\u00bbyes\u00a0\u00bb content_placement=\u00a0\u00bbmiddle\u00a0\u00bb el_class=\u00a0\u00bbreverseMob\u00a0\u00bb][vc_column width=\u00a0\u00bb1\/2&Prime; css=\u00a0\u00bb.vc_custom_1627510817978{background-image: url(https:\/\/www.pizza-mongelli.com\/franchise\/wp-content\/uploads\/2021\/04\/pizza_divers.jpg?id=562) !important;background-position: center !important;background-repeat: no-repeat !important;background-size: cover !important;}\u00a0\u00bb][vc_empty_space height=\u00a0\u00bb350px\u00a0\u00bb][\/vc_column][vc_column width=\u00a0\u00bb1\/2&Prime; css=\u00a0\u00bb.vc_custom_1627510982350{padding-right: 180px !important;padding-left: 180px !important;background-position: center !important;background-repeat: no-repeat !important;background-size: cover !important;}\u00a0\u00bb el_class=\u00a0\u00bbreducePadding\u00a0\u00bb][vc_empty_space height=\u00a0\u00bb180px\u00a0\u00bb el_class=\u00a0\u00bbespace-vide-responsive\u00a0\u00bb]    <div class=\"mongelli-title dark-title center\">\n       \n            <div class=\"sousTitle\"> <\/div>\n            <h2>\n                D\u2019o\u00f9 proviennent nos ingr\u00e9dients ?                <br\/>\n                            <\/h2>\n    <\/div>\n    [vc_empty_space el_class=\u00a0\u00bbespace-vide-responsive\u00a0\u00bb][vc_column_text]<\/p>\n<p style=\"text-align: center;\">Tous les ingr\u00e9dients qui composent nos pizzas sont de qualit\u00e9. C\u2019est un engagement fort de la famille Mongelli\u00a0! 50% des ingr\u00e9dients proviennent d\u2019Italie (farine, sauce tomate et mozzarella) et nous nous approvisionnons aupr\u00e8s des petits producteurs locaux pour tous les l\u00e9gumes. Savez-vous que nous avons notre propre farine\u00a0? La farine \u00ab\u00a0Mix Mongelli\u00a0\u00bb est unique et compos\u00e9e d\u2019ingr\u00e9dients sans OGM.<\/p>\n<p>[\/vc_column_text][vc_empty_space el_class=\u00a0\u00bbespace-vide-responsive\u00a0\u00bb][vc_column_text css=\u00a0\u00bb.vc_custom_1629819125197{margin-bottom: 30px !important;}\u00a0\u00bb]<\/p>\n<h3 style=\"text-align: center;\">S\u00e9duits\u00a0? Contactez-nous\u00a0!<\/h3>\n<p>[\/vc_column_text][vc_cta h2=\u00a0\u00bb\u00a0\u00bb h4=\u00a0\u00bbAdoptez nos valeurs essentielles \u00e0 votre projet\u00a0\u00bb txt_align=\u00a0\u00bbcenter\u00a0\u00bb style=\u00a0\u00bbcustom\u00a0\u00bb el_width=\u00a0\u00bbxl\u00a0\u00bb add_button=\u00a0\u00bbbottom\u00a0\u00bb btn_title=\u00a0\u00bbEn savoir +\u00a0\u00bb btn_color=\u00a0\u00bbdefault\u00a0\u00bb btn_size=\u00a0\u00bbsm\u00a0\u00bb btn_align=\u00a0\u00bbcenter\u00a0\u00bb btn_link=\u00a0\u00bburl:https%3A%2F%2Fwww.pizza-mongelli.com%2Ffranchise%2Fle-projet%2F|title:En%20savoir%20plus\u00a0\u00bb custom_background=\u00a0\u00bb#51524a\u00a0\u00bb custom_text=\u00a0\u00bb#ffffff\u00a0\u00bb]<\/p>\n<p style=\"text-align: center; color: #fff;\">Convivialit\u00e9, Proximit\u00e9, Loyaut\u00e9<\/p>\n<p>[\/vc_cta][vc_empty_space height=\u00a0\u00bb180px\u00a0\u00bb el_class=\u00a0\u00bbespace-vide-responsive\u00a0\u00bb][\/vc_column][\/vc_row][vc_row full_width=\u00a0\u00bbstretch_row_content_no_spaces\u00a0\u00bb equal_height=\u00a0\u00bbyes\u00a0\u00bb content_placement=\u00a0\u00bbmiddle\u00a0\u00bb][vc_column width=\u00a0\u00bb1\/2&Prime; css=\u00a0\u00bb.vc_custom_1627511200834{padding-right: 180px !important;padding-left: 180px !important;background-color: #d99484 !important;}\u00a0\u00bb el_class=\u00a0\u00bbreducePadding\u00a0\u00bb][vc_empty_space height=\u00a0\u00bb180px\u00a0\u00bb el_class=\u00a0\u00bbespace-vide-responsive\u00a0\u00bb]    <div class=\"mongelli-title  center\">\n       \n            <div class=\"sousTitle\"> <\/div>\n            <h2>\n                Ouvrir une franchise \u00e0 Bayonne\u2026                <br\/>\n                voici quelques donn\u00e9es d\u00e9mographiques et \u00e9conomiques            <\/h2>\n    <\/div>\n    [vc_empty_space height=\u00a0\u00bb50px\u00a0\u00bb el_class=\u00a0\u00bbespace-vide-responsive\u00a0\u00bb][vc_column_text el_class=\u00a0\u00bbtext-white\u00a0\u00bb]<\/p>\n<p style=\"text-align: center;\">Bayonne est une ville du sud-ouest de plus de 50\u00a0000 habitants, voisine de la c\u00f4te atlantique. Proche des contreforts des Pyr\u00e9n\u00e9es et \u00e0 proximit\u00e9 imm\u00e9diate de l\u2019oc\u00e9an, Bayonne profite d\u2019une importante activit\u00e9 touristique. Le patrimoine historique m\u00e9di\u00e9val, le patrimoine culturel et la gastronomie locale attirent de nombreux visiteurs. Bayonne vit aussi de son activit\u00e9 \u00e9conomique du p\u00f4le tertiaire tout le reste de l\u2019ann\u00e9e.<\/p>\n<p>[\/vc_column_text][vc_empty_space height=\u00a0\u00bb100px\u00a0\u00bb el_class=\u00a0\u00bbespace-vide-responsive\u00a0\u00bb]    <div class=\"mongelli-title  center\">\n       \n            <div class=\"sousTitle\"> <\/div>\n            <h2>\n                Comment ouvrir une pizzeria Mongelli en Franchise \u00e0 Bayonne ?                <br\/>\n                            <\/h2>\n    <\/div>\n    [vc_empty_space height=\u00a0\u00bb50px\u00a0\u00bb el_class=\u00a0\u00bbespace-vide-responsive\u00a0\u00bb][vc_column_text el_class=\u00a0\u00bbtext-white\u00a0\u00bb]<\/p>\n<p style=\"text-align: center;\">Notre d\u00e9marche consiste \u00e0 trouver le ou les candidats id\u00e9als pour <strong>ouvrir une franchise Pizza Mongelli \u00e0 Bayonne<\/strong>.\u2028Nous les s\u00e9lectionnons pour leurs qualit\u00e9s humaines et leurs engagements forts \u00e0 devenir des ambassadeurs de la marque. Accompagn\u00e9s tout au long du processus de formation, nous soutenons nos nouveaux franchis\u00e9s pour que l\u2019ouverture de leur restaurant pizzeria soit une totale r\u00e9ussite. Nous aimons les personnes authentiques qui ont une vraie personnalit\u00e9 et une indicible envie de parvenir \u00e0 leur r\u00eave.<\/p>\n<p>[\/vc_column_text][vc_empty_space height=\u00a0\u00bb180px\u00a0\u00bb el_class=\u00a0\u00bbespace-vide-responsive\u00a0\u00bb][\/vc_column][vc_column width=\u00a0\u00bb1\/2&Prime; css=\u00a0\u00bb.vc_custom_1627510898055{padding-right: 200px !important;padding-left: 200px !important;background-image: url(https:\/\/www.pizza-mongelli.com\/franchise\/wp-content\/uploads\/2021\/03\/fil_ariane_ambitions.jpg?id=124) !important;background-position: center !important;background-repeat: no-repeat !important;background-size: cover !important;}\u00a0\u00bb][vc_empty_space height=\u00a0\u00bb350px\u00a0\u00bb][\/vc_column][\/vc_row][vc_row full_width=\u00a0\u00bbstretch_row_content_no_spaces\u00a0\u00bb equal_height=\u00a0\u00bbyes\u00a0\u00bb content_placement=\u00a0\u00bbmiddle\u00a0\u00bb el_class=\u00a0\u00bbreducePadding reverseMob\u00a0\u00bb][vc_column width=\u00a0\u00bb1\/2&Prime; css=\u00a0\u00bb.vc_custom_1616425969821{background-image: url(https:\/\/www.pizza-mongelli.com\/franchise\/wp-content\/uploads\/2021\/03\/franchise_mongelli.png?id=249) !important;background-position: center !important;background-repeat: no-repeat !important;background-size: cover !important;}\u00a0\u00bb][vc_empty_space height=\u00a0\u00bb350px\u00a0\u00bb][\/vc_column][vc_column width=\u00a0\u00bb1\/2&Prime; css=\u00a0\u00bb.vc_custom_1629819430638{padding-right: 140px !important;padding-left: 140px !important;background-position: center !important;background-repeat: no-repeat !important;background-size: cover !important;}\u00a0\u00bb el_class=\u00a0\u00bbreverseMob\u00a0\u00bb][vc_empty_space height=\u00a0\u00bb180px\u00a0\u00bb el_class=\u00a0\u00bbespace-vide-responsive\u00a0\u00bb]    <div class=\"mongelli-title dark-title center\">\n       \n            <div class=\"sousTitle\"> <\/div>\n            <h2>\n                Nouveau franchis\u00e9 Pizza Mongelli, notre \u00e9quipe vous apporte tout son soutien                <br\/>\n                            <\/h2>\n    <\/div>\n    [vc_empty_space][vc_column_text]<\/p>\n<ul>\n<li>Formation de 3 mois\u00a0: elle s\u2019effectue sur notre site pour b\u00e9n\u00e9ficier de l\u2019appui de tous les membres de notre personnel. Le passage \u00e0 tous les postes cl\u00e9s du restaurant pizzeria permet de ma\u00eetriser toutes les \u00e9tapes du m\u00e9tier\u00a0: l\u2019accueil, la prise de commandes, le nettoyage du mat\u00e9riel et des locaux, la confection de la farine, la r\u00e9alisation de la p\u00e2te \u00e0 pizzas, la garniture des pizzas ainsi que la cuisson des pizzas).<\/li>\n<li>Aide et accompagnement pour le choix de votre local commercial, mais aussi pour d\u00e9terminer l\u2019agencement, l\u2019ameublement et la d\u00e9coration.<\/li>\n<li>Fin de formation dans votre restaurant avant l\u2019ouverture, puis lors des 2 semaines de lancement.<\/li>\n<li>Point r\u00e9gulier r\u00e9alis\u00e9 avec l\u2019animateur de franchise pour s\u2019assurer du bon d\u00e9veloppement de votre activit\u00e9.<\/li>\n<li>\u00c9changes et retours d\u2019exp\u00e9riences avec tous les franchis\u00e9s de la marque Mongelli pour vous aider et vous rassurer.<\/li>\n<li>Conventions annuelles et formation continue.<\/li>\n<\/ul>\n<p>[\/vc_column_text][vc_empty_space el_class=\u00a0\u00bbespace-vide-responsive\u00a0\u00bb][vc_column_text css=\u00a0\u00bb.vc_custom_1629819396233{margin-bottom: 30px !important;}\u00a0\u00bb]<\/p>\n<h3 style=\"text-align: center;\">Vous avez envie de nous rejoindre\u2026<\/h3>\n<h3 style=\"text-align: center;\">Contactez-nous<\/h3>\n<p>[\/vc_column_text][vc_cta h2=\u00a0\u00bb\u00a0\u00bb h4=\u00a0\u00bbAccompagner et soutenir nos franchis\u00e9s, c\u2019est notre volont\u00e9 pour r\u00e9ussir\u00a0\u00bb txt_align=\u00a0\u00bbcenter\u00a0\u00bb style=\u00a0\u00bbcustom\u00a0\u00bb el_width=\u00a0\u00bbxl\u00a0\u00bb add_button=\u00a0\u00bbbottom\u00a0\u00bb btn_title=\u00a0\u00bbEn savoir +\u00a0\u00bb btn_color=\u00a0\u00bbdefault\u00a0\u00bb btn_size=\u00a0\u00bbsm\u00a0\u00bb btn_align=\u00a0\u00bbcenter\u00a0\u00bb btn_link=\u00a0\u00bburl:https%3A%2F%2Fyoutu.be%2FZ-ZiQ5FaoLE|title:En%20savoir%20plus|target:_blank\u00a0\u00bb custom_background=\u00a0\u00bb#51524a\u00a0\u00bb custom_text=\u00a0\u00bb#ffffff\u00a0\u00bb]<\/p>\n<p style=\"text-align: center; color: #fff;\">Une \u00e9quipe \u00e0 vos c\u00f4t\u00e9s<\/p>\n<p>[\/vc_cta][vc_empty_space height=\u00a0\u00bb180px\u00a0\u00bb el_class=\u00a0\u00bbespace-vide-responsive\u00a0\u00bb][\/vc_column][\/vc_row][vc_row full_width=\u00a0\u00bbstretch_row_content_no_spaces\u00a0\u00bb equal_height=\u00a0\u00bbyes\u00a0\u00bb content_placement=\u00a0\u00bbmiddle\u00a0\u00bb][vc_column width=\u00a0\u00bb1\/2&Prime; css=\u00a0\u00bb.vc_custom_1627511676795{padding-right: 180px !important;padding-left: 180px !important;background-color: #51524a !important;}\u00a0\u00bb el_class=\u00a0\u00bbreducePadding\u00a0\u00bb][vc_empty_space height=\u00a0\u00bb180px\u00a0\u00bb el_class=\u00a0\u00bbespace-vide-responsive\u00a0\u00bb]    <div class=\"mongelli-title  center\">\n       \n            <div class=\"sousTitle\"> <\/div>\n            <h2>\n                Une \u00e9quipe de professionnel aux c\u00f4t\u00e9s des franchis\u00e9s pizza Mongelli                <br\/>\n                            <\/h2>\n    <\/div>\n    [vc_empty_space height=\u00a0\u00bb50px\u00a0\u00bb el_class=\u00a0\u00bbespace-vide-responsive\u00a0\u00bb][vc_column_text el_class=\u00a0\u00bbtext-white\u00a0\u00bb]<\/p>\n<ul>\n<li>Les fondateurs Pinin et Eva Mongelli vous transmettent leur savoir-faire unique.<\/li>\n<li>La Responsable du d\u00e9veloppement de r\u00e9seau\u00a0Carlotta Mongelli vous aide pour le choix de votre local, l\u2019agencement et la d\u00e9coration de votre restaurant.<\/li>\n<li>La Responsable marketing et produits Camilla Mongelli vous conseille pour le d\u00e9veloppement de votre commerce.<\/li>\n<li>Les Responsables de formation et l\u2019\u00e9quipe d\u2019ouverture sont disponibles pour vous aider tout au long du processus de cr\u00e9ation de votre franchise.<\/li>\n<li>L\u2019animateur de r\u00e9seau et l\u2019animateur technique sont pr\u00e9sents pour vous conseiller tout au long de votre contrat de franchis\u00e9.<\/li>\n<\/ul>\n<p>[\/vc_column_text][vc_empty_space el_class=\u00a0\u00bbespace-vide-responsive\u00a0\u00bb][vc_column_text css=\u00a0\u00bb.vc_custom_1629820497061{margin-bottom: 30px !important;}\u00a0\u00bb]<\/p>\n<h3 style=\"text-align: center; color: #fff;\">Pour votre franchise pizza, prenez conseil aupr\u00e8s de nous\u00a0!<\/h3>\n<p>[\/vc_column_text][vc_cta h2=\u00a0\u00bb\u00a0\u00bb h4=\u00a0\u00bbUne \u00e9quipe vous soutient pour cr\u00e9er votre franchise Pizza Mongelli\u00a0\u00bb txt_align=\u00a0\u00bbcenter\u00a0\u00bb style=\u00a0\u00bbcustom\u00a0\u00bb el_width=\u00a0\u00bbxl\u00a0\u00bb add_button=\u00a0\u00bbbottom\u00a0\u00bb btn_title=\u00a0\u00bbEn savoir +\u00a0\u00bb btn_color=\u00a0\u00bbdefault\u00a0\u00bb btn_size=\u00a0\u00bbsm\u00a0\u00bb btn_align=\u00a0\u00bbcenter\u00a0\u00bb btn_link=\u00a0\u00bburl:https%3A%2F%2Fwww.pizza-mongelli.com%2Ffranchise%2Faccompagnement%2F|title:En%20savoir%20plus\u00a0\u00bb custom_background=\u00a0\u00bb#d99484&Prime; custom_text=\u00a0\u00bb#ffffff\u00a0\u00bb][\/vc_cta][vc_empty_space height=\u00a0\u00bb180px\u00a0\u00bb el_class=\u00a0\u00bbespace-vide-responsive\u00a0\u00bb][\/vc_column][vc_column width=\u00a0\u00bb1\/2&Prime; css=\u00a0\u00bb.vc_custom_1627511395529{padding-right: 200px !important;padding-left: 200px !important;background-image: url(https:\/\/www.pizza-mongelli.com\/franchise\/wp-content\/uploads\/2021\/03\/candidature.jpg?id=258) !important;background-position: center !important;background-repeat: no-repeat !important;background-size: cover !important;}\u00a0\u00bb][vc_empty_space height=\u00a0\u00bb350px\u00a0\u00bb][\/vc_column][\/vc_row][vc_row full_width=\u00a0\u00bbstretch_row\u00a0\u00bb content_placement=\u00a0\u00bbmiddle\u00a0\u00bb css=\u00a0\u00bb.vc_custom_1627512329962{padding-top: 100px !important;padding-bottom: 80px !important;background-color: #d99484 !important;}\u00a0\u00bb][vc_column][vc_column_text el_class=\u00a0\u00bbtext-white\u00a0\u00bb]<\/p>\n<h2 style=\"text-align: center;\">Ouvrir une pizzeria \u00e0 Bayonne &amp; devenir franchis\u00e9 Pizza Mongelli&#8230;<\/h2>\n<h3 style=\"text-align: center;\">Faites de votre r\u00eave UNE R\u00e9alit\u00e9 !<\/h3>\n<p>[\/vc_column_text][vc_empty_space height=\u00a0\u00bb50px\u00a0\u00bb el_class=\u00a0\u00bbespace-vide-responsive\u00a0\u00bb]    <div class=\"mongelli-button-rounded center\">\n        <a class=\" btn-mongelli-rounded-marron\" href=\"ps:\/\/www.pizza-mongelli.com\/franchise\/je-deviens-franchise\/\" title=\"Je me renseigne\" >Je me renseigne<\/a>    <\/div>\n    [\/vc_column][\/vc_row]<\/p>\n","protected":false},"excerpt":{"rendered":"<p>[vc_row full_width=\u00a0\u00bbstretch_row\u00a0\u00bb el_class=\u00a0\u00bbintroPage\u00a0\u00bb css=\u00a0\u00bb.vc_custom_1616423406003{background-image: url(https:\/\/www.pizza-mongelli.com\/franchise\/wp-content\/uploads\/2021\/03\/Tournefeuille.png?id=210) !important;background-position: center !important;background-repeat: no-repeat !important;background-size: cover !important;}\u00a0\u00bb][vc_column][vc_column_text] Franchise Pizza Bayonne &#8211; pizza Mongelli [\/vc_column_text][vc_empty_space el_class=\u00a0\u00bbespace-vide-responsive\u00a0\u00bb][vc_column_text&#8230;<\/p>\n","protected":false},"author":4,"featured_media":0,"parent":494,"menu_order":0,"comment_status":"closed","ping_status":"closed","template":"","meta":{"_monsterinsights_skip_tracking":false,"_monsterinsights_sitenote_active":false,"_monsterinsights_sitenote_note":"","_monsterinsights_sitenote_category":0,"footnotes":""},"tags":[],"class_list":["post-702","page","type-page","status-publish","hentry"],"yoast_head":"<!-- This site is optimized with the Yoast SEO plugin v16.4 - https:\/\/yoast.com\/wordpress\/plugins\/seo\/ -->\n<title>Franchise Pizza Bayonne - Ouvrez votre pizzeria Mongelli \u00e0 Bayonne<\/title>\n<meta name=\"description\" content=\"Ouvrez votre franchise de pizza \u00e0 Bayonne et int\u00e9grez la marque Pizza Mongelli. \u00c0 nos c\u00f4t\u00e9s, r\u00e9ussissez votre franchise dans la pizzeria.\" \/>\n<meta name=\"robots\" content=\"index, follow, max-snippet:-1, max-image-preview:large, max-video-preview:-1\" \/>\n<link rel=\"canonical\" href=\"https:\/\/www.pizza-mongelli.com\/franchise\/developpement\/franchise-pizza-bayonne\/\" \/>\n<meta property=\"og:locale\" content=\"fr_FR\" \/>\n<meta property=\"og:type\" content=\"article\" \/>\n<meta property=\"og:title\" content=\"Franchise Pizza Bayonne - Ouvrez votre pizzeria Mongelli \u00e0 Bayonne\" \/>\n<meta property=\"og:description\" content=\"Ouvrez votre franchise de pizza \u00e0 Bayonne et int\u00e9grez la marque Pizza Mongelli. \u00c0 nos c\u00f4t\u00e9s, r\u00e9ussissez votre franchise dans la pizzeria.\" \/>\n<meta property=\"og:url\" content=\"https:\/\/www.pizza-mongelli.com\/franchise\/developpement\/franchise-pizza-bayonne\/\" \/>\n<meta property=\"og:site_name\" content=\"Pizza Mongelli\" \/>\n<meta property=\"article:modified_time\" content=\"2022-02-08T14:50:19+00:00\" \/>\n<meta name=\"twitter:card\" content=\"summary_large_image\" \/>\n<meta name=\"twitter:label1\" content=\"Dur\u00e9e de lecture est.\" \/>\n\t<meta name=\"twitter:data1\" content=\"5 minutes\" \/>\n<script type=\"application\/ld+json\" class=\"yoast-schema-graph\">{\"@context\":\"https:\/\/schema.org\",\"@graph\":[{\"@type\":\"WebSite\",\"@id\":\"https:\/\/www.pizza-mongelli.com\/franchise\/#website\",\"url\":\"https:\/\/www.pizza-mongelli.com\/franchise\/\",\"name\":\"Pizza Mongelli\",\"description\":\"\",\"potentialAction\":[{\"@type\":\"SearchAction\",\"target\":\"https:\/\/www.pizza-mongelli.com\/franchise\/?s={search_term_string}\",\"query-input\":\"required name=search_term_string\"}],\"inLanguage\":\"fr-FR\"},{\"@type\":\"WebPage\",\"@id\":\"https:\/\/www.pizza-mongelli.com\/franchise\/developpement\/franchise-pizza-bayonne\/#webpage\",\"url\":\"https:\/\/www.pizza-mongelli.com\/franchise\/developpement\/franchise-pizza-bayonne\/\",\"name\":\"Franchise Pizza Bayonne - Ouvrez votre pizzeria Mongelli \\u00e0 Bayonne\",\"isPartOf\":{\"@id\":\"https:\/\/www.pizza-mongelli.com\/franchise\/#website\"},\"datePublished\":\"2021-08-24T15:41:03+00:00\",\"dateModified\":\"2022-02-08T14:50:19+00:00\",\"description\":\"Ouvrez votre franchise de pizza \\u00e0 Bayonne et int\\u00e9grez la marque Pizza Mongelli. \\u00c0 nos c\\u00f4t\\u00e9s, r\\u00e9ussissez votre franchise dans la pizzeria.\",\"breadcrumb\":{\"@id\":\"https:\/\/www.pizza-mongelli.com\/franchise\/developpement\/franchise-pizza-bayonne\/#breadcrumb\"},\"inLanguage\":\"fr-FR\",\"potentialAction\":[{\"@type\":\"ReadAction\",\"target\":[\"https:\/\/www.pizza-mongelli.com\/franchise\/developpement\/franchise-pizza-bayonne\/\"]}]},{\"@type\":\"BreadcrumbList\",\"@id\":\"https:\/\/www.pizza-mongelli.com\/franchise\/developpement\/franchise-pizza-bayonne\/#breadcrumb\",\"itemListElement\":[{\"@type\":\"ListItem\",\"position\":1,\"item\":{\"@type\":\"WebPage\",\"@id\":\"https:\/\/www.pizza-mongelli.com\/franchise\/\",\"url\":\"https:\/\/www.pizza-mongelli.com\/franchise\/\",\"name\":\"Accueil\"}},{\"@type\":\"ListItem\",\"position\":2,\"item\":{\"@type\":\"WebPage\",\"@id\":\"https:\/\/www.pizza-mongelli.com\/franchise\/developpement\/\",\"url\":\"https:\/\/www.pizza-mongelli.com\/franchise\/developpement\/\",\"name\":\"D\\u00e9veloppement\"}},{\"@type\":\"ListItem\",\"position\":3,\"item\":{\"@id\":\"https:\/\/www.pizza-mongelli.com\/franchise\/developpement\/franchise-pizza-bayonne\/#webpage\"}}]}]}<\/script>\n<!-- \/ Yoast SEO plugin. -->","_links":{"self":[{"href":"https:\/\/www.pizza-mongelli.com\/franchise\/wp-json\/wp\/v2\/pages\/702","targetHints":{"allow":["GET"]}}],"collection":[{"href":"https:\/\/www.pizza-mongelli.com\/franchise\/wp-json\/wp\/v2\/pages"}],"about":[{"href":"https:\/\/www.pizza-mongelli.com\/franchise\/wp-json\/wp\/v2\/types\/page"}],"author":[{"embeddable":true,"href":"https:\/\/www.pizza-mongelli.com\/franchise\/wp-json\/wp\/v2\/users\/4"}],"replies":[{"embeddable":true,"href":"https:\/\/www.pizza-mongelli.com\/franchise\/wp-json\/wp\/v2\/comments?post=702"}],"version-history":[{"count":17,"href":"https:\/\/www.pizza-mongelli.com\/franchise\/wp-json\/wp\/v2\/pages\/702\/revisions"}],"predecessor-version":[{"id":781,"href":"https:\/\/www.pizza-mongelli.com\/franchise\/wp-json\/wp\/v2\/pages\/702\/revisions\/781"}],"up":[{"embeddable":true,"href":"https:\/\/www.pizza-mongelli.com\/franchise\/wp-json\/wp\/v2\/pages\/494"}],"wp:attachment":[{"href":"https:\/\/www.pizza-mongelli.com\/franchise\/wp-json\/wp\/v2\/media?parent=702"}],"wp:term":[{"taxonomy":"post_tag","embeddable":true,"href":"https:\/\/www.pizza-mongelli.com\/franchise\/wp-json\/wp\/v2\/tags?post=702"}],"curies":[{"name":"wp","href":"https:\/\/api.w.org\/{rel}","templated":true}]}}