{"id":505,"date":"2021-04-19T16:47:21","date_gmt":"2021-04-19T14:47:21","guid":{"rendered":"https:\/\/www.pizza-mongelli.com\/franchise\/?page_id=505"},"modified":"2024-06-25T09:22:09","modified_gmt":"2024-06-25T07:22:09","slug":"mentions-legales","status":"publish","type":"page","link":"https:\/\/www.pizza-mongelli.com\/franchise\/mentions-legales\/","title":{"rendered":"Mentions l\u00e9gales"},"content":{"rendered":"<p>[vc_row full_width=\u00a0\u00bbstretch_row\u00a0\u00bb el_class=\u00a0\u00bbintroPage\u00a0\u00bb css=\u00a0\u00bb.vc_custom_1617268370255{background-image: url(https:\/\/www.pizza-mongelli.com\/franchise\/wp-content\/uploads\/2021\/04\/471C9415.png?id=415) !important;background-position: center !important;background-repeat: no-repeat !important;background-size: cover !important;}\u00a0\u00bb][vc_column][vc_column_text]<\/p>\n<h1 style=\"text-align: center;\">Mentions l\u00e9gales<\/h1>\n<p>[\/vc_column_text][vc_empty_space][vc_column_text el_class=\u00a0\u00bbbreadcrumbs\u00a0\u00bb]<span><span><a href=\"https:\/\/www.pizza-mongelli.com\/franchise\/\">Accueil<\/a><\/span>[\/vc_column_text][\/vc_column][\/vc_row][vc_row][vc_column][vc_empty_space][vc_column_text]Merci de lire attentivement les pr\u00e9sentes modalit\u00e9s d\u2019utilisation du pr\u00e9sent site avant de le parcourir. En vous connectant sur ce site, vous acceptez sans r\u00e9serve les pr\u00e9sentes modalit\u00e9s.<\/p>\n<p>&nbsp;<\/p>\n<p><strong>Editeur du site<\/strong><br \/>\nSAS MARIA<br \/>\n3 RUE PASTEUR<br \/>\n31700 BLAGNAC<br \/>\nFrance<br \/>\nT\u00e9l. :\u00a0<a href=\"tel:+33%205%2061%2058%2026%2028\" target=\"_blank\" rel=\"noopener noreferrer\">+ 33 (0)5 61 58 26 28<\/a><\/p>\n<p>T\u00e9l. :\u00a0<a href=\"tel:+33%205%2061%2058%2026%2028\" target=\"_blank\" rel=\"noopener noreferrer\">+ 33 (0)5 61 58 26 28<\/a><\/p>\n<p><a href=\"mailto:developpement@pizza-mongelli.com\" target=\"_blank\" rel=\"noopener noreferrer\">developpement@pizza-mongelli.com<\/a><\/p>\n<p>SOCI\u00c9T\u00c9 MARIA au capital de 614.000\u20ac<br \/>\nRCS TOULOUSE 752 982 819<br \/>\nSIRET : 752 982 819 00027<br \/>\nResponsable \u00e9ditorial<br \/>\nGIUSEPPE &amp; EVA MONGELLI<br \/>\nPIZZERIA MONGELLI<br \/>\n3 Rue pasteur<br \/>\n31700 BLAGNAC<br \/>\nFrance<br \/>\nT\u00e9l. :\u00a0<a href=\"tel:+33%205%2061%2058%2026%2028\" target=\"_blank\" rel=\"noopener noreferrer\">+ 33 (0)5 61 58 26 28<\/a><br \/>\n<a href=\"mailto:developpement@pizza-mongelli.com\" target=\"_blank\" rel=\"noopener noreferrer\">developpement@pizza-mongelli.com<\/a><\/p>\n<p>&nbsp;<\/p>\n<p><strong>Conditions d\u2019utilisation<\/strong><\/p>\n<p>Le site accessible par l\u2019url suivant :\u00a0<a href=\"https:\/\/www.pizza-mongelli.com\/franchise\" target=\"_blank\" rel=\"noopener noreferrer\" data-saferedirecturl=\"https:\/\/www.google.com\/url?hl=fr&amp;q=https:\/\/www.pizza-mongelli.com\/&amp;source=gmail&amp;ust=1500392158440000&amp;usg=AFQjCNG-sX3MOEWs3DgF-2Ye3eC45GcmhQ\">https:\/\/www.pizza-mongelli.<wbr \/>com\/franchise<\/a>\u00a0est exploit\u00e9 dans le respect de la l\u00e9gislation fran\u00e7aise. L\u2019utilisation de ce site est r\u00e9gie par les pr\u00e9sentes conditions g\u00e9n\u00e9rales. En utilisant le site, vous reconnaissez avoir pris connaissance de ces conditions et les avoir accept\u00e9es.<\/p>\n<p>Celles-ci pourront \u00eatre modifi\u00e9es \u00e0 tout moment et sans pr\u00e9avis par la soci\u00e9t\u00e9\u00a0MARIA.<\/p>\n<p>MARIA\u00a0ne saurait \u00eatre tenue pour responsable en aucune mani\u00e8re d\u2019une mauvaise utilisation du service.<\/p>\n<p>&nbsp;<\/p>\n<p><strong>Limitation de responsabilit\u00e9<\/strong><\/p>\n<p>Les informations contenues sur ce site sont aussi pr\u00e9cises que possible et le site est p\u00e9riodiquement remis \u00e0 jour.<\/p>\n<p>Cependant, il peut toutefois contenir des inexactitudes, des omissions ou des lacunes. Si vous constatez une lacune, erreur ou ce qui parait \u00eatre un dysfonctionnement, merci de bien vouloir le signaler par email en d\u00e9crivant le probl\u00e8me de la mani\u00e8re la plus pr\u00e9cise possible (page posant probl\u00e8me, action d\u00e9clenchante, type d\u2019ordinateur et de navigateur utilis\u00e9, \u2026).<\/p>\n<p>Tout contenu t\u00e9l\u00e9charg\u00e9 se fait aux risques et p\u00e9rils de l\u2019utilisateur et sous sa seule responsabilit\u00e9.<\/p>\n<p>En cons\u00e9quence, soci\u00e9t\u00e9\u00a0MARIA\u00a0ne saurait \u00eatre tenue responsable d\u2019un quelconque dommage subi par l\u2019ordinateur de l\u2019utilisateur ou d\u2019une quelconque perte de donn\u00e9es cons\u00e9cutives au t\u00e9l\u00e9chargement.<\/p>\n<p>&nbsp;<\/p>\n<p>Les photos sont non contractuelles.<\/p>\n<p>Les liens hypertextes mis en place dans le cadre du pr\u00e9sent site internet en direction d\u2019autres ressources pr\u00e9sentes sur le r\u00e9seau Internet ne sauraient engager la responsabilit\u00e9 de la soci\u00e9t\u00e9\u00a0MARIA.<\/p>\n<p>&nbsp;<\/p>\n<p><strong>Litiges<\/strong><\/p>\n<p>Les pr\u00e9sentes conditions sont r\u00e9gies par les lois fran\u00e7aises et toute contestation ou litige qui pourrait na\u00eetre de l\u2019interpr\u00e9tation ou de l\u2019ex\u00e9cution de celles-ci seront de la comp\u00e9tence exclusive des tribunaux dont d\u00e9pend le si\u00e8ge social de la soci\u00e9t\u00e9\u00a0MARIA.<\/p>\n<p>La langue de r\u00e9f\u00e9rence, pour le r\u00e8glement de contentieux \u00e9ventuels, est le fran\u00e7ais.<\/p>\n<p>&nbsp;<\/p>\n<p><strong>D\u00e9claration \u00e0 la CNIL<\/strong><\/p>\n<p>Conform\u00e9ment \u00e0 la loi 78-17 du 6 janvier 1978 (modifi\u00e9e par la loi 2004-801 du 6 ao\u00fbt 2004 relative \u00e0 la protection des personnes physiques \u00e0 l\u2019\u00e9gard des traitements de donn\u00e9es \u00e0 caract\u00e8re personnel) relative \u00e0 l\u2019informatique, aux fichiers et aux libert\u00e9s, le site a fait l\u2019objet d\u2019une d\u00e9claration aupr\u00e8s de la Commission nationale de l\u2019informatique et des libert\u00e9s (<a href=\"http:\/\/www.cnil.fr\/\" target=\"_blank\" rel=\"noopener noreferrer\" data-saferedirecturl=\"https:\/\/www.google.com\/url?hl=fr&amp;q=http:\/\/www.cnil.fr&amp;source=gmail&amp;ust=1500392158441000&amp;usg=AFQjCNEss1y6BPyBuTBpwGF4WWDNlXYPtA\">www.cnil.fr<\/a>) sous le num\u00e9roxxxxx.<\/p>\n<p>&nbsp;<\/p>\n<p><strong>Droit d\u2019acc\u00e8s<\/strong><\/p>\n<p>En application de cette loi, les internautes disposent d\u2019un droit d\u2019acc\u00e8s, de rectification, de modification et de suppression concernant les donn\u00e9es qui les concernent personnellement. Ce droit peut \u00eatre exerc\u00e9 par voie postale aupr\u00e8s de\u00a0MARIA SAS,\u00a07 BOULEVARD FIRMIN PONS 31700 BLAGNAC\u00a0\u00a0France ou par voie \u00e9lectronique \u00e0 l\u2019adresse email suivante :\u00a0<a href=\"mailto:Pizzeriamongelli@orange.fr\" target=\"_blank\" rel=\"noopener noreferrer\">Pizzeriamongelli@orange.fr<\/a><\/p>\n<p>&nbsp;<\/p>\n<p>Les informations personnelles collect\u00e9es ne sont en aucun cas confi\u00e9es \u00e0 des tiers hormis pour l\u2019\u00e9ventuelle bonne ex\u00e9cution de la prestation command\u00e9e par l\u2019internaute.<\/p>\n<p>&nbsp;<\/p>\n<p><strong>Confidentialit\u00e9<\/strong><\/p>\n<p>Vos donn\u00e9es personnelles sont confidentielles et ne seront en aucun cas communiqu\u00e9es \u00e0 des tiers hormis pour la bonne ex\u00e9cution de la prestation.<\/p>\n<p>&nbsp;<\/p>\n<p><strong>Propri\u00e9t\u00e9 intellectuelle<\/strong><\/p>\n<p>Tout le contenu du pr\u00e9sent site, incluant, de fa\u00e7on non limitative, les graphismes, images, textes, vid\u00e9os, animations, sons, logos, gifs et ic\u00f4nes ainsi que leur mise en forme sont la propri\u00e9t\u00e9 exclusive de la soci\u00e9t\u00e9\u00a0MARIA\u00a0\u00e0 l\u2019exception des marques, logos ou contenus appartenant \u00e0 d\u2019autres soci\u00e9t\u00e9s partenaires ou auteurs.<\/p>\n<p>&nbsp;<\/p>\n<p>Toute reproduction, distribution, modification, adaptation, retransmission ou publication, m\u00eame partielle, de ces diff\u00e9rents \u00e9l\u00e9ments est strictement interdite sans l\u2019accord expr\u00e8s de la soci\u00e9t\u00e9\u00a0MARIA.<\/p>\n<p>&nbsp;<\/p>\n<p>Cette repr\u00e9sentation ou reproduction, par quelque proc\u00e9d\u00e9 que ce soit, constitue une contrefa\u00e7on sanctionn\u00e9e par les articles L.3335-2 et suivants du Code de la propri\u00e9t\u00e9 intellectuelle. Le non-respect de cette interdiction constitue une contrefa\u00e7on pouvant engager la responsabilit\u00e9 civile et p\u00e9nale du contrefacteur. En outre, les propri\u00e9taires des contenus copi\u00e9s pourraient intenter une action en justice \u00e0 l\u2019encontre de l\u2019utilisateur.<\/p>\n<p>&nbsp;<\/p>\n<p>La soci\u00e9t\u00e9\u00a0MARIA\u00a0est identiquement propri\u00e9taire des \u201cdroits des producteurs de bases de donn\u00e9es\u201d vis\u00e9s au Livre III, Titre IV, du Code de la Propri\u00e9t\u00e9 Intellectuelle (loi n\u00b0 98-536 du 1er juillet 1998) relative aux droits d\u2019auteur et aux bases de donn\u00e9es.<\/p>\n<p>&nbsp;<\/p>\n<p>Les utilisateurs et visiteurs du site internet peuvent mettre en place un hyperlien en direction de ce site, mais uniquement en direction de la page d\u2019accueil, accessible \u00e0 l\u2019URL suivante :\u00a0<a href=\"https:\/\/www.pizza-mongelli.com\/\" target=\"_blank\" rel=\"noopener noreferrer\" data-saferedirecturl=\"https:\/\/www.google.com\/url?hl=fr&amp;q=https:\/\/www.pizza-mongelli.com\/&amp;source=gmail&amp;ust=1500392158441000&amp;usg=AFQjCNGPFo99hZfCsrsxXMt7kyxthgfEuw\">https:\/\/www.pizza-mongelli.<wbr \/>com\/<\/a>\u00a0\u00a0\u00e0 condition que ce lien s\u2019ouvre dans une nouvelle fen\u00eatre. En particulier un lien vers une sous page (\u00ab lien profond \u00bb) est interdit, ainsi que l\u2019ouverture du pr\u00e9sent site au sein d\u2019un cadre (\u00ab framing \u00bb), sauf l\u2019autorisation expresse et pr\u00e9alable de la soci\u00e9t\u00e9\u00a0MARIA.<\/p>\n<p>&nbsp;<\/p>\n<p>Pour toute demande d\u2019autorisation ou d\u2019information, veuillez nous contacter par email :\u00a0<a href=\"mailto:pizzeriamongelli@orange.fr\" target=\"_blank\" rel=\"noopener noreferrer\">pizzeriamongelli@orange.fr<\/a>\u00a0D<wbr \/>es conditions sp\u00e9cifiques sont pr\u00e9vues pour la presse.<\/p>\n<p>&nbsp;<\/p>\n<p><strong>H\u00e9bergeur<\/strong><\/p>\n<p>&nbsp;<\/p>\n<p>OVH<br \/>\n2 Rue Kellermann<br \/>\n59100 \u2013 ROUBAIX (France)<br \/>\nSAS au capital de 10 000 000 \u20ac<br \/>\nRCS Roubaix \u2013 Tourcoing 424 761 419 00045<br \/>\nCode APE 6202A<br \/>\nN\u00b0 TVA : FR 22 424 761 419[\/vc_column_text][vc_empty_space][\/vc_column][\/vc_row]<\/p>\n","protected":false},"excerpt":{"rendered":"<p>[vc_row full_width=\u00a0\u00bbstretch_row\u00a0\u00bb el_class=\u00a0\u00bbintroPage\u00a0\u00bb css=\u00a0\u00bb.vc_custom_1617268370255{background-image: url(https:\/\/www.pizza-mongelli.com\/franchise\/wp-content\/uploads\/2021\/04\/471C9415.png?id=415) !important;background-position: center !important;background-repeat: no-repeat !important;background-size: cover !important;}\u00a0\u00bb][vc_column][vc_column_text] Mentions l\u00e9gales [\/vc_column_text][vc_empty_space][vc_column_text el_class=\u00a0\u00bbbreadcrumbs\u00a0\u00bb][\/vc_column_text][\/vc_column][\/vc_row][vc_row][vc_column][vc_empty_space][vc_column_text]Merci de lire attentivement les&#8230;<\/p>\n","protected":false},"author":2,"featured_media":0,"parent":0,"menu_order":0,"comment_status":"closed","ping_status":"closed","template":"","meta":{"_monsterinsights_skip_tracking":false,"_monsterinsights_sitenote_active":false,"_monsterinsights_sitenote_note":"","_monsterinsights_sitenote_category":0,"footnotes":""},"tags":[],"class_list":["post-505","page","type-page","status-publish","hentry"],"yoast_head":"<!-- This site is optimized with the Yoast SEO plugin v16.4 - https:\/\/yoast.com\/wordpress\/plugins\/seo\/ -->\n<title>Mentions l\u00e9gales - Pizza Mongelli<\/title>\n<meta name=\"robots\" content=\"index, follow, max-snippet:-1, max-image-preview:large, max-video-preview:-1\" \/>\n<link rel=\"canonical\" href=\"https:\/\/www.pizza-mongelli.com\/franchise\/mentions-legales\/\" \/>\n<meta property=\"og:locale\" content=\"fr_FR\" \/>\n<meta property=\"og:type\" content=\"article\" \/>\n<meta property=\"og:title\" content=\"Mentions l\u00e9gales - Pizza Mongelli\" \/>\n<meta property=\"og:description\" content=\"[vc_row full_width=\u00a0\u00bbstretch_row\u00a0\u00bb el_class=\u00a0\u00bbintroPage\u00a0\u00bb css=\u00a0\u00bb.vc_custom_1617268370255{background-image: url(https:\/\/www.pizza-mongelli.com\/franchise\/wp-content\/uploads\/2021\/04\/471C9415.png?id=415) !important;background-position: center !important;background-repeat: no-repeat !important;background-size: cover !important;}\u00a0\u00bb][vc_column][vc_column_text] Mentions l\u00e9gales [\/vc_column_text][vc_empty_space][vc_column_text el_class=\u00a0\u00bbbreadcrumbs\u00a0\u00bb][\/vc_column_text][\/vc_column][\/vc_row][vc_row][vc_column][vc_empty_space][vc_column_text]Merci de lire attentivement les...\" \/>\n<meta property=\"og:url\" content=\"https:\/\/www.pizza-mongelli.com\/franchise\/mentions-legales\/\" \/>\n<meta property=\"og:site_name\" content=\"Pizza Mongelli\" \/>\n<meta property=\"article:modified_time\" content=\"2024-06-25T07:22:09+00:00\" \/>\n<meta name=\"twitter:card\" content=\"summary_large_image\" \/>\n<meta name=\"twitter:label1\" content=\"Dur\u00e9e de lecture est.\" \/>\n\t<meta name=\"twitter:data1\" content=\"4 minutes\" \/>\n<script type=\"application\/ld+json\" class=\"yoast-schema-graph\">{\"@context\":\"https:\/\/schema.org\",\"@graph\":[{\"@type\":\"WebSite\",\"@id\":\"https:\/\/www.pizza-mongelli.com\/franchise\/#website\",\"url\":\"https:\/\/www.pizza-mongelli.com\/franchise\/\",\"name\":\"Pizza Mongelli\",\"description\":\"\",\"potentialAction\":[{\"@type\":\"SearchAction\",\"target\":\"https:\/\/www.pizza-mongelli.com\/franchise\/?s={search_term_string}\",\"query-input\":\"required name=search_term_string\"}],\"inLanguage\":\"fr-FR\"},{\"@type\":\"WebPage\",\"@id\":\"https:\/\/www.pizza-mongelli.com\/franchise\/mentions-legales\/#webpage\",\"url\":\"https:\/\/www.pizza-mongelli.com\/franchise\/mentions-legales\/\",\"name\":\"Mentions l\\u00e9gales - Pizza Mongelli\",\"isPartOf\":{\"@id\":\"https:\/\/www.pizza-mongelli.com\/franchise\/#website\"},\"datePublished\":\"2021-04-19T14:47:21+00:00\",\"dateModified\":\"2024-06-25T07:22:09+00:00\",\"breadcrumb\":{\"@id\":\"https:\/\/www.pizza-mongelli.com\/franchise\/mentions-legales\/#breadcrumb\"},\"inLanguage\":\"fr-FR\",\"potentialAction\":[{\"@type\":\"ReadAction\",\"target\":[\"https:\/\/www.pizza-mongelli.com\/franchise\/mentions-legales\/\"]}]},{\"@type\":\"BreadcrumbList\",\"@id\":\"https:\/\/www.pizza-mongelli.com\/franchise\/mentions-legales\/#breadcrumb\",\"itemListElement\":[{\"@type\":\"ListItem\",\"position\":1,\"item\":{\"@type\":\"WebPage\",\"@id\":\"https:\/\/www.pizza-mongelli.com\/franchise\/\",\"url\":\"https:\/\/www.pizza-mongelli.com\/franchise\/\",\"name\":\"Accueil\"}},{\"@type\":\"ListItem\",\"position\":2,\"item\":{\"@id\":\"https:\/\/www.pizza-mongelli.com\/franchise\/mentions-legales\/#webpage\"}}]}]}<\/script>\n<!-- \/ Yoast SEO plugin. -->","_links":{"self":[{"href":"https:\/\/www.pizza-mongelli.com\/franchise\/wp-json\/wp\/v2\/pages\/505","targetHints":{"allow":["GET"]}}],"collection":[{"href":"https:\/\/www.pizza-mongelli.com\/franchise\/wp-json\/wp\/v2\/pages"}],"about":[{"href":"https:\/\/www.pizza-mongelli.com\/franchise\/wp-json\/wp\/v2\/types\/page"}],"author":[{"embeddable":true,"href":"https:\/\/www.pizza-mongelli.com\/franchise\/wp-json\/wp\/v2\/users\/2"}],"replies":[{"embeddable":true,"href":"https:\/\/www.pizza-mongelli.com\/franchise\/wp-json\/wp\/v2\/comments?post=505"}],"version-history":[{"count":6,"href":"https:\/\/www.pizza-mongelli.com\/franchise\/wp-json\/wp\/v2\/pages\/505\/revisions"}],"predecessor-version":[{"id":991,"href":"https:\/\/www.pizza-mongelli.com\/franchise\/wp-json\/wp\/v2\/pages\/505\/revisions\/991"}],"wp:attachment":[{"href":"https:\/\/www.pizza-mongelli.com\/franchise\/wp-json\/wp\/v2\/media?parent=505"}],"wp:term":[{"taxonomy":"post_tag","embeddable":true,"href":"https:\/\/www.pizza-mongelli.com\/franchise\/wp-json\/wp\/v2\/tags?post=505"}],"curies":[{"name":"wp","href":"https:\/\/api.w.org\/{rel}","templated":true}]}}